{"id":907,"date":"2018-10-21T17:11:52","date_gmt":"2018-10-21T17:11:52","guid":{"rendered":"https:\/\/ora.si\/?page_id=907"},"modified":"2022-09-21T09:07:36","modified_gmt":"2022-09-21T09:07:36","slug":"izvedeni-projekti","status":"publish","type":"page","link":"https:\/\/www.ora.si\/index.php\/izvedeni-projekti\/","title":{"rendered":"Izvedeni projekti"},"content":{"rendered":"\n<p>Obmo\u010dna razvojna agencija Krasa in Brkinov d.o.o. je nastopala v slede\u010dih projektih:<\/p>\n<ol>\n<li>Iz Evropskega kmetijskega sklada za razvoj pode\u017eelja v obdobju 2014 &#8211; 2020:<\/li>\n<\/ol>\n<p><a href=\"https:\/\/www.ora.si\/wp-content\/uploads\/2022\/01\/Opis_UREDITEV-MEDGENERACIJSKEGA-PARKA-V-SVETEM.pdf\"><strong>UREDITEV MEDGENERACIJSKEGA PARKA V SVETEM (MEDGENERACIJSKI PARK SVETO) <\/strong><\/a>&#8211; 15. 2. 2021 do 15. 7. 2022<\/p>\n<p><strong><a href=\"https:\/\/www.ora.si\/wp-content\/uploads\/2022\/09\/S-POVEZOVANJEM-IZOBRAZEVANJ-DO-DVIGA-KAKOVOSTI-PRIDELKOV-IN-KREPITVE-TRAJNOSTNEGA-PODJETNISTVA-NA-PODEZELJU_splet.pdf\">S POVEZOVANJEM IZOBRA\u017dEVANJ DO DVIGA KAKOVOSTI PRIDELKOV IN KREPITVE TRAJNOSTNEGA PODJETNI\u0160TVA NA PODE\u017dELJU (KAKOVOST &amp; PODJETNI\u0160TVO)<\/a> &#8211; <\/strong>junij 2018 &#8211; julij 2021\u00a0<\/p>\n<p><a href=\"https:\/\/www.ora.si\/wp-content\/uploads\/2022\/09\/PRIBLIZAJMO-UNESCOVA-BIOSFERNA-OBMOCJA-PREBIVALCEM_splet.pdf\"><strong>PRIBLI\u017dAJMO UNESCOVA BIOSFERNA OBMO\u010cJA PREBIVALCEM (MaB) <\/strong><\/a>&#8211; 1. 10. 2018 do 30. 9. 2020<\/p>\n<p>\u00a0<\/p>\n<p><span style=\"font-size: 13.5pt; font-family: 'Open Sans', sans-serif; color: #000000;\">\u00a0 \u00a02. Program \u010dezmejnega sodelovanja Slovenija-Italija 2007-2013 iz sredstev Evropskega sklada za regionalni razvoj in nacionalnih sredstev:<\/span><\/p>\n<p><strong>ICON<\/strong><\/p>\n<div id=\"block-69737f5b-f368-484c-a038-bbd9b65e7ed6\" class=\"block-editor-block-list__block wp-block is-multi-selected\" tabindex=\"0\" role=\"document\" aria-label=\"Block: Classic Paragraph\" data-block=\"69737f5b-f368-484c-a038-bbd9b65e7ed6\" data-type=\"tadv\/classic-paragraph\" data-title=\"Classic Paragraph\">\n<div id=\"block-69737f5b-f368-484c-a038-bbd9b65e7ed6\" class=\"block-editor-block-list__block wp-block is-multi-selected\" tabindex=\"0\" role=\"document\" aria-label=\"Block: Classic Paragraph\" data-block=\"69737f5b-f368-484c-a038-bbd9b65e7ed6\" data-type=\"tadv\/classic-paragraph\" data-title=\"Classic Paragraph\">\n<div id=\"editor-69737f5b-f368-484c-a038-bbd9b65e7ed6\" class=\"wp-block-freeform block-library-rich-text__tinymce tma-classic-paragraph mce-content-body html5-captions\" style=\"position: relative;\" contenteditable=\"true\">\u00a0<\/div>\n<\/div>\n<\/div>\n<p>Cilj projekta je pove\u010danje konkuren\u010dnosti malih in srednje velikih podjetij na \u010dezmejnem obmo\u010dju Italije in Slovenije, kar bodo dosegli preko mre\u017eenja MSP s pomo\u010djo izmenjave znanja, prenosom tehnologij, z inovativnimi pristopi in internacionalizacijo.<\/p>\n<p>Projekt iCON je namenjen malim in srednje velikim podjetjem na \u010dezmejnem obmo\u010dju, ki so zainteresirana za sodelovanje z drugimi podjetji na obmo\u010dju izvajanja programa (na italijanski strani so to podjetja iz pokrajin Videm, Gorica, Trst, Benetke, Padova, Rovigo, Ferrara in Ravenna ter Pordenone in Treviso, na slovenski strani pa podjetja iz Gorenjske, Gori\u0161ke, Obalno-kra\u0161ke, Osrednjeslovenske in Notranjsko-kra\u0161ke regije). Uspeh projekta zagotavlja obse\u017eno projektno partnerstvo, ki vklju\u010duje vse najpomembnej\u0161e institucije in zdru\u017eenja podjetnikov iz obeh strani me je.<\/p>\n<p>V pobude projekta, ki bo trajal \u0161e dve leti, bodo neposredno vklju\u010deni zaposleni v gospodarskem sektorju na \u010dezmejnem obmo\u010dju. Posamezne aktivnosti bodo nastale na osnovi podrobne prou\u010ditve potreb in problemov, s katerimi se sre\u010dujejo podjetja.<\/p>\n<p>Dodatne informacije: Vsi, ki si \u017eelite nadaljnjih informacij ste vabljeni, da izpolnite prilo\u017eeni obrazec in ga po\u0161ljete na Obmo\u010dno razvojno agencijo Krasa in Brkinov. Obrazec lahko po\u0161ljete po faksu: (05) 73 00 258 ali po e-po\u0161ti:\u00a0<a href=\"mailto:info@ora.si\">info@ora.si<\/a>. Kontaktirali vas bomo in obve\u0161\u010dal o poteku aktivnosti. Za dodatne informacije smo na voljo tudi na telefon: (05) 73 44 362.<\/p>\n<p>Vabijo vas, da obi\u0161\u010dete tudi spletno stran projekta:\u00a0<a href=\"http:\/\/www.icon-project.eu\/\" target=\"_blank\" rel=\"noopener noreferrer\">www.icon-project.eu<\/a>, kjer so razvidne vse na\u010drtovane aktivnosti.<\/p>\n<p>Elektronski dokumenti:<\/p>\n<p><a href=\"https:\/\/www.ora.si\/wp-content\/uploads\/2019\/11\/ponudba.pdf\">Ponudba<\/a><\/p>\n<p><a href=\"https:\/\/www.ora.si\/wp-content\/uploads\/2019\/11\/Povabilo_k_oddaji_ponudbe.pdf\">Povabilo k oddaji ponudbe<\/a><\/p>\n<p><strong>CARSO \u2013 KRAS<\/strong><\/p>\n<p align=\"left\"><strong><img decoding=\"async\" src=\"https:\/\/www.ora.si\/wp-content\/uploads\/2016\/09\/logo_C01b-150x300.jpg\" alt=\"logo_C01b\" \/><\/strong><\/p>\n<p align=\"justify\">\u00bbStrate\u0161ki projekt za trajnostno upravljanje naravnih virov in teritorialno kohezijo\u00ab<\/p>\n<p align=\"justify\">Celotni stro\u0161ki projekta, ki bo predvidoma trajal 40 mesecev, zna\u0161ajo dobre tri milijone evrov.<br \/>Vodilni partner je ob\u010dina Se\u017eana, v projektu pa sodeluje \u0161e 16 ostalih partnerjev, predvsem ob\u010din z obeh strani dr\u017eavne meje.<\/p>\n<p align=\"justify\">Cilj projekta so dejavnosti, ki bodo zagotavljale trajnostno upravljanje naravnih virov in teritorialno kohezijo s skupnimi strategijami na \u010dezmejni ravni. Izdelani bodo prakti\u010dni dokumenti \u2013 smernice za lokalne samouprave za sprejem enotnih meril za planiranje prostorskega razvoja in upravljanje naravnih in okoljskih virov.<\/p>\n<p align=\"justify\">Predvidenih je ve\u010d konkretnih posegov, ki bodo izbolj\u0161ali privla\u010dnost teritorija in ustanovitev ve\u010d stalnih mre\u017e sodelovanja: mre\u017ea informativnih centrov in \u017eivega muzeja Krasa ter mre\u017ea poti in itinerarjev. Predvidena je tudi ustanovitev stalne strukture za prihodnje sodelovanje med lokalnimi subjekti za upravljanje teritorija ki bo lahko institucionizirana v obliki evropskega zdru\u017eenja teritorialnega sodelovanja ali kot oblika stalnega omizja za skupni in \u010dezmejni razvoj Krasa.<\/p>\n<p align=\"justify\">Splo\u0161ni cilj projekta je spodbujanje dru\u017ebenoekonomskega razvoja Krasa s pove\u010danjem vrednosti klju\u010dnih elementov prostora in s sprejetjem trajnostne strategije. Poseben motiv za ta projekt pa predstavlja potreba po ovrednotenju obmo\u010dja Natura 2000, ki pokriva ve\u010dji del obmo\u010dja tega projekta.<\/p>\n<p align=\"justify\"><strong>3. Program Srednja Evropa \u2013 Central Europe:<\/strong><\/p>\n<p align=\"justify\"><img decoding=\"async\" src=\"https:\/\/www.ora.si\/wp-content\/uploads\/2016\/09\/logos_CEEUerdf_forweb_01aa.jpg\" alt=\"logos_CEEUerdf_forweb_01aa\" \/><\/p>\n<p align=\"justify\"><strong>URBAN SPACES<\/strong><\/p>\n<p align=\"justify\"><img decoding=\"async\" src=\"https:\/\/www.ora.si\/wp-content\/uploads\/2016\/09\/logo_UrbSpaces.jpg\" alt=\"logo_UrbSpaces\" \/><\/p>\n<p align=\"justify\"><strong>Urban spaces \u2013 enhancing the attractiveness and quality of the urban environment<\/strong><\/p>\n<p align=\"justify\">Kot eden od 13 partnerjev, nastopamo tudi v projektu Urban spaces \u2013 enhancing the attractiveness and quality of the urban environment, ki spada v program Srednja Evropa \u2013 Central Europe.<br \/>75 % prebivalstva Srednje Evrope \u017eivi v urbanih obmo\u010djih. Mesta so motorji razvoja, ki nudijo \u0161iroko paleto storitev in ekonomskih ter kulturnih prilo\u017enosti, vendar pa koncentracija prebivalstva v mestih prina\u0161a tudi \u0161tevilne probleme. \u0160irjenje urbanizacije odpravlja jasne meje med naselji in okoli\u0161ko pokrajino, ter predstavlja velik pritisk na naravne vire in krajino.<\/p>\n<p align=\"justify\">Odprte zelene povr\u0161ine imajo torej pomembno vlogo, saj imajo neposreden vpliv na to, kako lokalno prebivalstvo in obiskovalci zaznavajo urbana obmo\u010dja, kako kvalitetno je dru\u017eabno \u017eivljenje in delovanje skupnosti na sploh, kakor tudi na gospodarsko blaginjo. Okoljski pomen zelenih povr\u0161in pa se odra\u017ea v bla\u017eitvi negativnih u\u010dinkov podnebnih sprememb, ki bodo s\u010dasoma \u0161e izrazitej\u0161e, posebej v mestih.<\/p>\n<p align=\"justify\">Projekt bo spodbudil zgodnje aktivno vklju\u010devanje zainteresirane javnosti \u2013 lokalnih oblasti, strokovnjakov urbanisti\u010dnega na\u010drtovanja, predstavnikov javnih podjetij in ostalih akterjev v postopek oblikovanja in revitalizacije mestnih odprtih prostorov, pomembnih za javno \u017eivljenje. Projekt Urban space bo prispeval tudi k prepre\u010devanju socio-patogenih pojavov in kriminalitete v urbanih odprtih prostorih.<\/p>\n<p align=\"justify\">Preko projekta bodo izvedene razli\u010dne analize zelenih povr\u0161in v sodelujo\u010dih dr\u017eavah, razvite bodo skupne strategije in orodja za urejanje odprtih prostorov, izvedeni bodo pilotni projekti in ozave\u0161\u010devalne delavnice za lokalno prebivalstvo.<\/p>\n<p>Oglejte si pomembne informacije o Projektu UrbSpace:<\/p>\n<p><a href=\"https:\/\/www.ora.si\/wp-content\/uploads\/2016\/09\/Portfolio_Project_UrbanSpaces.pdf\" target=\"_blank\" rel=\"noopener noreferrer\">Portfolio Project UrbanSpaces<\/a><\/p>\n<p><a href=\"https:\/\/www.ora.si\/wp-content\/uploads\/2016\/09\/letak_UrbSpaces.pdf\" target=\"_blank\" rel=\"noopener noreferrer\">Letak UrbanSpaces<\/a><\/p>\n<p><a href=\"https:\/\/www.ora.si\/wp-content\/uploads\/2016\/09\/urbspace_newsletter01_december09.pdf\" target=\"_blank\" rel=\"noopener noreferrer\">UrbanSpaces Newsletter N. 1 december 2009<\/a><\/p>\n<p><a href=\"https:\/\/www.ora.si\/wp-content\/uploads\/2016\/09\/NewsletterNr.2.pdf\" target=\"_blank\" rel=\"noopener noreferrer\">UrbanSpaces Newsletter N. 2 april\/maj 2010<\/a><\/p>\n<p><a href=\"https:\/\/www.ora.si\/wp-content\/uploads\/2016\/09\/Metodoloski_nacrt.pdf\" target=\"_blank\" rel=\"noopener noreferrer\">Metodolo\u0161ki na\u010drt<\/a><\/p>\n<p><a href=\"https:\/\/www.ora.si\/wp-content\/uploads\/2016\/09\/final_UrbSpace_Newsletter.pdf\" target=\"_blank\" rel=\"noopener noreferrer\">Final UrbanSpaces Newsletter<\/a><\/p>\n<p align=\"left\">\u00a0<\/p>\n<p align=\"left\"><strong>4. Projekt \u00bbEvropska mre\u017ea mentorjev \u017eensk podjetnic\u00ab<\/strong><\/p>\n<p align=\"left\"><img decoding=\"async\" src=\"https:\/\/www.ora.si\/wp-content\/uploads\/2016\/09\/logo_word_sml1-300x103.jpg\" alt=\"logo_word_sml1\" \/><\/p>\n<p>Projekt se uradno imenuje \u00bbEvropska mre\u017ea mentorjev \u017eensk podjetnic\u00ab (European Network of Mentors for Women Entrepreneurs), ki ga v Sloveniji vodi Ekonomski institut Maribor, v partnerstvu s petimi razvojnimi institucijami iz vse Slovenije (RRA Mura, RA Savinja, BSC Kranj, ORA Krasa in Brkinov, Poso\u0161ki RC). Gre torej za projekt nacionalnega pomena, ki se je pri\u010del v septembru 2011 in bo trajal 2 leti, sofinancira pa ga Evropska Unija oz. njen direktorat Podjetni\u0161tvo in industrija.<\/p>\n<p>Projekt je usmerjen v pospe\u0161evanje in podporo \u017eenskemu podjetni\u0161tvu preko \u0161tirih skupin aktivnosti:<\/p>\n<p>\u2013 izbor mentorjev \u017eensk podjetnic (ki so lahko tako uspe\u0161ni podjetniki, kot uspe\u0161ne podjetnice)<br \/>\u2013 izbor mentorirank (\u017eensk podjetnic za\u010detnic, ki imajo podjetje ve\u010d kot 1 leto in, ki \u017eelijo dalje razvijati svoje podjetje in svoj posel)<br \/>\u2013 vzpostavljanje mre\u017ee oz. sodelovanja med mentorji in mentorirankami<br \/>\u2013 vzpostavljanje mednarodnih povezav med mentorji in mentorirankami v drugih evropskih nacionalnih mre\u017eah (ki so prav tako vklju\u010dene v projekt na evropski ravni)<\/p>\n<p>Evropska komisija je na nivoju Evropske unije potrdila nacionalna partnerstva oz. nacionalne mre\u017ee enakih projektov v 16 dr\u017eavah Evrope (poleg Slovenije so vklju\u010dene \u0161e Irska, Velika Britanija, Italija, Srbija, Hrva\u0161ka, Nizozemska, Tur\u010dija, Belgija, \u0160panija, Mad\u017earska, Ciper, Gr\u010dija, Makedonija, Romunija, Slova\u0161ka). Tako bodo imeli udele\u017eenci projekta (projektni partnerji, mentorji, mentoriranke) mo\u017enost vzpostavljanja novih poslovnih stikov, pa tudi mo\u017enost izmenjave izku\u0161enj in dobrih poslovnih praks. Postavljeni bodo temelji za poslovno sodelovanje, predvsem pa medsebojna podpora oz. spodbuda nadaljnjo za rast in razvoj ter vztrajanje pri svoji poslovni odlo\u010ditvi.<\/p>\n<p>Vabimo vse zainteresirane, ki bi se \u017eeleli vklju\u010diti v projekt kot mentorji ali kot mentoriranke, da se oglasijo na e-mail:\u00a0<a name=\"scrambled_mail_href\"><\/a><a href=\"mailto:info@ora.si\"><strong>info@ora.si<\/strong><\/a>\u00a0ali po telefonu:\u00a0<strong>(05) 73 44 362.<\/strong><\/p>\n<p><strong>Kdo je lahko mentor\/mentorica in kdo mentoriranka?<\/strong><\/p>\n<p>MENTOR:<br \/>\u2013 lahko podjetnik\/podjetnica<br \/>\u2013 imajo podjetje vsaj 5 let<br \/>\u2013 delajo ali so aktivni na podro\u010dju \u017eenskega podjetni\u0161tva<br \/>\u2013 \u017eelijo (prostovoljno in zastonj) deliti izku\u0161nje<br \/>\u2013 vsak mentor mora imeti vsaj 2 mentoriranca<br \/>\u2013 delajo prostovoljno<\/p>\n<p>MENTORIRANKA:<br \/>\u2013 samo podjetnica<br \/>\u2013 imeti podjetje vsaj 1 leto in ne ve\u010d kot 4 leta<br \/>\u2013 imeti vsaj 1 zaposlenega<br \/>\u2013 biti v fazi razvoja posla oz. razvoja podjetja<br \/>\u2013 i\u0161\u010de zunanjo pomo\u010d in podporo<\/p>\n","protected":false},"excerpt":{"rendered":"<p>Obmo\u010dna razvojna agencija Krasa in Brkinov d.o.o. je nastopala v slede\u010dih projektih: Iz Evropskega kmetijskega sklada za razvoj pode\u017eelja v obdobju 2014 &#8211; 2020: UREDITEV MEDGENERACIJSKEGA PARKA V SVETEM (MEDGENERACIJSKI PARK SVETO) &#8211; 15. 2. 2021 do 15. 7. 2022 S POVEZOVANJEM IZOBRA\u017dEVANJ DO DVIGA KAKOVOSTI PRIDELKOV IN KREPITVE TRAJNOSTNEGA PODJETNI\u0160TVA NA PODE\u017dELJU (KAKOVOST &amp; [&hellip;]<\/p>\n","protected":false},"author":2,"featured_media":0,"parent":0,"menu_order":0,"comment_status":"closed","ping_status":"closed","template":"","meta":{"_genesis_hide_title":false,"_genesis_hide_breadcrumbs":false,"_genesis_hide_singular_image":false,"_genesis_hide_footer_widgets":false,"_genesis_custom_body_class":"","_genesis_custom_post_class":"","_genesis_layout":"","footnotes":""},"class_list":{"0":"post-907","1":"page","2":"type-page","3":"status-publish","5":"entry"},"_links":{"self":[{"href":"https:\/\/www.ora.si\/index.php\/wp-json\/wp\/v2\/pages\/907","targetHints":{"allow":["GET"]}}],"collection":[{"href":"https:\/\/www.ora.si\/index.php\/wp-json\/wp\/v2\/pages"}],"about":[{"href":"https:\/\/www.ora.si\/index.php\/wp-json\/wp\/v2\/types\/page"}],"author":[{"embeddable":true,"href":"https:\/\/www.ora.si\/index.php\/wp-json\/wp\/v2\/users\/2"}],"replies":[{"embeddable":true,"href":"https:\/\/www.ora.si\/index.php\/wp-json\/wp\/v2\/comments?post=907"}],"version-history":[{"count":9,"href":"https:\/\/www.ora.si\/index.php\/wp-json\/wp\/v2\/pages\/907\/revisions"}],"predecessor-version":[{"id":3412,"href":"https:\/\/www.ora.si\/index.php\/wp-json\/wp\/v2\/pages\/907\/revisions\/3412"}],"wp:attachment":[{"href":"https:\/\/www.ora.si\/index.php\/wp-json\/wp\/v2\/media?parent=907"}],"curies":[{"name":"wp","href":"https:\/\/api.w.org\/{rel}","templated":true}]}}