{"id":894,"date":"2018-10-21T10:51:52","date_gmt":"2018-10-21T10:51:52","guid":{"rendered":"https:\/\/ora.si\/?page_id=894"},"modified":"2020-11-16T13:23:52","modified_gmt":"2020-11-16T13:23:52","slug":"odprti-javni-pozivi","status":"publish","type":"page","link":"https:\/\/www.ora.si\/index.php\/odprti-javni-pozivi\/","title":{"rendered":"Odprti javni pozivi"},"content":{"rendered":"\n<div class=\"interface-interface-skeleton__header\" tabindex=\"-1\" role=\"region\" aria-label=\"Editor top bar\">\n<div class=\"edit-post-header\">\n<div class=\"edit-post-header__settings\"><button class=\"components-button editor-post-switch-to-draft is-tertiary\" type=\"button\">Switch to draft<\/button>\n<div class=\"components-dropdown block-editor-post-preview__dropdown\"><button class=\"components-button block-editor-post-preview__button-toggle is-tertiary\" type=\"button\" aria-expanded=\"false\">Preview<\/button><\/div>\n<button class=\"components-button editor-post-publish-button editor-post-publish-button__button is-primary\" type=\"button\" aria-disabled=\"false\">Update<\/button><\/div>\n<\/div>\n<\/div>\n<div class=\"interface-interface-skeleton__body\">\n<div class=\"interface-interface-skeleton__content\" tabindex=\"-1\" role=\"region\" aria-label=\"Editor content\">\n<div class=\"edit-post-visual-editor editor-styles-wrapper\" tabindex=\"-1\">\n<div class=\"block-editor__typewriter\">\n<div class=\"block-editor-writing-flow\">\n<div>\n<div>\n<div>\n<div class=\"block-editor-block-list__layout is-root-container\">\n<h1 class=\"entry-title\">4. JAVNI POZIV LAS KRASA IN BRKINOV ZA IZBOR OPERACIJ V LETU 2020<\/h1>\n<p>Lokalna akcijska skupina (LAS) Krasa in Brkinov je v <strong>petek, 2. 10. 2020<\/strong>, objavila <strong>\u010detrti javni poziv <\/strong>za izbor operacij za uresni\u010devanje ciljev Strategije lokalnega razvoja na obmo\u010dju ob\u010din Diva\u010da, Hrpelje-Kozina, Komen in Se\u017eana v letu 2020, ki se bodo financirale iz sredstev <strong>Evropskega sklada za regionalni razvoj (ESRR)<\/strong>.<\/p>\n<p id=\"block-dd38b0a3-852e-42c0-bbf4-93b78428f349\" class=\"block-editor-block-list__block wp-block rich-text block-editor-rich-text__editable wp-block\" tabindex=\"0\" role=\"textbox\" contenteditable=\"true\" aria-label=\"Paragraph block\" aria-multiline=\"true\" data-block=\"dd38b0a3-852e-42c0-bbf4-93b78428f349\" data-type=\"core\/paragraph\" data-title=\"Paragraph\">Javni poziv bo odprt do <strong>petka, 18. 12. 2020<\/strong>, v primeru po\u0161iljanja po po\u0161ti (priporo\u010dena po\u0161iljka) oziroma do <strong>18. 12. 2020 do 12. ure<\/strong>, v primeru osebne oddaje vloge v pisarno Vodilnega partnerja (Obmo\u010dna razvojna agencija Krasa in Brkinov d.o.o.).<\/p>\n<p id=\"block-62753ed8-ba87-4781-afe1-7eb09d9a9217\" class=\"block-editor-block-list__block wp-block rich-text block-editor-rich-text__editable wp-block\" tabindex=\"0\" role=\"textbox\" contenteditable=\"true\" aria-label=\"Paragraph block\" aria-multiline=\"true\" data-block=\"62753ed8-ba87-4781-afe1-7eb09d9a9217\" data-type=\"core\/paragraph\" data-title=\"Paragraph\"><strong>Namen javnega poziva<\/strong>\u00a0je izbor operacij, katerih rezultati prispevajo k uresni\u010devanju Strategije lokalnega razvoja (SLR) na obmo\u010dju ob\u010din Diva\u010da, Hrpelje-Kozina, Komen in Se\u017eana (obmo\u010dje LAS) v letu 2020 in sofinanciranje njihovih stro\u0161kov. Javni poziv se izvaja kot podpora za izvajanje lokalnega razvoja, ki ga vodi skupnost, in znotraj tega, v okviru podukrepa \u00bbPodpora za izvajanje operacij v okviru strategije lokalnega razvoja, ki ga vodi skupnost\u00ab. Sredstva za sofinanciranje je LAS dodelilo Ministrstvo za gospodarski razvoj in tehnologijo, v okviru\u00a0<strong>Evropskega sklada za regionalni razvoj (ESRR).<\/strong><\/p>\n<p id=\"block-ff1b2371-6d0f-489f-860a-294e001160b8\" class=\"block-editor-block-list__block wp-block rich-text block-editor-rich-text__editable wp-block\" tabindex=\"0\" role=\"textbox\" contenteditable=\"true\" aria-label=\"Paragraph block\" aria-multiline=\"true\" data-block=\"ff1b2371-6d0f-489f-860a-294e001160b8\" data-type=\"core\/paragraph\" data-title=\"Paragraph\"><strong>Predmet sofinanciranja<\/strong>\u00a0so operacije, ki zasledujejo cilje ESRR\u00a0ter prispevajo k ciljem in ukrepom Strategije lokalnega razvoja na obmo\u010dju LAS Krasa in Brkinov ter se bodo izvajale<em><strong>\u00a0znotraj upravi\u010denih naselij<\/strong><\/em>.\u00a0<\/p>\n<p id=\"block-cbe67c40-c8a5-431f-9a24-c83b385df3fa\" class=\"block-editor-block-list__block wp-block rich-text block-editor-rich-text__editable wp-block\" tabindex=\"0\" role=\"textbox\" contenteditable=\"true\" aria-label=\"Empty block; start writing or type forward slash to choose a block\" aria-multiline=\"true\" data-block=\"cbe67c40-c8a5-431f-9a24-c83b385df3fa\" data-type=\"core\/paragraph\" data-title=\"Paragraph\">\u00a0<\/p>\n<p id=\"block-90daf782-9f4d-4dfc-bc1c-a78fb616e917\" class=\"block-editor-block-list__block wp-block rich-text block-editor-rich-text__editable wp-block\" tabindex=\"0\" role=\"textbox\" contenteditable=\"true\" aria-label=\"Paragraph block\" aria-multiline=\"true\" data-block=\"90daf782-9f4d-4dfc-bc1c-a78fb616e917\" data-type=\"core\/paragraph\" data-title=\"Paragraph\"><strong>Vi\u0161ina razpolo\u017eljivih sredstev<\/strong> za sofinanciranje zna\u0161a <strong>399.003,35 EUR, <\/strong>dele\u017e sofinanciranja upravi\u010denih stro\u0161kov pa zna\u0161a<strong> 80 %<\/strong>. Najvi\u0161ji dovoljeni znesek javne podpore za posamezno operacijo je <strong>104.900 EUR<\/strong>, najni\u017eji pa <strong>5.000 EUR<\/strong>.<\/p>\n<p id=\"block-bfdb1206-8c78-491d-a33f-4b3ce436242c\" class=\"block-editor-block-list__block wp-block rich-text block-editor-rich-text__editable wp-block\" tabindex=\"0\" role=\"textbox\" contenteditable=\"true\" aria-label=\"Paragraph block\" aria-multiline=\"true\" data-block=\"bfdb1206-8c78-491d-a33f-4b3ce436242c\" data-type=\"core\/paragraph\" data-title=\"Paragraph\">Razpisna dokumentacija se nahaja na naslednji <a href=\"https:\/\/www.laskrasainbrkinov.si\/javni-poziv-za-operacije-esrr\/\">povezavi<\/a>.<\/p>\n<p id=\"block-ff57aba0-4671-4d51-8c3a-af6f501016d5\" class=\"block-editor-block-list__block wp-block rich-text block-editor-rich-text__editable wp-block\" tabindex=\"0\" role=\"textbox\" contenteditable=\"true\" aria-label=\"Paragraph block\" aria-multiline=\"true\" data-block=\"ff57aba0-4671-4d51-8c3a-af6f501016d5\" data-type=\"core\/paragraph\" data-title=\"Paragraph\"><strong>Ve\u010d informacij o javnem pozivu:<\/strong><\/p>\n<p id=\"block-0eea9949-4eff-4de7-8d23-50b841b0b5d8\" class=\"block-editor-block-list__block wp-block rich-text block-editor-rich-text__editable wp-block\" tabindex=\"0\" role=\"textbox\" contenteditable=\"true\" aria-label=\"Paragraph block\" aria-multiline=\"true\" data-block=\"0eea9949-4eff-4de7-8d23-50b841b0b5d8\" data-type=\"core\/paragraph\" data-title=\"Paragraph\">\u2013 po elektronski po\u0161ti: <a href=\"mailto:info@laskrasainbrkinov.si\">info@laskrasainbrkinov.si<\/a><\/p>\n<p id=\"block-2d58b1a9-3a07-4894-940d-c3b8e5f97b86\" class=\"block-editor-block-list__block wp-block rich-text block-editor-rich-text__editable wp-block\" tabindex=\"0\" role=\"textbox\" contenteditable=\"true\" aria-label=\"Paragraph block\" aria-multiline=\"true\" data-block=\"2d58b1a9-3a07-4894-940d-c3b8e5f97b86\" data-type=\"core\/paragraph\" data-title=\"Paragraph\">\u2013 po telefonu: 05\/73 00 258 ali 041 686 102 (od ponedeljka do petka med 9. in 12. uro ter 13. in 15. uro).<\/p>\n<p id=\"block-403fa5b2-71e9-42d5-b4f9-471f08af9b3f\" class=\"block-editor-block-list__block wp-block rich-text block-editor-rich-text__editable wp-block\" tabindex=\"0\" role=\"textbox\" contenteditable=\"true\" aria-label=\"Paragraph block\" aria-multiline=\"true\" data-block=\"403fa5b2-71e9-42d5-b4f9-471f08af9b3f\" data-type=\"core\/paragraph\" data-title=\"Paragraph\">Zadnja vpra\u0161anja bodo mo\u017ena do<strong> 15. 12. 2020<\/strong>.<\/p>\n<\/div>\n<\/div>\n<\/div>\n<\/div>\n<\/div>\n<\/div>\n<\/div>\n<\/div>\n<\/div>\n","protected":false},"excerpt":{"rendered":"<p>Switch to draft Preview Update 4. JAVNI POZIV LAS KRASA IN BRKINOV ZA IZBOR OPERACIJ V LETU 2020 Lokalna akcijska skupina (LAS) Krasa in Brkinov je v petek, 2. 10. 2020, objavila \u010detrti javni poziv za izbor operacij za uresni\u010devanje ciljev Strategije lokalnega razvoja na obmo\u010dju ob\u010din Diva\u010da, Hrpelje-Kozina, Komen in Se\u017eana v letu 2020, [&hellip;]<\/p>\n","protected":false},"author":2,"featured_media":0,"parent":0,"menu_order":0,"comment_status":"closed","ping_status":"closed","template":"","meta":{"_genesis_hide_title":false,"_genesis_hide_breadcrumbs":false,"_genesis_hide_singular_image":false,"_genesis_hide_footer_widgets":false,"_genesis_custom_body_class":"","_genesis_custom_post_class":"","_genesis_layout":"","footnotes":""},"class_list":{"0":"post-894","1":"page","2":"type-page","3":"status-publish","5":"entry"},"_links":{"self":[{"href":"https:\/\/www.ora.si\/index.php\/wp-json\/wp\/v2\/pages\/894","targetHints":{"allow":["GET"]}}],"collection":[{"href":"https:\/\/www.ora.si\/index.php\/wp-json\/wp\/v2\/pages"}],"about":[{"href":"https:\/\/www.ora.si\/index.php\/wp-json\/wp\/v2\/types\/page"}],"author":[{"embeddable":true,"href":"https:\/\/www.ora.si\/index.php\/wp-json\/wp\/v2\/users\/2"}],"replies":[{"embeddable":true,"href":"https:\/\/www.ora.si\/index.php\/wp-json\/wp\/v2\/comments?post=894"}],"version-history":[{"count":7,"href":"https:\/\/www.ora.si\/index.php\/wp-json\/wp\/v2\/pages\/894\/revisions"}],"predecessor-version":[{"id":2687,"href":"https:\/\/www.ora.si\/index.php\/wp-json\/wp\/v2\/pages\/894\/revisions\/2687"}],"wp:attachment":[{"href":"https:\/\/www.ora.si\/index.php\/wp-json\/wp\/v2\/media?parent=894"}],"curies":[{"name":"wp","href":"https:\/\/api.w.org\/{rel}","templated":true}]}}