{"id":85,"date":"2016-09-06T08:17:39","date_gmt":"2016-09-06T08:17:39","guid":{"rendered":"http:\/\/www.ora.si\/nova\/?page_id=85"},"modified":"2020-07-24T06:56:43","modified_gmt":"2020-07-24T06:56:43","slug":"las","status":"publish","type":"page","link":"https:\/\/www.ora.si\/index.php\/las\/","title":{"rendered":"LAS"},"content":{"rendered":"<p>Povezava do spletne strani <a href=\"http:\/\/www.laskrasainbrkinov.si\" target=\"_blank\" rel=\"noopener noreferrer\">Lokalna Akcijska Skupina Krasa in Brkinov<\/a><\/p>\n<p style=\"text-align: center;\"><strong>PREDSTAVITEV LAS KRASA IN BRKINOV<\/strong><\/p>\n<p style=\"text-align: justify;\">Vodilni partner (upravljavec) Lokalne akcijske skupine Krasa in Brkinov (v nadaljevanju: LAS Krasa in Brkinov) za programsko obdobje 2014-2020 je ORA Krasa in Brkinov d.o.o..<\/p>\n<p style=\"text-align: justify;\">LAS Krasa in Brkinov je bila ustanovljena na podlagi Pogodbe o ustanovitvi lokalno zasebnega partnerstva LAS Krasa in Brkinov za programsko obdobje 2014-2020. Predseduje ji Skup\u0161\u010dina LAS. Ker LAS ni pravna oseba deluje v okviru ORA Krasa in Brkinov d.o.o.. Skup\u0161\u010dina LAS je, dne 22. 10. 2015 za vodilnega partnerja LAS izbrala ORA Krasa in Brkinov d.o.o., ki jo zastopa v upravnih in finan\u010dnih zadevah ter opravlja naloge, ki so potrebne za dosego namena LAS.<\/p>\n<p style=\"text-align: center;\"><strong>POTRDITEV SLR LAS KRASA IN BRKINOV<\/strong><\/p>\n<p style=\"text-align: justify;\">Vse \u010dlane LAS Krasa in Brkinov in zainteresirano javnost obve\u0161\u010damo, da smo 4. 11. 2016 prejeli Odlo\u010dbo Ministrstva za kmetijstvo, gozdarstvo in prehrano (skraj\u0161ano: MKGP), ki potrjuje status Lokalne akcijske skupine Krasa in Brkinov ter Strategije lokalnega razvoja LAS Krasa in Brkinov 2014-2020.<\/p>\n<p style=\"text-align: justify;\">Prejeta odlo\u010dba pomeni, da smo dobili pravico do kori\u0161\u010denja skupno do najve\u010d 1.609.250,00 EUR sredstev za sofinanciranje projektov lokalnega razvoja na podro\u010dju ob\u010din Diva\u010da, Hrpelje-Kozina, Komen in Se\u017eana v programskem obdobju 2014-2020. Sredstva se bo \u010drpalo iz dveh skladov in sicer: do najve\u010d 901.450,00 EUR iz Evropskega kmetijskega sklada za razvoj pode\u017eelja (skraj\u0161ano: EKSRP) ter do najve\u010d 707.800,00 EUR iz Evropskega sklada za regionalni razvoj (skraj\u0161ano: ESRR).<\/p>\n<p>Prvi Javni Poziv LAS Krasa in Brkinov za sredstva EKSRP pri\u010dakujemo 31. 01. 2017.<\/p>\n<p><a href=\"http:\/\/www.program-podezelja.si\/sl\/\" target=\"_blank\" rel=\"http:\/\/www.program-podezelja.si\/sl\/ noopener noreferrer\"><img loading=\"lazy\" decoding=\"async\" class=\"alignnone wp-image-537 size-large\" src=\"https:\/\/www.ora.si\/wp-content\/uploads\/2016\/09\/PRP-LEADER-EU-SLO-barvni-1024x253.jpg\" alt=\"\" width=\"1024\" height=\"253\" srcset=\"https:\/\/www.ora.si\/wp-content\/uploads\/2016\/09\/PRP-LEADER-EU-SLO-barvni-1024x253.jpg 1024w, https:\/\/www.ora.si\/wp-content\/uploads\/2016\/09\/PRP-LEADER-EU-SLO-barvni-300x74.jpg 300w, https:\/\/www.ora.si\/wp-content\/uploads\/2016\/09\/PRP-LEADER-EU-SLO-barvni-768x190.jpg 768w\" sizes=\"auto, (max-width: 1024px) 100vw, 1024px\" \/><\/a><br \/>\n\u00bbOrgan upravljanja, dolo\u010den za izvajanje Programa razvoja pode\u017eelja RS za obdobje 2014\u20132020, je Ministrstvo za kmetijstvo, gozdarstvo in prehrano. Za vsebino informacij je odgovoren vodilni partner LAS Krasa in Brkinov, Obmo\u010dna razvojna agencija Krasa in Brkinov\u00ab)<\/p>\n","protected":false},"excerpt":{"rendered":"<p>Povezava do spletne strani Lokalna Akcijska Skupina Krasa in Brkinov PREDSTAVITEV LAS KRASA IN BRKINOV Vodilni partner (upravljavec) Lokalne akcijske skupine Krasa in Brkinov (v nadaljevanju: LAS Krasa in Brkinov) za programsko obdobje 2014-2020 je ORA Krasa in Brkinov d.o.o.. LAS Krasa in Brkinov je bila ustanovljena na podlagi Pogodbe o ustanovitvi lokalno zasebnega partnerstva [&hellip;]<\/p>\n","protected":false},"author":2,"featured_media":0,"parent":0,"menu_order":0,"comment_status":"closed","ping_status":"closed","template":"","meta":{"_genesis_hide_title":false,"_genesis_hide_breadcrumbs":false,"_genesis_hide_singular_image":false,"_genesis_hide_footer_widgets":false,"_genesis_custom_body_class":"","_genesis_custom_post_class":"","_genesis_layout":"content-sidebar","footnotes":""},"class_list":{"0":"post-85","1":"page","2":"type-page","3":"status-publish","5":"entry"},"_links":{"self":[{"href":"https:\/\/www.ora.si\/index.php\/wp-json\/wp\/v2\/pages\/85","targetHints":{"allow":["GET"]}}],"collection":[{"href":"https:\/\/www.ora.si\/index.php\/wp-json\/wp\/v2\/pages"}],"about":[{"href":"https:\/\/www.ora.si\/index.php\/wp-json\/wp\/v2\/types\/page"}],"author":[{"embeddable":true,"href":"https:\/\/www.ora.si\/index.php\/wp-json\/wp\/v2\/users\/2"}],"replies":[{"embeddable":true,"href":"https:\/\/www.ora.si\/index.php\/wp-json\/wp\/v2\/comments?post=85"}],"version-history":[{"count":33,"href":"https:\/\/www.ora.si\/index.php\/wp-json\/wp\/v2\/pages\/85\/revisions"}],"predecessor-version":[{"id":2575,"href":"https:\/\/www.ora.si\/index.php\/wp-json\/wp\/v2\/pages\/85\/revisions\/2575"}],"wp:attachment":[{"href":"https:\/\/www.ora.si\/index.php\/wp-json\/wp\/v2\/media?parent=85"}],"curies":[{"name":"wp","href":"https:\/\/api.w.org\/{rel}","templated":true}]}}