{"id":845,"date":"2018-08-02T21:07:11","date_gmt":"2018-08-02T21:07:11","guid":{"rendered":"https:\/\/www.ora.si\/?page_id=845"},"modified":"2023-01-23T11:03:19","modified_gmt":"2023-01-23T11:03:19","slug":"eksrp","status":"publish","type":"page","link":"https:\/\/www.ora.si\/index.php\/eksrp\/","title":{"rendered":"eksrp"},"content":{"rendered":"\n<p><a href=\"https:\/\/ec.europa.eu\/agriculture\/rural-development-2014-2020_sl\"><img loading=\"lazy\" decoding=\"async\" class=\"wp-image-322 aligncenter\" src=\"https:\/\/www.ora.si\/wp-content\/uploads\/2018\/08\/PRP-LEADER-EU-SLO-1-1.png\" alt=\"\" width=\"831\" height=\"206\"><\/a><\/p>\n\n\n<p align=\"justify\"><b>Naziv aktivnosti:<\/b><\/p>\n<p align=\"justify\">Podpora za teko\u010de stro\u0161ke in stro\u0161ke animacije v okviru Lokalne akcijske skupine LAS Krasa in Brkinov.<\/p>\n<p><strong>Opis aktivnosti:<\/strong><\/p>\n<p>Podpora iz podukrepa \u00bbPodpora za teko\u010de stro\u0161ke in stro\u0161ke animacije\u00ab (podukrep 19.4) je namenjena za sofinanciranje stro\u0161kov, ki so nastali pri upravljanju in delovanju LAS, vklju\u010dno s spremljanjem in vrednotenjem SLR, animaciji obmo\u010dja LAS in pomo\u010di potencialnim upravi\u010dencem za razvijanje projektnih idej in pripravo operacij.<\/p>\n<p><strong>Cilji:<\/strong><\/p>\n<ul>\n<li>obve\u0161\u010danje in informiranje javnosti,<\/li>\n<li>bolj\u0161a prepoznavnost instrumenta CLLD,<\/li>\n<li>celovit razvoj pode\u017eelja,<\/li>\n<li>povezovanje lokalnih akterjev.<\/li>\n<\/ul>\n<p><b>Pri\u010dakovani rezultati:<\/b><\/p>\n<p>Vklju\u010devanje skupnosti<\/p>\n<p style=\"padding-left: 60px;\">\u2022 k doseganju kazalnikov zastavljenih v Strategiji lokalnega razvoja,<\/p>\n<p style=\"padding-left: 60px;\">\u2022 v izvajanje projektnih aktivnosti v okviru operacij,<\/p>\n<p style=\"padding-left: 60px;\">\u2022 k identificiranju potreb na obmo\u010dju LAS,<\/p>\n<p style=\"padding-left: 60px;\">\u2022 k enakomernemu razvoju obmo\u010dja LAS.<\/p>\n<p><b>Obve\u0161\u010danje javnosti<\/b><\/p>\n<p style=\"padding-left: 30px;\">\u2022 o aktualnih zadevah povezanih z LAS,<\/p>\n<p style=\"padding-left: 30px;\">\u2022 o javnih pozivih LAS,<\/p>\n<p style=\"padding-left: 30px;\">\u2022 o operacijah v izvajanju,<\/p>\n<p style=\"padding-left: 30px;\">\u2022 o dokumentaciji, ki se navezuje na pravilno izvedbo operacij,<\/p>\n<p style=\"padding-left: 30px;\">\u2022 o novostih na obmo\u010dju LAS.<\/p>\n<p><strong>Vir sofinanciranja:<\/strong><\/p>\n<p>Za izvajanje podukrepa \u00bbPodpora za teko\u010de stro\u0161ke in stro\u0161ke animacije\u00ab se sredstva dodelijo iz glavnega sklada <a href=\"https:\/\/ec.europa.eu\/info\/food-farming-fisheries\/key-policies\/common-agricultural-policy\/rural-development_sl\">Evropskega kmetijskega sklada za razvoj pode\u017eelja<\/a>.<\/p>\n<p class=\"western\"><b>Povzetek:<\/b><\/p>\n<p>Pristop <strong>\u00bbod spodaj navzgor\u00ab<\/strong> omogo\u010da lokalnemu prebivalstvu, da z oblikovanjem lokalnih partnerstev tako imenovanih lokalnih akcijskih skupin (LAS), aktivno odlo\u010da o prioritetah in razvojnih ciljih lokalnega obmo\u010dja, vklju\u010dno z viri financiranja za doseganje ciljev lokalnega obmo\u010dja.<\/p>\n<p>Pristop omogo\u010da uresni\u010devanje \u0161iroke palete izzivov v razli\u010dnih okoljih, ve\u010djo fleksibilnost pri doseganju ciljev in odgovarja dejanskim potrebam lokalnega obmo\u010dja. V Evropski Uniji je pristop LEADER v praski \u017ee vse od leta 1991, v Sloveniji pa se je ta pristop pri\u010del s programskim obdobjem 2007\u20132013. Ukrepi LEADER so se izvajali na 95 % ozemlja RS. Odobrenih je bilo ve\u010d kot 1.400 projektov.<\/p>\n<p><b>CLLD dejstva:<\/b><\/p>\n<p align=\"justify\">\u2022 Je pristop\/metoda, ki jo je kot novost v<b> <\/b>programskem obdobju 2014\u20132020 Evropska komisija ponudila dr\u017eavam \u010dlanicam v izvajanje.<\/p>\n<p align=\"justify\">\u2022 Omogo\u010da re\u0161evanje razvojnih izzivov s pomo\u010djo multiplikativnih u\u010dinkov pri povezovanju ukrepov in sredstev iz ve\u010d strukturnih skladov hkrati.<\/p>\n<p align=\"justify\">\u2022 CLLD se uresni\u010duje preko na novo oblikovanih <b>LAS<\/b>.<\/p>\n<p align=\"justify\">\u2022 Izziv pristopa CLLD je, da se s skupnim ukrepanjem pospe\u0161i razvoj zlasti pode\u017eelskih obmo\u010dij in se tako ustvarijo mo\u017enosti za nastanek novih delovnih mest, vi\u0161jo kakovost bivanja, bolj\u0161o dostopnost ter ne nazadnje za ohranjanje kulturnih in krajinskih zna\u010dilnosti ter obvladovanje demografskih sprememb.<\/p>\n<p align=\"justify\">\u2022 V programskem obdobju 2014\u20132020 je predvidena uporaba pristopa CLLD pri treh<b> <\/b>skladih, in sicer Evropskem kmetijskem skladu za razvoj pode\u017eelja <b>(<\/b>EKSRP<b>)<\/b>, Evropskem skladu za pomorstvo in ribi\u0161tvo <b>(<\/b>ESPR<b>)<\/b> in Evropskem skladu za regionalni razvoj <b>(<\/b>ESRR<b>)<\/b>.<\/p>\n<p>\u2022 Tematska podro\u010dja ukrepanja so:<\/p>\n<p style=\"padding-left: 30px;\">1. Ustanavljanje novih delovnih mest<\/p>\n<p style=\"padding-left: 30px;\">2. Osnovne storitve na pode\u017eelju<\/p>\n<p style=\"padding-left: 30px;\">3. Varstvo okolja<\/p>\n<p style=\"padding-left: 30px;\">4. Ve\u010dja vklju\u010denost mladih, \u017eensk in drugih ranljivih skupin na pode\u017eelju.<\/p>\n<p align=\"justify\">Izvajanje CLLD dolo\u010da Uredba o izvajanju lokalnega razvoja, ki ga vodi skupnost, v programskem obdobju 2014\u20132020 (Uradni list RS, \u0161t. 42\/2015, 28\/2016, 73\/2016 in 72\/2017).<\/p>\n<p align=\"justify\"><b>Namen CLLD<\/b> je spodbujanje celovitega in uravnote\u017eenega razvoja lokalnih obmo\u010dij po pristopu \u00bbod spodaj navzgor\u00ab ob upo\u0161tevanju endogenih razvojnih potencialov in zmogljivosti, predvsem krepitve socialnega kapitala z aktivnim vklju\u010devanjem prebivalstva v skupno na\u010drtovanje in odlo\u010danje o lastnem lokalnem razvoju po na\u010delu subsidiarnosti in participativne demokracije.<\/p>\n<p align=\"justify\"><b>Cilj CLLD<\/b> je spodbujanje socialnega vklju\u010devanja ter boj proti rev\u0161\u010dini in kakr\u0161nikoli diskriminaciji, zmanj\u0161evanje regionalnih razvojnih razlik in gospodarski razvoj obmo\u010dij. Poleg tega pa je cilj prispevati k ohranjanju narave, varstvu okolja, kulturne dedi\u0161\u010dine, kulturne krajine in njenih elementov.<\/p>\n<p align=\"justify\"><a name=\"_GoBack\"><\/a> CLLD omogo\u010da lokalnemu prebivalstvu, da se medsebojno pove\u017ee v t.i. lokalne akcijske skupine (LAS) in preko njih aktivno odlo\u010da o prioritetah in razvojnih ciljih lokalnega obmo\u010dja, vklju\u010dno z viri financiranja za doseganje ciljev lokalnega obmo\u010dja. V ta namen LAS pripravi in izvaja Strategijo lokalnega razvoja, ki temelji na dru\u017ebenih, okoljskih in ekonomskih prednostih in endogenih razvojnih potencialih obmo\u010dja. Tak pristop omogo\u010da uresni\u010devanje \u0161iroke palete izzivov v razli\u010dnih okoljih, ve\u010djo fleksibilnost pri doseganju ciljev in odgovarja dejanskim potrebam lokalnega obmo\u010dja.<\/p>\n<p align=\"justify\">CLLD s kombinacijo razli\u010dnih virov financiranja omogo\u010da LAS izvedbo celovitih in kompleksnej\u0161ih operacij, ki niso strogo omejene na pode\u017eelska obmo\u010dja, ampak vklju\u010dujejo tudi ribi\u0161ka in mestna naselja. Tovrsten pristop je veliko bolj celosten in posledi\u010dno vpliva na uspe\u0161nej\u0161e uresni\u010devanje lokalnih potreb. Dostop do sredstev razli\u010dnih skladov lokalnim partnerstvom omogo\u010da, da namenijo ve\u010d pozornosti tudi tistim podro\u010djem in vpra\u0161anjem, ki bi jih sicer te\u017eko obravnavala.<\/p>\n<p align=\"justify\">Ve\u010d o instrumentu CLLD si lahko preberete na: <a href=\"http:\/\/www.program-podezelja.si\/\">www.program-podezelja.si<\/a><\/p>\n<p align=\"justify\"><a href=\"https:\/\/ec.europa.eu\/agriculture\/rural-development-2014-2020_sl\"><img loading=\"lazy\" decoding=\"async\" class=\"wp-image-322 aligncenter\" src=\"https:\/\/www.ora.si\/wp-content\/uploads\/2018\/08\/PRP-LEADER-EU-SLO-1-1.png\" alt=\"\" width=\"831\" height=\"206\" \/><\/a><\/p>","protected":false},"excerpt":{"rendered":"<p>Naziv aktivnosti: Podpora za teko\u010de stro\u0161ke in stro\u0161ke animacije v okviru Lokalne akcijske skupine LAS Krasa in Brkinov. Opis aktivnosti: Podpora iz podukrepa \u00bbPodpora za teko\u010de stro\u0161ke in stro\u0161ke animacije\u00ab (podukrep 19.4) je namenjena za sofinanciranje stro\u0161kov, ki so nastali pri upravljanju in delovanju LAS, vklju\u010dno s spremljanjem in vrednotenjem SLR, animaciji obmo\u010dja LAS in [&hellip;]<\/p>\n","protected":false},"author":2,"featured_media":0,"parent":0,"menu_order":0,"comment_status":"closed","ping_status":"closed","template":"","meta":{"_genesis_hide_title":false,"_genesis_hide_breadcrumbs":false,"_genesis_hide_singular_image":false,"_genesis_hide_footer_widgets":false,"_genesis_custom_body_class":"","_genesis_custom_post_class":"","_genesis_layout":"","footnotes":""},"class_list":{"0":"post-845","1":"page","2":"type-page","3":"status-publish","5":"entry"},"_links":{"self":[{"href":"https:\/\/www.ora.si\/index.php\/wp-json\/wp\/v2\/pages\/845","targetHints":{"allow":["GET"]}}],"collection":[{"href":"https:\/\/www.ora.si\/index.php\/wp-json\/wp\/v2\/pages"}],"about":[{"href":"https:\/\/www.ora.si\/index.php\/wp-json\/wp\/v2\/types\/page"}],"author":[{"embeddable":true,"href":"https:\/\/www.ora.si\/index.php\/wp-json\/wp\/v2\/users\/2"}],"replies":[{"embeddable":true,"href":"https:\/\/www.ora.si\/index.php\/wp-json\/wp\/v2\/comments?post=845"}],"version-history":[{"count":5,"href":"https:\/\/www.ora.si\/index.php\/wp-json\/wp\/v2\/pages\/845\/revisions"}],"predecessor-version":[{"id":3476,"href":"https:\/\/www.ora.si\/index.php\/wp-json\/wp\/v2\/pages\/845\/revisions\/3476"}],"wp:attachment":[{"href":"https:\/\/www.ora.si\/index.php\/wp-json\/wp\/v2\/media?parent=845"}],"curies":[{"name":"wp","href":"https:\/\/api.w.org\/{rel}","templated":true}]}}