{"id":834,"date":"2018-05-27T10:07:29","date_gmt":"2018-05-27T10:07:29","guid":{"rendered":"https:\/\/www.ora.si\/?page_id=834"},"modified":"2018-05-27T15:13:18","modified_gmt":"2018-05-27T15:13:18","slug":"gdpr","status":"publish","type":"page","link":"https:\/\/www.ora.si\/index.php\/gdpr\/","title":{"rendered":"GDPR"},"content":{"rendered":"<p>Splo\u0161ne informacije o varstvu osebnih podatkov<br \/>\nPravica do zasebnosti ena najpomembnej\u0161ih \u010dlovekovih pravic. Pri agenciji ORA &#8211; Obmo\u010dna razvojna agencija Krasa in Brkinov (v nadaljevanju ORA) se zavedamo pomena varstva osebnih podatkov, zato z va\u0161imi podatki ravnamo skladno s predpisi, ki urejajo varstvo osebnih podatkov. ORA kot upravljavec osebnih podatkov posameznikom omogo\u010da, da so seznanjeni z vsemi relevantnimi informacijami, ki se nana\u0161ajo na njihove osebne podatke.<\/p>\n<p>Za varstvo osebnih podatkov je odgovorna ORA.<\/p>\n<p>ORA pridobiva osebne podatke posameznikov iz prijavnega obrazca, ki se nahaja na na\u0161i spletni strani https:\/\/www.ora.si lahko pa se tudi osebno zglasite na na\u0161em naslovu, kjer podate zahtevo za prejemanje E-novic.<\/p>\n<p>ORA osebne podatke hrani in varuje, tako da ne prihaja do morebitnih neupravi\u010denih razkritij podatkov nepoobla\u0161\u010denim osebam. Pri agencijo\u00a0ORA se zavezujemo, da osebnih podatkov, poleg upravljalcu za mno\u017ei\u010dno po\u0161iljanje E-sporo\u010dil Mailchimp,\u00a0 ne bomo posredovali, posodili ali prodali tretji osebi brez predhodnega obvestila in pridobitve va\u0161e privolitve, brez ustreznih primernih za\u0161\u010ditnih ukrepov, ter da bomo osebne podatke obdelovali zgolj v okviru zakonitih pravnih podlag in izbranih namenov.<\/p>\n<p>Katere vrste osebnih podatkov zbiramo in obdelujemo<br \/>\nV okviru opravljanja svoje dejavnosti pri agenciji\u00a0ORA zbiramo in obdelujemo naslednje vrste osebnih podatkov:\u00a0 elektronski naslov, spletni pi\u0161kotki ter\u00a0ime in priimek,<\/p>\n<p>ORA vodi evidence dejavnosti obdelave osebnih podatkov, v okviru katerih so razvidne vrste osebnih podatkov ter nameni njihove obdelave.<\/p>\n<p>Pravne podlage obdelave osebnih podatkov in nameni obdelave<br \/>\n1. Obdelava osebnih podatkov za potrebe izvajanja storitev po\u0161iljanja E-novic<\/p>\n<p>2. Obdelava osebnih podatkov na podlagi privolitve stranke<br \/>\nObdelava osebnih podatkov lahko temelji tudi na konkretni privolitvi posameznika, ki ORA omogo\u010da uporabo njegovih osebnih podatkov za namene, opredeljene v privolitvi, in sicer za:<\/p>\n<p>Zagotavljanje storitev ni pogojena s podajo privolitve. Podaja privolitve je prostovoljna in v kolikor se posameznik odlo\u010di, da je ne \u017eeli podati oz. jo kasneje prekli\u010de, to v nobenem primeru ne zmanj\u0161uje pravic, izhajajo\u010d iz poslovnega razmerja oz. za posameznika to ne predstavlja dodatnih stro\u0161kov oz. ote\u017eevalnih okoli\u0161\u010din.<\/p>\n<p>Preklic privolitve posameznika<br \/>\nPrivolitev je dana za namene opredeljene v privolitvi in velja do preklica. Ko posameznik v delu ali v celoti prekli\u010de svojo privolitev, ORA njegovih podatkov za te namene, za katere je podal preklic, ne bo ve\u010d uporabljala.<\/p>\n<p>\u010ce \u017eeli posameznik preklicati privolitev, to lahko stori tako, da v nogi na\u0161ega E-po\u0161nbega sporo\u010dila,ki ste ga prejeli, kliknete na povezavo &#8220;Odjava&#8221;.<\/p>\n<p>Zahteva posameznika po preklicu se bo zabele\u017eila v sistemu in se za\u010dela uveljavljati nemudoma oziroma najkasneje 15 dni po prejemu.<\/p>\n<p>Kategorije uporabnikov osebnih podatkov<br \/>\nUporabniki osebnih podatkov so uslu\u017ebenci ORA ter tehni\u010dni partner MailChimp, ki so na podlagi delovnopravne zakonodaje, pogodb o obdelavi osebnih podatkov ali pogodb o varovanju zaupnih podatkov zavezani k spo\u0161tovanju in varovanju osebnih podatkov posameznikov. Podrobnej\u0161e informacije o kategorijah uporabnikov in pogodbenih partnerjih\u00a0 lahko pridobite na zahtevo pri info@ora.si.<\/p>\n<p>Uporabniki do podatkov dostopajo v skladu z dodeljenimi pravicami dostopa do podatkov.<\/p>\n<p>ORA osebne podatke posreduje tudi tretjim osebam, \u010de tak\u0161no obveznost posredovanja oziroma razkritja nalaga zakon (na primer Finan\u010dna uprava Republike Slovenije, sodi\u0161\u010da, policija ipd.).<\/p>\n<p>Hramba osebnih podatkov<br \/>\nObdobje hrambe osebnih podatkov je odvisno od podlage obdelave in namena obdelave posamezne kategorije osebnih podatkov. Osebni podatki se hranijo le toliko \u010dasa, kolikor je to potrebno za dosego namena, zaradi katerega so se zbirali ali nadalje obdelovali. Osebni podatki se po izpolnitvi namena obdelav, \u010de ne obstaja druga pravna podlaga ali \u010de je to potrebno za uveljavljanje, izvajanje ali obrambo pravnih zahtevkov, zbri\u0161ejo, uni\u010dijo, blokirajo ali anonimizirajo.<\/p>\n<p>Pravice strank<br \/>\nORA zagotovi posameznikom, katerih osebne podatke obdeluje, mo\u017enost uresni\u010devanja svojih pravic, in sicer:<\/p>\n<p>pravice dostopa do osebnih podatkov, ki so bili zbrani v zvezi z njim;<br \/>\npravice do popravka, da ORA brez nepotrebnega odla\u0161anja popravi neto\u010dne osebne podatke v zvezi z njim;<br \/>\npravice do izbrisa, da ORA brez nepotrebnega odla\u0161anja izbri\u0161e osebne podatke v zvezi z njim, kadar velja eden od naslednjih razlogov: (1) osebni podatki niso ve\u010d potrebni v namene, za katere so bili zbrani ali kako druga\u010de obdelani, (2) posameznik, prekli\u010de privolitev, na podlagi katere poteka obdelava in kadar za obdelavo ne obstaja nobena druga pravna podlaga, (3) posameznik, obdelavi ugovarja, za njihovo obdelavo pa ne obstajajo nobeni prevladujo\u010di zakoniti razlogi, (4) osebni podatki so bili obdelani nezakonito, (5) \u010de tako dolo\u010da zakon.<br \/>\npravice do omejitve obdelave, kadar velja eden od naslednjih primerov: (1) posameznik oporeka to\u010dnosti podatkov, in sicer za obdobje, ki ORA omogo\u010da preveriti to\u010dnost osebnih podatkov, (2) je obdelava nezakonita in posameznik nasprotuje izbrisu osebnih podatkov, ter namesto tega zahteva omejitev njihove uporabe, (3) ORA osebnih podatkov ne potrebuje ve\u010d za namene obdelave, temve\u010d jih posameznik potrebuje za uveljavljanje, izvajanje ali obrambo pravnih zahtevkov, (4) je posameznik vlo\u017eil ugovor v zvezi z obdelavo podatkov, dokler se ne preveri, ali zakoniti razlogi upravljavca prevladajo nad razlogi posameznika. Kadar je bila obdelava osebnih podatkov omejena v skladu s prej\u0161njim odstavkom, se taki osebni podatki z izjemo njihovega shranjevanja obdelujejo le s privolitvijo posameznika, na katerega se ti nana\u0161ajo, ali za uveljavljanje, izvajanje ali obrambo pravnih zahtevkov ali zaradi varstva pravic druge fizi\u010dne ali pravne osebe. ORA mora pred preklicem omejitve obdelave o tem obvestiti posameznika.<br \/>\nPosameznik lahko vlo\u017ei zahtevo na na\u010din, ki omogo\u010da njegovo identifikacijo in sicer z ustno zahtevo na zapisnik v poslovalnici, pisna zahtevo ali zahtevo oddano preko elektronske po\u0161te.<\/p>\n<p>Prejete zahteve obravnava oseba odgovorna za varstvo podatkov. ORA je dol\u017ean na zahtevo posameznika odgovoriti brez nepotrebnega odla\u0161anja oziroma najpozneje v enem mesecu.<\/p>\n<p>ORA mora zahtevane informacije posredovati posamezniku brezpla\u010dno. Kadar pa so zahteve posameznika, o\u010ditno neutemeljene ali pretirane zlasti, ker se ponavljajo, lahko ORA (1) zara\u010duna razumno pristojbino, pri \u010demer upo\u0161teva administrativne stro\u0161ke posredovanja informacij ali sporo\u010dila ali izvajanje zahtevanega ukrepa ali (2) zavrne ukrepanje v zvezi z zahtevo.<\/p>\n<p>Ugovor v primeru nepopolne odlo\u010ditve upravljavca in pravica do vlo\u017eitve prito\u017ebe pri nadzornem organu<\/p>\n<p>\u010ce posameznik meni, da osebni podatki, ki jih je prejel na podlagi zahteve za uveljavitev svojih pravic iz prej\u0161nje to\u010dke teh Splo\u0161nih informacij, niso osebni podatki, ki jih je zahteval ali da ni prejel vseh zahtevanih osebnih podatkov, lahko pred vlo\u017eitvijo prito\u017ebe pri ORA vlo\u017ei obrazlo\u017een ugovor v roku 15 dni. ORA je dol\u017eana o ugovoru odlo\u010diti v 5 delovnih dneh.<\/p>\n<p>Zoper molk upravljavca (\u010de torej ORA posamezniku na njegovo zahtevo za uveljavljanje pravic ne odgovori v roku 1 meseca), lahko posameznik pri nadzornem organu vlo\u017ei prito\u017ebo zaradi molka.<\/p>\n<p>Zoper zavrnilni odgovor upravljavca je mo\u017ena prito\u017eba, za re\u0161evanje katere je pristojen nadzorni organ. Posameznik lahko prito\u017ebo vlo\u017ei pri upravljavcu v 15 dneh od prejema odgovora upravljavca.<\/p>\n<p>Uporaba spletne strani<br \/>\nMed uporabo spletne strani veljajo posebni pogoji, pi\u0161kotki. Najdete jih na https:\/\/www.ora.si\/index.php\/piskotki.<\/p>\n<p>Drugo<br \/>\nORA si pridru\u017euje pravico do sprememb ali dopolnitev teh Splo\u0161nih informacij za zagotavljanje skladnosti s predpisi s podro\u010dja varstva osebnih podatkov. Informacije so na voljo na na\u0161i spletni strani.<\/p>\n<p>Podrobnej\u0161e informacije lahko pridobite na zahtevo na elektronskem naslovu info@ora.si.<\/p>\n<p>Se\u017eana, maj 2018<\/p>\n","protected":false},"excerpt":{"rendered":"<p>Splo\u0161ne informacije o varstvu osebnih podatkov Pravica do zasebnosti ena najpomembnej\u0161ih \u010dlovekovih pravic. Pri agenciji ORA &#8211; Obmo\u010dna razvojna agencija Krasa in Brkinov (v nadaljevanju ORA) se zavedamo pomena varstva osebnih podatkov, zato z va\u0161imi podatki ravnamo skladno s predpisi, ki urejajo varstvo osebnih podatkov. ORA kot upravljavec osebnih podatkov posameznikom omogo\u010da, da so seznanjeni [&hellip;]<\/p>\n","protected":false},"author":2,"featured_media":0,"parent":0,"menu_order":0,"comment_status":"closed","ping_status":"closed","template":"","meta":{"_genesis_hide_title":false,"_genesis_hide_breadcrumbs":false,"_genesis_hide_singular_image":false,"_genesis_hide_footer_widgets":false,"_genesis_custom_body_class":"","_genesis_custom_post_class":"","_genesis_layout":"","footnotes":""},"class_list":{"0":"post-834","1":"page","2":"type-page","3":"status-publish","5":"entry"},"_links":{"self":[{"href":"https:\/\/www.ora.si\/index.php\/wp-json\/wp\/v2\/pages\/834","targetHints":{"allow":["GET"]}}],"collection":[{"href":"https:\/\/www.ora.si\/index.php\/wp-json\/wp\/v2\/pages"}],"about":[{"href":"https:\/\/www.ora.si\/index.php\/wp-json\/wp\/v2\/types\/page"}],"author":[{"embeddable":true,"href":"https:\/\/www.ora.si\/index.php\/wp-json\/wp\/v2\/users\/2"}],"replies":[{"embeddable":true,"href":"https:\/\/www.ora.si\/index.php\/wp-json\/wp\/v2\/comments?post=834"}],"version-history":[{"count":3,"href":"https:\/\/www.ora.si\/index.php\/wp-json\/wp\/v2\/pages\/834\/revisions"}],"predecessor-version":[{"id":837,"href":"https:\/\/www.ora.si\/index.php\/wp-json\/wp\/v2\/pages\/834\/revisions\/837"}],"wp:attachment":[{"href":"https:\/\/www.ora.si\/index.php\/wp-json\/wp\/v2\/media?parent=834"}],"curies":[{"name":"wp","href":"https:\/\/api.w.org\/{rel}","templated":true}]}}