{"id":78,"date":"2016-09-06T08:12:55","date_gmt":"2016-09-06T08:12:55","guid":{"rendered":"http:\/\/www.ora.si\/nova\/?page_id=78"},"modified":"2019-11-15T08:58:51","modified_gmt":"2019-11-15T08:58:51","slug":"podjetnistvo","status":"publish","type":"page","link":"https:\/\/www.ora.si\/index.php\/podjetnistvo\/","title":{"rendered":"Podjetni\u0161tvo"},"content":{"rendered":"\n\n\n<p>Izvaja se <strong>informiranje ciljnih skupin<\/strong> (podjetniki, podjetniki za\u010detniki, kmetje, potencialni podjetniki, mladi, institucije v lokalnem okolju) o mo\u017enostih pridobitve finan\u010dnih sredstev, poslovnih prostorov, raznih dovoljenj v zvezi s poslovanjem, animiranjem za vklju\u010ditev v razne oblike usposabljanja in izobra\u017eevanja, prenos informacij o razpisih, projektih in programih dr\u017eavnih institucij, prenos informacij z dr\u017eavnega na lokalni nivo, animiranje za prijave na javne razpise.<\/p>\n<p>Prav tako se izvajajo <strong>dogodki za podjetnike in zainteresirano javnost<\/strong>, kjer se podjetniki medsebojno spoznavajo, mre\u017eijo, spoznavajo dobre prakse, in\u0161titucije znanj, ipd..<\/p>\n\n\n\n<p><\/p>\n","protected":false},"excerpt":{"rendered":"<p>Izvaja se informiranje ciljnih skupin (podjetniki, podjetniki za\u010detniki, kmetje, potencialni podjetniki, mladi, institucije v lokalnem okolju) o mo\u017enostih pridobitve finan\u010dnih sredstev, poslovnih prostorov, raznih dovoljenj v zvezi s poslovanjem, animiranjem za vklju\u010ditev v razne oblike usposabljanja in izobra\u017eevanja, prenos informacij o razpisih, projektih in programih dr\u017eavnih institucij, prenos informacij z dr\u017eavnega na lokalni nivo, animiranje [&hellip;]<\/p>\n","protected":false},"author":2,"featured_media":0,"parent":0,"menu_order":0,"comment_status":"closed","ping_status":"closed","template":"","meta":{"_genesis_hide_title":false,"_genesis_hide_breadcrumbs":false,"_genesis_hide_singular_image":false,"_genesis_hide_footer_widgets":false,"_genesis_custom_body_class":"","_genesis_custom_post_class":"","_genesis_layout":"content-sidebar","footnotes":""},"class_list":{"0":"post-78","1":"page","2":"type-page","3":"status-publish","5":"entry"},"_links":{"self":[{"href":"https:\/\/www.ora.si\/index.php\/wp-json\/wp\/v2\/pages\/78","targetHints":{"allow":["GET"]}}],"collection":[{"href":"https:\/\/www.ora.si\/index.php\/wp-json\/wp\/v2\/pages"}],"about":[{"href":"https:\/\/www.ora.si\/index.php\/wp-json\/wp\/v2\/types\/page"}],"author":[{"embeddable":true,"href":"https:\/\/www.ora.si\/index.php\/wp-json\/wp\/v2\/users\/2"}],"replies":[{"embeddable":true,"href":"https:\/\/www.ora.si\/index.php\/wp-json\/wp\/v2\/comments?post=78"}],"version-history":[{"count":18,"href":"https:\/\/www.ora.si\/index.php\/wp-json\/wp\/v2\/pages\/78\/revisions"}],"predecessor-version":[{"id":2227,"href":"https:\/\/www.ora.si\/index.php\/wp-json\/wp\/v2\/pages\/78\/revisions\/2227"}],"wp:attachment":[{"href":"https:\/\/www.ora.si\/index.php\/wp-json\/wp\/v2\/media?parent=78"}],"curies":[{"name":"wp","href":"https:\/\/api.w.org\/{rel}","templated":true}]}}