{"id":748,"date":"2018-02-01T20:08:20","date_gmt":"2018-02-01T20:08:20","guid":{"rendered":"https:\/\/www.ora.si\/?page_id=748"},"modified":"2026-02-19T14:48:10","modified_gmt":"2026-02-19T14:48:10","slug":"spot","status":"publish","type":"page","link":"https:\/\/www.ora.si\/index.php\/spot\/","title":{"rendered":"SPOT svetovanje"},"content":{"rendered":"\n\n\n\n\n<h2><img loading=\"lazy\" decoding=\"async\" class=\"aligncenter  wp-image-3761\" src=\"https:\/\/www.ora.si\/wp-content\/uploads\/2023\/12\/SPOT-logo-skupaj-zgoraj.png\" alt=\"\" width=\"862\" height=\"171\" srcset=\"https:\/\/www.ora.si\/wp-content\/uploads\/2023\/12\/SPOT-logo-skupaj-zgoraj.png 519w, https:\/\/www.ora.si\/wp-content\/uploads\/2023\/12\/SPOT-logo-skupaj-zgoraj-300x60.png 300w\" sizes=\"auto, (max-width: 862px) 100vw, 862px\" \/><\/h2>\n<h1 style=\"text-align: center;\">SPOT Svetovanje Obalno-kra\u0161ka 2026-2029<\/h1>\n<p>\u00a0<\/p>\n<h3 style=\"text-align: center;\"><strong>Brezpla\u010dne podjetni\u0161ke storitve preko JR za zagotavljanje celovitih storitev za potencialne in delujo\u010de podjetnike preko podpornih instit. za obdobje 2026-2029.<\/strong><\/h3>\n<h4 style=\"text-align: center;\"><strong>Javni razpis za zagotavljanje celovitih storitev za potencialne podjetnike in podjetja preko podpornih institucij za obdobje od 2026 do 2029.<\/strong><\/h4>\n<p style=\"text-align: center;\">\u00a0<a href=\"https:\/\/www.pgz.si\/doc\/SPOT-2023.pdf\" target=\"_blank\" rel=\"noopener\">\u00bb<\/a><a href=\"https:\/\/evropskasredstva.si\/\">Portal &#8211; Evropska sredstva<\/a>\u00ab<\/p>\n<p><b>Glavni namen projekta<\/b><\/p>\n<p>Namen projekta je zagotoviti podporno okolje, ki bo na celotnem ozemlju Republike Slovenije ponujalo brezpla\u010dne in dostopne podporne storitve za ciljne skupine uporabnikov, opredeljene v tem javnem razpisu.<\/p>\n<p><b>Ciljne skupine uporabnikov<\/b><\/p>\n<ul>\n<li>Podjetja, oziroma mikro, mala in srednje velika podjetja (MSP), vklju\u010dno s socialnimi podjetji v vseh fazah razvoja.<\/li>\n<li>Potencialni podjetniki, posamezniki s podjetni\u0161ko ali socialno podjetni\u0161ko idejo.<\/li>\n<\/ul>\n<p><b>Namen in koristi storitev podpornega okolja<\/b><\/p>\n<p>Podporne storitve bodo prispevale:<\/p>\n<ul>\n<li>h krepitvi podjetni\u0161kega potenciala,<\/li>\n<li>k pospe\u0161evanju ustanavljanja novih podjetij vklju\u010dno s socialnimi podjetji,<\/li>\n<li>k pove\u010danju stopnje pre\u017eivetja novoustanovljenih podjetij,<\/li>\n<li>k premagovanju ovir na podjetni\u0161ki poti.<\/li>\n<\/ul>\n<p><b>Finan\u010dna podpora operacije<\/b><\/p>\n<p>Projekt se izvaja v okviru Javnega razpisa za zagotavljanje celovitih storitev za potencialne podjetnike in podjetja preko podpornih institucij za obdobje od 2026 do 2029 in ga delno financira Evropska unija, in sicer iz Evropskega sklada za regionalni razvoj (ESRR).<\/p>\n<p><b>Cilj projekta<\/b><\/p>\n<p>Projekt se izvaja v okviru \u00bbPrograma evropske kohezijske politike v obdobju 2021-2027\u00ab; Cilj politike 1: \u00bbKonkuren\u010dnej\u0161a in pametnej\u0161a Evropa s spodbujanjem inovativne in pametne gospodarske preobrazbe ter regionalne povezljivosti na podro\u010dju IKT; prednostne naloge 1: \u00bbInovacijska dru\u017eba znanja\u00ab; Specifi\u010dni cilj: RSO1.3. Krepitev trajnostne rasti in konkuren\u010dnosti MSP ter ustvarjanje delovnih mest v MSP, med drugim s produktivnimi nalo\u017ebami (ESRR).<\/p>\n<p>S cilj projekta bo zasledovan kazalnik u\u010dinka pove\u010danje \u0161tevila &#8220;podjetij, ki so prejela podporo\/podjetja z nefinan\u010dno podporo.&#8221;<\/p>\n<p>Cilji projekta<\/p>\n<ul>\n<li>Pove\u010danje informiranosti in znanja za re\u0161evanje izzivov na podjetni\u0161ki poti v vseh fazah podjetni\u0161kega ciklusa.<\/li>\n<\/ul>\n<ul>\n<li>Pove\u010danje zgodnje podjetni\u0161ke aktivnosti.<\/li>\n<\/ul>\n<ul>\n<li>Prispevek k nastajanju, izbolj\u0161anju, rasti in razvoju podjetij.<\/li>\n<\/ul>\n<p><b>Program storitev za potencialne podjetnike in podjetja<\/b><\/p>\n<ul>\n<li>promocija podjetni\u0161ke kulture:<br \/>o informiranje in promocija,<br \/>o dogodki promocije in informiranja<\/li>\n<\/ul>\n<ul>\n<li>izvajanje celovitih podpornih storitev:<br \/>o osnovno SPOT svetovanje,<br \/>o dogodki podjetni\u0161kega usposabljanja,<br \/>o podjetni\u0161ko mentoriranje in<br \/>o ekspertno svetovanje.<\/li>\n<\/ul>\n<p>Vsak konzorcijski partner, ki je registriran kot SPOT Registracija in v konzorciju izvaja aktivnosti SPOT svetovanja z lastnimi viri zagotavlja na svojem sede\u017eu tudi referenta\/-e SPOT Registracija za najmanj \u00bd delovnega \u010dasa na operacijo razporejenega\/-ih SPOT svetovalca\/-ev.<\/p>\n<p>Vse storitve projekta so za uporabnike\u00a0<b>brezpla\u010dne<\/b>.<\/p>\n<div class=\"elementor-element elementor-element-92aa52e elementor-widget elementor-widget-heading\" data-id=\"92aa52e\" data-element_type=\"widget\" data-widget_type=\"heading.default\">\n<div class=\"elementor-widget-container\">\n<h2 class=\"elementor-heading-title elementor-size-default\"><b>Konzorcijski partnerji<\/b><\/h2>\n<p><strong>Sede\u017e SPOT Obalno kra\u0161ke <\/strong>je na naslovu<strong> Stani\u010dev trg 1, 6000 Koper<\/strong><\/p>\n<\/div>\n<\/div>\n<div class=\"elementor-element elementor-element-5e4a2e1 elementor-widget elementor-widget-text-editor\" data-id=\"5e4a2e1\" data-element_type=\"widget\" data-widget_type=\"text-editor.default\">\n<div class=\"elementor-widget-container\">\n<h4><strong>Obmo\u010dna razvojna agencija Krasa in Brkinov d.o.o. \u2013 svetovalka mag. Elena Funa<\/strong><\/h4>\n<p>Partizanska cesta 4, 6210 Se\u017eana<\/p>\n<p>M: 051 424 532<br \/>E: <a href=\"mailto:tadej.gorup@ora.si\">elena.funa@ora.si<\/a><\/p>\n<p>\u00a0<\/p>\n<h4><strong>Obmo\u010dna obrtno-podjetni\u0161ka\u00a0 zbornica Se\u017eana \u2013 svetovalka Petra Weber<br \/><\/strong><\/h4>\n<p>Kra\u0161ka ulica 6, 6210 Se\u017eana<br \/>T: +386 5 62 02 851<br \/>E:\u00a0<a href=\"mailto:petra.weber@ozs.si\">petra.weber@ozs.si<\/a>\u00a0<\/p>\n<p>\u00a0<\/p>\n<\/div>\n<\/div>\n<h4><strong>Inkubator Se\u017eana d.o.o. \u2013 podjetni\u0161ka mentorici Ur\u0161ka Miku\u017e Zajc in Jo\u017eica Sofia Andrini<\/strong><\/h4>\n<p>Kra\u0161ka ulica 2, 6210 Se\u017eana<\/p>\n<p>T: +386 5 73 13 500<\/p>\n<p>E:\u00a0<a href=\"mailto:info@inkubator.si\">info@inkubator.si<\/a><\/p>\n<p>\u00a0<\/p>\n<div class=\"elementor-element elementor-element-5e4a2e1 elementor-widget elementor-widget-text-editor\" data-id=\"5e4a2e1\" data-element_type=\"widget\" data-widget_type=\"text-editor.default\">\n<div class=\"elementor-widget-container\">\n<h4><strong>Primorska gospodarska zbornica \u2013 svetovalka Mateja Martini<\/strong><\/h4>\n<p>Ferrarska ulica 2, 6000 Koper<br \/>T: +386 5 66 25 834<br \/>E:\u00a0<a href=\"mailto:marija.rogan-sik@pgz-slo.si\">tina.lenardic@pgz-slo.si<\/a><\/p>\n<p>\u00a0<\/p>\n<h4><strong>Obmo\u010dna obrtno-podjetni\u0161ka zbornica Koper \u2013 svetovalka Andreja Kozlovi\u010d<\/strong><\/h4>\n<p>Stani\u010dev trg 1, 6000 Koper<br \/>T: +386 5 61 39 013<\/p>\n<p>E:\u00a0<a href=\"mailto:ooz.koper@ozs.si\">ooz.koper@ozs.si<\/a><\/p>\n<\/div>\n<\/div>\n<p>\u00a0<\/p>\n<p>\u00a0<\/p>\n\n\n\n\n\n\n","protected":false},"excerpt":{"rendered":"<p>SPOT Svetovanje Obalno-kra\u0161ka 2026-2029 \u00a0 Brezpla\u010dne podjetni\u0161ke storitve preko JR za zagotavljanje celovitih storitev za potencialne in delujo\u010de podjetnike preko podpornih instit. za obdobje 2026-2029. Javni razpis za zagotavljanje celovitih storitev za potencialne podjetnike in podjetja preko podpornih institucij za obdobje od 2026 do 2029. \u00a0\u00bbPortal &#8211; Evropska sredstva\u00ab Glavni namen projekta Namen projekta je [&hellip;]<\/p>\n","protected":false},"author":2,"featured_media":0,"parent":0,"menu_order":0,"comment_status":"closed","ping_status":"closed","template":"","meta":{"_genesis_hide_title":false,"_genesis_hide_breadcrumbs":false,"_genesis_hide_singular_image":false,"_genesis_hide_footer_widgets":false,"_genesis_custom_body_class":"","_genesis_custom_post_class":"","_genesis_layout":"","footnotes":""},"class_list":{"0":"post-748","1":"page","2":"type-page","3":"status-publish","5":"entry"},"_links":{"self":[{"href":"https:\/\/www.ora.si\/index.php\/wp-json\/wp\/v2\/pages\/748","targetHints":{"allow":["GET"]}}],"collection":[{"href":"https:\/\/www.ora.si\/index.php\/wp-json\/wp\/v2\/pages"}],"about":[{"href":"https:\/\/www.ora.si\/index.php\/wp-json\/wp\/v2\/types\/page"}],"author":[{"embeddable":true,"href":"https:\/\/www.ora.si\/index.php\/wp-json\/wp\/v2\/users\/2"}],"replies":[{"embeddable":true,"href":"https:\/\/www.ora.si\/index.php\/wp-json\/wp\/v2\/comments?post=748"}],"version-history":[{"count":40,"href":"https:\/\/www.ora.si\/index.php\/wp-json\/wp\/v2\/pages\/748\/revisions"}],"predecessor-version":[{"id":4146,"href":"https:\/\/www.ora.si\/index.php\/wp-json\/wp\/v2\/pages\/748\/revisions\/4146"}],"wp:attachment":[{"href":"https:\/\/www.ora.si\/index.php\/wp-json\/wp\/v2\/media?parent=748"}],"curies":[{"name":"wp","href":"https:\/\/api.w.org\/{rel}","templated":true}]}}