{"id":3830,"date":"2024-02-23T07:23:10","date_gmt":"2024-02-23T07:23:10","guid":{"rendered":"https:\/\/www.ora.si\/?page_id=3830"},"modified":"2024-02-23T07:23:10","modified_gmt":"2024-02-23T07:23:10","slug":"umetna-inteligenca-spreminja-svet-podjetnistva","status":"publish","type":"page","link":"https:\/\/www.ora.si\/index.php\/umetna-inteligenca-spreminja-svet-podjetnistva\/","title":{"rendered":"Umetna inteligenca spreminja svet podjetni\u0161tva"},"content":{"rendered":"\n<p><img loading=\"lazy\" decoding=\"async\" class=\"aligncenter  wp-image-3790\" src=\"https:\/\/www.ora.si\/wp-content\/uploads\/2024\/01\/SPOT-logo-zgoraj-\u2013-ORA.png\" alt=\"\" width=\"696\" height=\"150\" srcset=\"https:\/\/www.ora.si\/wp-content\/uploads\/2024\/01\/SPOT-logo-zgoraj-\u2013-ORA.png 538w, https:\/\/www.ora.si\/wp-content\/uploads\/2024\/01\/SPOT-logo-zgoraj-\u2013-ORA-300x65.png 300w\" sizes=\"auto, (max-width: 696px) 100vw, 696px\" \/><\/p>\n<p style=\"text-align: right;\">23. 02. 2024 \/ Tadej Gorup \/ SPOT<\/p>\n<p><strong>\u00a0<\/strong><\/p>\n<p><strong>Umetna inteligenca spreminja svet podjetni\u0161tva: nova obzorja in prilo\u017enosti<\/strong><\/p>\n<p>\u00a0<\/p>\n<p><strong>Uvod<\/strong><\/p>\n<p>Umetna inteligenca (UI) v zadnjih letih do\u017eivlja ogromen razmah ter je postala ena najbolj prepoznavnih in vznemirljivih tehnolo\u0161kih inovacij 21. stoletja. Gre za tehnolo\u0161ko paradigmo, ki omogo\u010da ra\u010dunalnikom, da simulirajo \u010dlove\u0161ko inteligenco, vklju\u010dno z u\u010denjem, razumevanjem jezika, zaznavanjem okolja ter sprejemanjem odlo\u010ditev. Njena sposobnost u\u010denja, prilagajanja in avtonomnega delovanja je uporabna tudi v podjetni\u0161tvu, saj spreminja na\u010din, kako podjetniki razmi\u0161ljajo, na\u010drtujejo in uresni\u010dujejo svoje poslovne strategije. V poslovnem kontekstu predstavlja tudi preboj v na\u010dinu, kako podjetja zbirajo, analizirajo in uporabljajo podatke za izbolj\u0161anje svojih poslovnih procesov in odlo\u010ditev.<\/p>\n<p>Kako umetna inteligenca vpliva na podjetni\u0161tvo, kak\u0161ne prilo\u017enosti in izzive prina\u0161a ter kako lahko podjetniki izkoristijo njene prednosti za uspe\u0161no poslovanje v digitalni dobi?<\/p>\n<p>\u00a0<\/p>\n<p><strong>Raba umetne inteligence v podjetni\u0161tvu in prilo\u017enosti, ki jih prina\u0161a za mala in srednje velika podjetja<\/strong><\/p>\n<p>Umetna inteligenca v podjetni\u0161tvu predstavlja revolucijo v na\u010dinu, kako podjetja delujejo in se razvijajo. S sposobnostjo analize velikih koli\u010din podatkov, avtonomnega odlo\u010danja in prilagajanja okolju UI omogo\u010da podjetjem, da izbolj\u0161ajo svojo u\u010dinkovitost, optimizirajo procese ter ustvarjajo prilagojene izku\u0161nje za stranke.<\/p>\n<p>Podjetniki, ki svoje vire vlagajo v sodobno tehnologijo, lahko prednosti umetne inteligence v praksi izkoristijo na ve\u010d na\u010dinov:<\/p>\n<ul>\n<li><strong>Analiza velike koli\u010dine podatkov za izbolj\u0161anje poslovanja in bolj\u0161e razumevanje strank:<\/strong><\/li>\n<\/ul>\n<p>\u00a0\u00a0\u00a0\u00a0\u00a0\u00a0 Podjetja se soo\u010dajo z vedno ve\u010djimi koli\u010dinami podatkov, ki jih lahko UI analizira hitreje in natan\u010dneje kot \u010dlove\u0161ki analitiki. To omogo\u010da podjetjem bolj\u0161e razumevanje vzorcev, trendov in skritih povezav v podatkih, kar jim pomaga pri sprejemanju odlo\u010ditev, ki temeljijo na informacijah. Poleg tega lahko podjetja uporabijo algoritme strojnega u\u010denja za analizo podatkov o strankah, vklju\u010dno z njihovimi nakupovalnimi navadami ter interakcijami na spletnih straneh in dru\u017ebenih omre\u017ejih. S tem lahko razvijejo bolj\u0161e strategije za tr\u017eenje, prilagajajo izdelke in storitve ter izbolj\u0161ajo celotno uporabni\u0161ko izku\u0161njo.<\/p>\n<ul>\n<li><strong>Razvoj inovativnih izdelkov in storitev po meri strank: <\/strong><\/li>\n<\/ul>\n<p>\u00a0\u00a0\u00a0\u00a0\u00a0\u00a0 Z uporabo umetne inteligence lahko podjetniki razvijejo inovativne izdelke in storitve, ki ustrezajo specifi\u010dnim potrebam in \u017eeljam sodobnih potro\u0161nikov. Na ta na\u010din lahko pove\u010dajo zadovoljstvo strank, lojalnost in ponovne nakupe.<\/p>\n<ul>\n<li><strong>Napovedovanje prihodnjih dogodkov in povpra\u0161evanja ter optimizacija zalog:<\/strong><\/li>\n<\/ul>\n<p>\u00a0\u00a0\u00a0\u00a0\u00a0\u00a0 UI lahko na podlagi analize zgodovinskih podatkov in vzorcev napove prihodnje dogodke ter trende na trgu. To podjetjem omogo\u010da, da se pravo\u010dasno prilagodijo na spremembe in izkoristijo prilo\u017enosti na trgu. Z uporabo algoritmov strojnega u\u010denja pa lahko napovedujejo tudi prihodnje povpra\u0161evanje po izdelkih in storitvah ter optimizirajo svoje zaloge, da bi zadovoljili povpra\u0161evanje in obenem zmanj\u0161ali stro\u0161ke zalog.<\/p>\n<ul>\n<li><strong>Optimizacija poslovnih procesov in avtomatizacija ponavljajo\u010dih se nalog:<\/strong><\/li>\n<\/ul>\n<p>\u00a0\u00a0\u00a0\u00a0\u00a0\u00a0 S pomo\u010djo algoritmov strojnega u\u010denja lahko podjetja avtomatizirajo odlo\u010danje v realnem \u010dasu. To omogo\u010da hitrej\u0161e in bolj prilagodljivo odzivanje na spremembe trga ter optimizacijo poslovnih procesov. Poleg tega lahko umetna inteligenca omogo\u010da avtomatizacijo ponavljajo\u010dih se nalog, kot so odgovarjanje na e-po\u0161to, obdelava naro\u010dil in upravljanje zalog. To lahko pove\u010da u\u010dinkovitost in zmanj\u0161a \u010dasovni vlo\u017eek ter \u010dlove\u0161ke vire pri opravljanju rutinskih opravil.<\/p>\n<ul>\n<li><strong>Izbolj\u0161anje in personalizacija izku\u0161enj strank:<\/strong><\/li>\n<\/ul>\n<p>\u00a0\u00a0\u00a0\u00a0\u00a0\u00a0 UI omogo\u010da podjetjem ustvarjanje personaliziranih izku\u0161enj za stranke na podlagi njihovih preferenc, zgodovine nakupov in vedenja na spletu. Personalizacija izbolj\u0161uje zvestobo strank, pove\u010duje stopnjo zadovoljstva in spodbuja ponovne nakupe.<\/p>\n<ul>\n<li><strong>Izbolj\u0161anje procesov podpore strankam:<\/strong><\/li>\n<\/ul>\n<p>\u00a0\u00a0\u00a0\u00a0\u00a0\u00a0 Umetna inteligenca lahko podjetjem pomaga pri avtomatizaciji procesov podpore strankam, kot so spletni klepeti, samodejni odgovori na elektronsko po\u0161to in virtualni pomo\u010dniki. To lahko pove\u010da zadovoljstvo strank in zmanj\u0161a potrebo po \u010dlove\u0161kem posredovanju.<\/p>\n<ul>\n<li><strong>Analiza konkurence in tr\u017eenjskih trendov:<\/strong><\/li>\n<\/ul>\n<p>\u00a0\u00a0\u00a0\u00a0\u00a0\u00a0 Umetna inteligenca lahko podjetjem pomaga pri analizi konkurence in tr\u017eenjskih trendov ter jim pomaga razviti bolj\u0161e strategije za pridobivanje strank, pozicioniranje na trgu in razvoj novih izdelkov ter storitev.<\/p>\n<p>\u00a0\u00a0\u00a0\u00a0\u00a0\u00a0 Z uporabo teh strategij lahko mala in srednje velika podjetja izkoristijo prednosti umetne inteligence ter postanejo bolj konkuren\u010dna in inovativna na trgu. Pri tem pa je pomembno, da podjetja skrbno na\u010drtujejo in izvajajo svoje projekte, ki vklju\u010dujejo rabo umetne inteligence, zagotovijo neprestano izobra\u017eevanje na tem podro\u010dju ter se prilagajajo novim trendom in tehnologijam.<\/p>\n<p>\u00a0<\/p>\n<p><strong>Izzivi in eti\u010dna vpra\u0161anja pri uporabi umetne inteligence v podjetni\u0161tvu<\/strong><\/p>\n<p>Kljub obetavnim prilo\u017enostim, ki jih omogo\u010da umetna inteligenca, ta s seboj prina\u0161a tudi izzive, s katerimi se morajo podjetniki soo\u010diti.<\/p>\n<p>Najbolj pere\u010de je vsekakor vpra\u0161anje <em>zasebnosti podatkov<\/em>. Z nara\u0161\u010dajo\u010do koli\u010dino zbranih podatkov se namre\u010d postavlja vpra\u0161anje o varovanju zasebnosti, zlasti strank, in eti\u010dni rabi podatkov s strani podjetij.<\/p>\n<p>Nato so tu <em>napake in nezanesljivosti<\/em>, ki se lahko pojavijo pri uporabi umetne inteligence. Ta namre\u010d ni popolna, zato se nanjo ne gre 100-odstotno zana\u0161ati, saj lahko ponudi nepreverjene, mnogokrat tudi nezanesljive rezultate. Slepo upo\u0161tevanje le-teh pa lahko privede do napa\u010dnih odlo\u010ditev, zato mora biti podjetnik zelo pozoren na to, kako ravnati z dobljenimi rezultati in skrbno preveriti njihovo relevantnost, saj se lahko zgodi, da si UI zaradi pomanjkanja razpolo\u017eljivih podatkov, do katerih dostopa, odgovore dobesedno izmisli, oziroma za\u010dne \u00bbhalucinirati\u00ab. Zato je pomembno tudi, kako se uporabniki odzovejo na take situacije in kaj se lahko iz njih nau\u010dijo.<\/p>\n<p>Nezanemarljivi pa so tudi <em>dru\u017ebeni vplivi umetne inteligence<\/em>. Njen razvoj lahko med drugim vpliva na trg dela in dru\u017ebeno strukturo, zato morajo biti podjetja pozorna na vpliv svojih tehnolo\u0161kih re\u0161itev na dru\u017ebo in skupnost.<\/p>\n<p>\u00a0<\/p>\n<p><strong>Zaklju\u010dek<\/strong><\/p>\n<p>Umetna inteligenca predstavlja pomembno orodje za podjetja v digitalni dobi, ki bo s\u010dasoma postalo nepogre\u0161ljivo. Z ustrezno strategijo in pristopom lahko podjetja izkoristijo prednosti UI za izbolj\u0161anje svojih poslovnih procesov, pove\u010danje konkuren\u010dnosti in ustvarjanje dodatne vrednosti za stranke, pri \u010demer pa ne smejo zanemariti zlasti eti\u010dnih vpra\u0161anj, ki zadevajo dru\u017ebo kot celoto.<\/p>\n<p>\u00a0<\/p>\n<p><img loading=\"lazy\" decoding=\"async\" class=\"aligncenter  wp-image-3756\" src=\"https:\/\/www.ora.si\/wp-content\/uploads\/2023\/12\/SPOT-logo-spodaj.png\" alt=\"\" width=\"746\" height=\"90\" srcset=\"https:\/\/www.ora.si\/wp-content\/uploads\/2023\/12\/SPOT-logo-spodaj.png 547w, https:\/\/www.ora.si\/wp-content\/uploads\/2023\/12\/SPOT-logo-spodaj-300x36.png 300w\" sizes=\"auto, (max-width: 746px) 100vw, 746px\" \/><\/p>\n","protected":false},"excerpt":{"rendered":"<p>23. 02. 2024 \/ Tadej Gorup \/ SPOT \u00a0 Umetna inteligenca spreminja svet podjetni\u0161tva: nova obzorja in prilo\u017enosti \u00a0 Uvod Umetna inteligenca (UI) v zadnjih letih do\u017eivlja ogromen razmah ter je postala ena najbolj prepoznavnih in vznemirljivih tehnolo\u0161kih inovacij 21. stoletja. Gre za tehnolo\u0161ko paradigmo, ki omogo\u010da ra\u010dunalnikom, da simulirajo \u010dlove\u0161ko inteligenco, vklju\u010dno z u\u010denjem, [&hellip;]<\/p>\n","protected":false},"author":2,"featured_media":0,"parent":0,"menu_order":0,"comment_status":"closed","ping_status":"closed","template":"","meta":{"_genesis_hide_title":false,"_genesis_hide_breadcrumbs":false,"_genesis_hide_singular_image":false,"_genesis_hide_footer_widgets":false,"_genesis_custom_body_class":"","_genesis_custom_post_class":"","_genesis_layout":"","footnotes":""},"class_list":{"0":"post-3830","1":"page","2":"type-page","3":"status-publish","5":"entry"},"_links":{"self":[{"href":"https:\/\/www.ora.si\/index.php\/wp-json\/wp\/v2\/pages\/3830","targetHints":{"allow":["GET"]}}],"collection":[{"href":"https:\/\/www.ora.si\/index.php\/wp-json\/wp\/v2\/pages"}],"about":[{"href":"https:\/\/www.ora.si\/index.php\/wp-json\/wp\/v2\/types\/page"}],"author":[{"embeddable":true,"href":"https:\/\/www.ora.si\/index.php\/wp-json\/wp\/v2\/users\/2"}],"replies":[{"embeddable":true,"href":"https:\/\/www.ora.si\/index.php\/wp-json\/wp\/v2\/comments?post=3830"}],"version-history":[{"count":2,"href":"https:\/\/www.ora.si\/index.php\/wp-json\/wp\/v2\/pages\/3830\/revisions"}],"predecessor-version":[{"id":3916,"href":"https:\/\/www.ora.si\/index.php\/wp-json\/wp\/v2\/pages\/3830\/revisions\/3916"}],"wp:attachment":[{"href":"https:\/\/www.ora.si\/index.php\/wp-json\/wp\/v2\/media?parent=3830"}],"curies":[{"name":"wp","href":"https:\/\/api.w.org\/{rel}","templated":true}]}}