{"id":3797,"date":"2024-01-22T07:45:51","date_gmt":"2024-01-22T07:45:51","guid":{"rendered":"https:\/\/www.ora.si\/?page_id=3797"},"modified":"2024-01-22T08:03:05","modified_gmt":"2024-01-22T08:03:05","slug":"prednosti-samozaposlitve-za-mlade-v-digitalni-dobi","status":"publish","type":"page","link":"https:\/\/www.ora.si\/index.php\/prednosti-samozaposlitve-za-mlade-v-digitalni-dobi\/","title":{"rendered":"Prednosti samozaposlitve za mlade v digitalni dobi"},"content":{"rendered":"\n\n\n<p><img loading=\"lazy\" decoding=\"async\" class=\"aligncenter  wp-image-3790\" src=\"https:\/\/www.ora.si\/wp-content\/uploads\/2024\/01\/SPOT-logo-zgoraj-\u2013-ORA.png\" alt=\"\" width=\"732\" height=\"158\" srcset=\"https:\/\/www.ora.si\/wp-content\/uploads\/2024\/01\/SPOT-logo-zgoraj-\u2013-ORA.png 538w, https:\/\/www.ora.si\/wp-content\/uploads\/2024\/01\/SPOT-logo-zgoraj-\u2013-ORA-300x65.png 300w\" sizes=\"auto, (max-width: 732px) 100vw, 732px\" \/><\/p>\n<p style=\"text-align: right;\">19. 01. 2024 \/ Tadej Gorup \/ SPOT<\/p>\n<h3><strong>Svoboda in ustvarjalnost: Prednosti samozaposlitve za mlade v digitalni dobi<\/strong><\/h3>\n<p><strong>Uvod<\/strong><\/p>\n<p>V sodobnem svetu se mladi \u2013 pa tudi manj mladi \u2013 vse pogosteje odlo\u010dajo za pot samozaposlitve oziroma ustanovitev lastnega podjetja. Ta trend ni le posledica \u017eelje po finan\u010dni neodvisnosti, temve\u010d tudi potrebe po izra\u017eanju kreativnosti in \u017eelje po izpolnjujo\u010dem \u017eivljenju. V tem \u010dlanku bomo raziskali prednosti, ki jih prina\u0161a samozaposlitev za mlade, ter se dotaknili pojmov digitalno nomadstvo in co-living, ki sta danes pomembna dejavnika pri odlo\u010danju mladih za samostojno karierno pot.<\/p>\n<p><strong>Svoboda in prilagodljivost<\/strong><\/p>\n<p>Samostojni podjetniki in samozaposleni se lahko svobodno odlo\u010dajo o delovnem \u010dasu. Imajo ta privilegij, da si lahko sami dolo\u010dajo, kdaj in koliko bodo delali, le da je delo pravo\u010dasno narejeno. Ta prilagodljivost jim omogo\u010da bolj\u0161e prilagajanje delovnega \u010dasa osebnemu ritmu in preferencam.<\/p>\n<p>Delo pa lahko opravljajo od koder koli, saj je s pove\u010danjem tehnolo\u0161kih mo\u017enosti delo na daljavo postalo resni\u010dnost. Mladi imajo mo\u017enost delati od doma, v kavarni, ob obali ali celo iz tujine, kar jim omogo\u010da izkori\u0161\u010danje raznolikosti delovnega okolja.<\/p>\n<p><strong>Kreativno izra\u017eanje<\/strong><\/p>\n<p>Samostojnost pri opravljanju posla ponuja prilo\u017enost za ustvarjanje produktov s strastjo. Mladi podjetniki lahko razvijajo izdelke ali storitve, ki odra\u017eajo njihovo strast in osebne interese, kar ne prina\u0161a le finan\u010dnega uspeha, temve\u010d tudi zadovoljstvo pri izdelavi ne\u010desa, kar imajo radi.<\/p>\n<p>Poleg tega neobremenjenost samostojnih podjetnikov s hierarhi\u010dnimi strukturami lahko spodbuja svobodno razmi\u0161ljanje in snovanje inovativnih idej.<\/p>\n<p><strong>Digitalno nomadstvo<\/strong><\/p>\n<p>Delo s pogledom na svet. Vse ve\u010d mladih podjetnikov se zavestno odlo\u010di za tak posel, pri katerem ne potrebujejo ni\u010desar drugega kot pametni telefon in prenosni ra\u010dunalnik, da niso fizi\u010dno vezani na neko lokacijo. To obliko samozaposlitve ali podjetni\u0161tva poznamo pod pojmom \u00bbdigitalno nomadstvo\u00ab,\u00a0 saj imajo podjetniki oziroma digitalni nomadi ta privilegij, da lahko delajo od vsepovsod, tudi iz krajev, ki jih sicer morda ne bi imeli prilo\u017enosti raziskati. Ta na\u010din \u017eivljenja omogo\u010da bogate izku\u0161nje, spoznavanje novih kultur in \u0161irjenje svetovnega pogleda, kar so zelo pomembni vidiki pri opravljanju posla, tudi \u010de bi se kasneje odlo\u010dili za bolj konvencionalno obliko podjetni\u0161tva, usmerjeno na mednarodni trg.<\/p>\n<p>Uporaba sodobnih tehnologij omogo\u010da namre\u010d mo\u010dno olaj\u0161a povezovanje z ljudmi po vsem svetu, kar omogo\u010da ustvarjanje globalne mre\u017ee sodelavcev, strank in prijateljev.<\/p>\n<p><strong>Co-living<\/strong><\/p>\n<p>Kreativno sodelovanje v skupnosti oziroma \u00bbCo-living\u00ab omogo\u010da mladim podjetnikom, da delijo prostor s podobno misle\u010dimi posamezniki. To ustvarja dinami\u010dno okolje za izmenjavo idej, re\u0161evanje problemov in kreativno sodelovanje. Co-living skupnosti pa ne ponujajo le delovnega okolja, temve\u010d tudi podporno socialno mre\u017eo. Souporabniki tako skupaj premagujejo izzive podjetni\u0161tva in se vzajemno spodbujajo k rasti.<\/p>\n<p><strong>Podjetni\u0161ka rast in osebni razvoj<\/strong><\/p>\n<p>Vsak dan prina\u0161a nove izzive, kar spodbuja mlade podjetnike k stalnemu u\u010denju. Razvoj ve\u0161\u010din, kot so tr\u017eenje, komunikacija in vodenje, postane neprekinjen proces. Poleg tega nadzor nad poslovnimi odlo\u010ditvami in prevzemanje odgovornosti za poslovne odlo\u010ditve krepi vodstvene ve\u0161\u010dine. Na ta na\u010din se mladi podjetniki nau\u010dijo sprejemati hitre odlo\u010ditve in prevzeti odgovornost zanje.<\/p>\n<p><strong>Finan\u010dna neodvisnost<\/strong><\/p>\n<p>Samozaposleni in samostojni podjetniki imajo popoln nadzor nad cenami svojih izdelkov ali storitev. To pomeni, da lahko prilagodijo svoje poslovne modele glede na tr\u017ene trende in svoje finan\u010dne cilje.<\/p>\n<p>Razumevanje finan\u010dnih osnov in upravljanje svojih financ mladim podjetnikom namre\u010d pomaga pri na\u010drtovanju dolgoro\u010dne stabilnosti. Na ta na\u010din lahko z oblikovanjem pametnih finan\u010dnih strategij dosegajo \u017eeleno finan\u010dno neodvisnost.<\/p>\n<p><strong>Izzivi in nagrade<\/strong><\/p>\n<p>Izzivi, ki jih prina\u0161ajo raznovrstni poslovni projekti, zahtevajo razli\u010dne ve\u0161\u010dine. To spodbuja mlade podjetnike, da se neprestano u\u010dijo in prilagajajo razli\u010dnim situacijam.<\/p>\n<p>Vendar pa so kljub izzivom in te\u017eavam, ki jih prina\u0161a podjetni\u0161tvo, nagrade za uspe\u0161no realiziran posel ali projekt neprecenljive. Vsak dose\u017eek je rezultat trdega dela, vztrajnosti in inovativnosti podjetnika.<\/p>\n<p><strong>Zaklju\u010dek<\/strong><\/p>\n<p>Samozaposlitev in podjetni\u0161tvo predstavljata edinstveno prilo\u017enost za mlade, da oblikujejo svojo karierno pot v digitalni dobi. S kombinacijo svobode, kreativnosti in zagnanosti lahko mladi u\u017eivajo v izpolnjujo\u010dem \u017eivljenju, polnem izzivov in nagrad, pri \u010demer razvijajo svoje podjetni\u0161ke ideje in ve\u0161\u010dine.<\/p>\n<p>Za nasvete in pomo\u010d pri odlo\u010ditvi o tovrstni karierni poti se lahko mladi potencialni podjetniki obrnejo na svetovalce na to\u010dkah SPOT, kjer bodo prejeli informacije o postopku ustanovitve podjetja ter dragocene nasvete za zagon in razvoj svojega posla.<\/p>\n<p><img loading=\"lazy\" decoding=\"async\" class=\"aligncenter  wp-image-3756\" src=\"https:\/\/www.ora.si\/wp-content\/uploads\/2023\/12\/SPOT-logo-spodaj.png\" alt=\"\" width=\"795\" height=\"96\" srcset=\"https:\/\/www.ora.si\/wp-content\/uploads\/2023\/12\/SPOT-logo-spodaj.png 547w, https:\/\/www.ora.si\/wp-content\/uploads\/2023\/12\/SPOT-logo-spodaj-300x36.png 300w\" sizes=\"auto, (max-width: 795px) 100vw, 795px\" \/><\/p>\n<p>\u00a0<\/p>\n","protected":false},"excerpt":{"rendered":"<p>19. 01. 2024 \/ Tadej Gorup \/ SPOT Svoboda in ustvarjalnost: Prednosti samozaposlitve za mlade v digitalni dobi Uvod V sodobnem svetu se mladi \u2013 pa tudi manj mladi \u2013 vse pogosteje odlo\u010dajo za pot samozaposlitve oziroma ustanovitev lastnega podjetja. Ta trend ni le posledica \u017eelje po finan\u010dni neodvisnosti, temve\u010d tudi potrebe po izra\u017eanju kreativnosti [&hellip;]<\/p>\n","protected":false},"author":2,"featured_media":0,"parent":0,"menu_order":0,"comment_status":"closed","ping_status":"closed","template":"","meta":{"_genesis_hide_title":false,"_genesis_hide_breadcrumbs":false,"_genesis_hide_singular_image":false,"_genesis_hide_footer_widgets":false,"_genesis_custom_body_class":"","_genesis_custom_post_class":"","_genesis_layout":"","footnotes":""},"class_list":{"0":"post-3797","1":"page","2":"type-page","3":"status-publish","5":"entry"},"_links":{"self":[{"href":"https:\/\/www.ora.si\/index.php\/wp-json\/wp\/v2\/pages\/3797","targetHints":{"allow":["GET"]}}],"collection":[{"href":"https:\/\/www.ora.si\/index.php\/wp-json\/wp\/v2\/pages"}],"about":[{"href":"https:\/\/www.ora.si\/index.php\/wp-json\/wp\/v2\/types\/page"}],"author":[{"embeddable":true,"href":"https:\/\/www.ora.si\/index.php\/wp-json\/wp\/v2\/users\/2"}],"replies":[{"embeddable":true,"href":"https:\/\/www.ora.si\/index.php\/wp-json\/wp\/v2\/comments?post=3797"}],"version-history":[{"count":4,"href":"https:\/\/www.ora.si\/index.php\/wp-json\/wp\/v2\/pages\/3797\/revisions"}],"predecessor-version":[{"id":3805,"href":"https:\/\/www.ora.si\/index.php\/wp-json\/wp\/v2\/pages\/3797\/revisions\/3805"}],"wp:attachment":[{"href":"https:\/\/www.ora.si\/index.php\/wp-json\/wp\/v2\/media?parent=3797"}],"curies":[{"name":"wp","href":"https:\/\/api.w.org\/{rel}","templated":true}]}}