{"id":3360,"date":"2022-08-01T06:06:29","date_gmt":"2022-08-01T06:06:29","guid":{"rendered":"https:\/\/www.ora.si\/?page_id=3360"},"modified":"2022-09-21T07:40:49","modified_gmt":"2022-09-21T07:40:49","slug":"projekti-esrr","status":"publish","type":"page","link":"https:\/\/www.ora.si\/index.php\/projekti-esrr\/","title":{"rendered":"Projekti ESRR"},"content":{"rendered":"\n<p><br \/><strong><a href=\"https:\/\/www.ora.si\/wp-content\/uploads\/2022\/08\/INKUBATOR_TURIZMA.pdf\" target=\"_blank\" rel=\"noopener\">Inkubator turizma<\/a><\/strong><\/p>\n<p><strong><a href=\"https:\/\/www.ora.si\/wp-content\/uploads\/2022\/08\/KULTURNA_IN_KRASOSLOVNA_DEDISCINA.pdf\" target=\"_blank\" rel=\"noopener\">Kulturna in krasoslovna dedi\u0161\u010dina<\/a><\/strong><\/p>\n<p><strong><a href=\"https:\/\/www.ora.si\/wp-content\/uploads\/2022\/08\/MEDGENERACIJSKI_PARK_KOMEN.pdf\" target=\"_blank\" rel=\"noopener\">Medgeneracijski park Komen<\/a><\/strong><\/p>\n<p><strong><a href=\"https:\/\/www.ora.si\/wp-content\/uploads\/2022\/08\/Za_lepse_okolje_splet.pdf\" target=\"_blank\" rel=\"noopener\">Za lep\u0161e okolje<\/a><\/strong><\/p>\n<p><img loading=\"lazy\" decoding=\"async\" class=\"alignnone  wp-image-3378\" src=\"https:\/\/www.ora.si\/wp-content\/uploads\/2022\/08\/Logo_EKP_sklad_za_regionalni_razvoj_SLO_slogan.jpg\" alt=\"\" width=\"231\" height=\"112\" srcset=\"https:\/\/www.ora.si\/wp-content\/uploads\/2022\/08\/Logo_EKP_sklad_za_regionalni_razvoj_SLO_slogan.jpg 1000w, https:\/\/www.ora.si\/wp-content\/uploads\/2022\/08\/Logo_EKP_sklad_za_regionalni_razvoj_SLO_slogan-300x145.jpg 300w, https:\/\/www.ora.si\/wp-content\/uploads\/2022\/08\/Logo_EKP_sklad_za_regionalni_razvoj_SLO_slogan-768x372.jpg 768w\" sizes=\"auto, (max-width: 231px) 100vw, 231px\" \/><img loading=\"lazy\" decoding=\"async\" class=\"alignnone wp-image-3375 \" src=\"https:\/\/www.ora.si\/wp-content\/uploads\/2022\/08\/MGRT_logotip.jpg\" alt=\"\" width=\"294\" height=\"84\" srcset=\"https:\/\/www.ora.si\/wp-content\/uploads\/2022\/08\/MGRT_logotip.jpg 420w, https:\/\/www.ora.si\/wp-content\/uploads\/2022\/08\/MGRT_logotip-300x86.jpg 300w\" sizes=\"auto, (max-width: 294px) 100vw, 294px\" \/><\/p>\n<p><em>Nalo\u017ebe sofinancirata Republika Slovenija in Evropska unija iz Evropskega sklada za regionalni razvoj.<\/em><\/p>\n<p>Povezava na spletno stran evropske kohezijske politike v Sloveniji: <a href=\"http:\/\/www.euskladi.si\">www.euskladi.si<\/a><\/p>\n","protected":false},"excerpt":{"rendered":"<p>Inkubator turizma Kulturna in krasoslovna dedi\u0161\u010dina Medgeneracijski park Komen Za lep\u0161e okolje Nalo\u017ebe sofinancirata Republika Slovenija in Evropska unija iz Evropskega sklada za regionalni razvoj. Povezava na spletno stran evropske kohezijske politike v Sloveniji: www.euskladi.si<\/p>\n","protected":false},"author":2,"featured_media":0,"parent":0,"menu_order":0,"comment_status":"closed","ping_status":"closed","template":"","meta":{"_genesis_hide_title":false,"_genesis_hide_breadcrumbs":false,"_genesis_hide_singular_image":false,"_genesis_hide_footer_widgets":false,"_genesis_custom_body_class":"","_genesis_custom_post_class":"","_genesis_layout":"","footnotes":""},"class_list":{"0":"post-3360","1":"page","2":"type-page","3":"status-publish","5":"entry"},"_links":{"self":[{"href":"https:\/\/www.ora.si\/index.php\/wp-json\/wp\/v2\/pages\/3360","targetHints":{"allow":["GET"]}}],"collection":[{"href":"https:\/\/www.ora.si\/index.php\/wp-json\/wp\/v2\/pages"}],"about":[{"href":"https:\/\/www.ora.si\/index.php\/wp-json\/wp\/v2\/types\/page"}],"author":[{"embeddable":true,"href":"https:\/\/www.ora.si\/index.php\/wp-json\/wp\/v2\/users\/2"}],"replies":[{"embeddable":true,"href":"https:\/\/www.ora.si\/index.php\/wp-json\/wp\/v2\/comments?post=3360"}],"version-history":[{"count":7,"href":"https:\/\/www.ora.si\/index.php\/wp-json\/wp\/v2\/pages\/3360\/revisions"}],"predecessor-version":[{"id":3392,"href":"https:\/\/www.ora.si\/index.php\/wp-json\/wp\/v2\/pages\/3360\/revisions\/3392"}],"wp:attachment":[{"href":"https:\/\/www.ora.si\/index.php\/wp-json\/wp\/v2\/media?parent=3360"}],"curies":[{"name":"wp","href":"https:\/\/api.w.org\/{rel}","templated":true}]}}