{"id":3131,"date":"2021-12-23T06:51:50","date_gmt":"2021-12-23T06:51:50","guid":{"rendered":"https:\/\/www.ora.si\/?page_id=3131"},"modified":"2021-12-23T06:51:50","modified_gmt":"2021-12-23T06:51:50","slug":"politika-varstva-osebnih-podatkov","status":"publish","type":"page","link":"https:\/\/www.ora.si\/index.php\/politika-varstva-osebnih-podatkov\/","title":{"rendered":"Politika varstva osebnih podatkov"},"content":{"rendered":"\n<p>Namen politike varstva osebnih podatkov je seznaniti posameznike, uporabnike storitev, sodelavce, zaposlene ter druge osebe (v nadaljevanju: \u00bbposameznik\u00ab), ki sodelujejo z Obmo\u010dno razvojno agencijo Krasa in Brkinov d.o.o. (v nadaljevanju: \u00bborganizacija\u00ab) o namenih, pravnih podlagah, varnostnih ukrepih in pravicah posameznikov glede obdelave osebnih podatkov, ki jih izvaja na\u0161a organizacija.<br \/>Cenimo va\u0161o zasebnost, zato va\u0161e podatke vedno skrbno varujemo. <br \/>Osebne podatke obdelujemo v skladu z evropsko zakonodajo (Uredba (EU) 2016\/697 o varstvu posameznikov pri obdelavi osebnih podatkov in o pretoku takih podatkov (v nadaljevanju: \u00bbSplo\u0161na uredba\u00ab)), veljavno slovensko zakonodajo s podro\u010dja varstva osebnih podatkov in drugo zakonodajo, ki nam daje pravno podlago za obdelavo osebnih podatkov.<br \/>Politika varstva osebnih podatkov vsebuje informacije, na kak na\u010din na\u0161a organizacija kot upravljavec obdeluje osebne podatke, ki jih prejme od posameznika na osnovi pravnih podlag.<\/p>\n<p>1) Upravljavec<br \/>Upravljavec osebnih podatkov je organizacija: <br \/>Obmo\u010dna razvojna agencija Krasa in Brkinov d.o.o. <br \/>Naslov: Partizanska cesta 4, 6210 Se\u017eana<br \/>E-naslov: info@ora.si<br \/>Telefon: 05\/73 44 362<br \/>2) Osebni podatki<br \/>Osebni podatek pomeni katero koli informacijo v zvezi z dolo\u010denim ali dolo\u010dljivim posameznikom; dolo\u010dljiv posameznik je tisti, ki ga je mogo\u010de neposredno ali posredno dolo\u010diti, zlasti z navedbo identifikatorja, kot je ime, identifikacijska \u0161tevilka, podatki o lokaciji, spletni identifikator, ali z navedbo enega ali ve\u010d dejavnikov, ki so zna\u010dilni za fizi\u010dno, fiziolo\u0161ko, genetsko, du\u0161evno, gospodarsko, kulturno ali dru\u017ebeno identiteto tega posameznika.<br \/>3) Nameni obdelave in podlage za obdelavo podatkov<br \/>Organizacija zbira in obdeluje va\u0161e osebne podatke na naslednjih pravnih podlagah:<br \/>obdelava je potrebna za izpolnitev zakonske obveznosti, ki velja za upravljavca;<br \/>obdelava je potrebna za izvajanje pogodbe, katere pogodbena stranka je posameznik, na katerega se nana\u0161ajo osebni podatki, ali za izvajanje ukrepov na zahtevo takega posameznika pred sklenitvijo pogodbe;<br \/>obdelava je potrebna zaradi zakonitih interesov za katere si prizadeva upravljavec ali tretja oseba;<br \/>posameznik, na katerega se nana\u0161ajo osebni podatki, je privolil v obdelavo njegovih osebnih podatkov v enega ali ve\u010d dolo\u010denih namenov;<br \/>obdelava je potrebna za za\u0161\u010dito \u017eivljenjskih interesov posameznika, na katerega se nana\u0161ajo osebni podatki, ali druge fizi\u010dne osebe.<\/p>\n<p>3.1) Izpolnitev zakonske obveznosti<br \/>Na osnovi dolo\u010dil v zakonu organizacija obdeluje podatke o svojih zaposlenih, kar omogo\u010da delovnopravna in socialnovarstvena zakonodaja. Organizacija na podlagi zakonske obveznosti za namene zaposlovanja obdeluje predvsem naslednje vrste osebnih podatkov: ime in priimek, spol, datum rojstva, EM\u0160O, dav\u010dno \u0161tevilko, kraj, ob\u010dino in dr\u017eavo rojstva, dr\u017eavljanstvo, prebivali\u0161\u010de ipd. Pravna podlaga za obdelavo osebnih podatkov posameznikov pa je tudi: Zakon o spodbujanju razvoja turizma, Zakon o osebni izkaznici, Zakon o prijavi prebivali\u0161\u010da, Zakon o varstvu dokumentarnega in arhivskega gradiva ter arhivih in druga zakonodaja z relevantnih podro\u010dij. V omejenih primerih je v organizaciji dopustna obdelava osebnih podatkov tudi na osnovi javnega interesa. Vsi veljavni podro\u010dni predpisi s podro\u010dja so zbrani na spletni strani pristojnega ministrstva: https:\/\/www.gov.si\/drzavni-organi\/ministrstva\/ministrstvo-za-kulturo\/zakonodaja\/<\/p>\n<p>3.2) Izvajanje pogodbe<br \/>V primeru, ko posameznik z organizacijo sklene dolo\u010deno pogodbo, ta predstavlja pravno podlago za obdelavo osebnih podatkov. Osebne podatke smemo tako obdelovati za sklenitev in izvajanje pogodbe, kot je npr. informiranje \u010dlanov LAS, organizacija dogodkov in ekskurzij ipd. \u010ce posameznik osebnih podatkov ne posreduje, organizacija ne more skleniti pogodbe, prav tako vam organizacija ne more izvesti storitve oziroma dostaviti blaga ali drugih produktov v skladu s sklenjeno pogodbo, saj nima potrebnih podatkov za izvedbo. Organizacija lahko na podlagi opravljanja zakonite dejavnosti posameznike in uporabnike njenih storitev na njihov elektronski naslov obve\u0161\u010da o svojih storitvah, dogodkih, izobra\u017eevanjih, ponudbah in drugih vsebinah. Posameznik lahko kadarkoli zahteva prekinitev tovrstnega komuniciranja in obdelave osebnih podatkov ter prekli\u010de prejemanje sporo\u010dil preko povezave za odjavo v prejetem sporo\u010dilu, ali kot zahtevek po elektronski po\u0161ti na info@ora.si ali z redno po\u0161to na poslovni naslov organizacije.<\/p>\n<p>3.3) Zakoniti interes<br \/>Organizacija lahko osebne podatke obdeluje tudi na podlagi zakonitega interesa, za katerega si prizadeva. Slednje ni dopustno, kadar nad takimi interesi prevladajo interesi ali temeljne pravice in svobo\u0161\u010dine posameznika, na katerega se nana\u0161ajo osebni podatki, ki zahtevajo varstvo osebnih podatkov. V primeru uporabe zakonitega interesa organizacija vedno opravi presojo skladno s Splo\u0161no uredbo. Obdelava osebnih podatkov posameznikov za namene neposrednega tr\u017eenja se \u0161teje za opravljeno v zakonitem interesu. Organizacija lahko obdeluje osebne podatke posameznikov, ki jih je zbralo iz javno dostopnih virov ali v okviru zakonitega opravljanja dejavnosti, tudi za namene ponujanja blaga, storitev, zaposlitev, obve\u0161\u010danja o ugodnostih, dogodkih ipd. Za dosego teh namenov lahko organizacija uporablja navadno po\u0161to, telefonske klice, elektronsko po\u0161to in druga telekomunikacijska sredstva. Za namene neposrednega tr\u017eenja lahko organizacija obdeluje naslednje osebne podatke posameznikov: ime in priimek posameznika, naslov stalnega ali za\u010dasnega prebivali\u0161\u010da, telefonsko \u0161tevilko in naslov elektronske po\u0161te. Navedene osebne podatke lahko za namene neposrednega tr\u017eenja organizacija obdeluje tudi brez izrecne privolitve posameznika. Posameznik lahko kadarkoli zahteva prekinitev tovrstnega komuniciranja in obdelave osebnih podatkov ter prekli\u010de prejemanje sporo\u010dil preko povezave za odjavo v prejetem sporo\u010dilu, ali kot zahtevek po elektronski po\u0161ti na info@ora.si ali z redno po\u0161to na poslovni naslov organizacije.<\/p>\n<p>3.4) Obdelava na podlagi privolitve oz. soglasja<br \/>V kolikor organizacija nima pravne podlage izkazane na osnovi zakona, pogodbene obveznosti ali zakonitega interesa, sme posameznika zaprositi za privolitev oz. soglasje. Tako lahko obdeluje dolo\u010dene osebne podatke posameznika tudi za naslednje namene, kadar posameznik poda za to soglasje:<br \/>naslov prebivali\u0161\u010da in naslov elektronske po\u0161te za namene obve\u0161\u010danja in komunikacije;<br \/>fotografije, video posnetki in druge vsebine, ki se nana\u0161ajo na posameznika (npr. objava slik posameznikov na spletni strani organizacije) za namene dokumentiranja aktivnosti in obve\u0161\u010danja javnosti o delu in dogodkih organizacije;<br \/>druge namene, za katere se posameznik strinja s privolitvijo.<\/p>\n<p>\u010ce posameznik poda soglasje za obdelavo osebnih podatkov in v nekem trenutku tega ve\u010d ne \u017eeli, lahko zahteva prekinitev obdelave osebnih podatkov z zahtevkom po elektronski po\u0161ti na info@ora.si ali z redno po\u0161to na poslovni naslov organizacije. Preklic privolitve ne vpliva na zakonitost obdelave na podlagi privolitve pred njenim preklicem.<\/p>\n<p>3.5) Obdelava je potrebna za za\u0161\u010dito \u017eivljenjskih interesov posameznika<br \/>Organizacija lahko obdeluje osebne podatke posameznika, na katerega se nana\u0161ajo osebni podatki, v kolikor je to nujno za za\u0161\u010dito njegovih \u017eivljenjskih interesov. V nujnih primerih lahko organizacija poi\u0161\u010de osebni dokument posameznika, preveri ali ta oseba obstaja v njegovi zbirki podatkov, preu\u010di njegovo anamnezo ali nave\u017ee stik z njegovimi svojci, za kar organizacija ne potrebuje posameznikove privolitve. Navedeno velja v primeru, ko je to nujno potrebno za za\u0161\u010dito \u017eivljenjskih interesov posameznika.<br \/>4) Hramba in izbris osebnih podatkov<br \/>Organizacija bo hranila osebne podatke le toliko \u010dasa, dokler bo to potrebno za uresni\u010ditev namena, zaradi katerega so bili osebni podatki zbrani in obdelovani. V kolikor organizacija podatke obdeluje na podlagi zakona, jih bo hranilo za obdobje, ki ga predpisuje zakon. Pri tem se nekateri podatki hranijo za \u010dasa sodelovanja z organizacijo, nekatere podatke pa je treba hraniti trajno. Osebne podatke, ki jih organizacija obdeluje na osnovi pogodbenega odnosa s posameznikom, organizacija hrani za obdobje, ki je potrebno za izvr\u0161itev pogodbe in \u0161e 6 let po njenem prenehanju, razen v primerih, ko pride med posameznikom in organizacijo do spora v zvezi s pogodbo. V takem primeru hrani organizacija podatke \u0161e 10 let po pravnomo\u010dnosti sodne odlo\u010dbe, arbitra\u017ee ali sodne poravnave ali, \u010de sodnega spora ni bilo, 5 let od dneva mirne razre\u0161itve spora. Tiste osebne podatke, ki jih organizacija obdeluje na podlagi osebne privolite posameznika ali zakonitega interesa, bo organizacija hranila do preklica privolitve ali do zahteve do izbrisa podatkov. Po prejemu preklica ali zahteve za izbris se podatki izbri\u0161ejo najkasneje v 15 dneh. Organizacija lahko te podatke izbri\u0161e tudi pred preklicem, kadar je bil dose\u017een namen obdelave osebnih podatkov ali \u010de tako dolo\u010da zakon.<br \/>Izjemoma lahko organizacija zavrne zahtevo za izbris iz razlogov iz Splo\u0161ne uredbe, kot so na\u0161teti: uresni\u010devanje pravice do svobode izra\u017eanja in obve\u0161\u010danja, izpolnjevanje pravne obveznosti obdelave, razlogi javnega interesa na podro\u010dju javnega zdravja, nameni arhiviranja v javnem interesu, znanstveno- ali zgodovinsko raziskovalne nameni ali statisti\u010dni nameni, izvajanje ali obramba pravnih zahtevkov. Po preteku obdobja hrambe mora organizacija osebne podatke u\u010dinkovito in trajno izbrisati ali anonimizirati, tako da jih ni ve\u010d mogo\u010de povezati z dolo\u010denim posameznikom.<br \/>5) Pogodbena obdelava osebnih podatkov in iznos podatkov<br \/>Organizacija lahko za posamezne obdelave osebnih podatkov na osnovi pogodbe o pogodbeni obdelavi zaupa pogodbenemu obdelovalcu. Pogodbeni obdelovalci lahko zaupane podatke obdelujejo izklju\u010dno v imenu upravljavca, v mejah njegovega pooblastila, ki je zapisan v pisni pogodbi oziroma drugem pravnem aktu in skladno z nameni, ki so opredeljeni v tej politiki zasebnosti.<br \/>Pogodbeni obdelovalci, s katerimi sodeluje organizacija so:<br \/>ra\u010dunovodske storitve in drugi ponudniki pravnega ter poslovnega svetovanja;<br \/>vzdr\u017eevalci infrastrukture (videonadzor, varnostne storitve);<br \/>vzdr\u017eevalci informacijskih sistemov;<br \/>ponudniki e-po\u0161tnih storitev in ponudniki programske opreme, storitev v oblaku (npr. Arnes, Microsoft, Google);<br \/>ponudniki dru\u017eabnih omre\u017eij in spletnega ogla\u0161evanja (Google, Facebook, Instagram ipd.).<\/p>\n<p>Organizacija v nobenem primeru ne bo posredovalo osebnih podatkov posameznika tretjim nepoobla\u0161\u010denim osebam. Pogodbeni obdelovalci smejo osebne podatke obdelovati zgolj v okviru navodil organizacije in osebnih podatkov ne smejo uporabiti za katerekoli druge namene.<\/p>\n<p>Organizacija kot upravljavec in njeni zaposleni osebnih podatkov ne izna\u0161ajo v tretje dr\u017eave (izven dr\u017eav \u010dlanic Evropskega gospodarskega prostora \u2013 \u010dlanice EU ter Islandija, Norve\u0161ka in Liechtenstein) in v mednarodne organizacije, razen v ZDA, pri so \u010demer razmerja s pogodbenimi obdelovalci iz ZDA urejena na podlagi standardnih pogodbenih klavzul (tipske pogodbe, ki jih je sprejela Evropska komisija) in\/ali zavezujo\u010dih poslovnih pravil (ki jih sprejme organizacija in potrdijo nadzorni organi v EU).<br \/>Organizacija za namene bolj\u0161ega pregleda in nadzora nad pogodbenimi obdelovalci in urejenosti medsebojnega pogodbenega razmerja, vodi seznam pogodbenih obdelovalcev, v katerem so navedeni vsi konkretni pogodbeni obdelovalci, s katerimi organizacija sodeluje.<br \/>6) Pi\u0161kotki<br \/>Spletna stran organizacije deluje s pomo\u010djo t.i. pi\u0161kotkov (angl. cookies). Pi\u0161kotek je datoteka, ki shrani nastavitve spletnih strani. Spletna mesta pi\u0161kotke shranijo v naprave uporabnikov, s katerimi dostopajo do interneta z namenom prepoznavanja posameznih naprav in nastavitev, ki so jih uporabniki uporabili pri dostopu. Pi\u0161kotki omogo\u010dajo spletnim stranem prepoznavanje, v kolikor je uporabnik \u017ee obiskal spletno mesto. Pri naprednih aplikacijah se lahko z njihovo pomo\u010djo ustrezno prilagodijo posamezne nastavitve. Njihovo shranjevanje je pod popolnim nadzorom brskalnika, ki ga uporablja posameznik \u2013 ta lahko shranjevanje pi\u0161kotkov po \u017eelji omeji ali popolnoma onemogo\u010di.<br \/>Pi\u0161kotki so temeljnega pomena za zagotavljanje posamezniku prijaznih spletnih storitev. Uporabljajo se za shranjevanje podatkov o stanju posamezne spletne strani, pomagajo pri zbiranju statistik o uporabnikih in obiskanosti spletnega mesta, itd. S pomo\u010djo pi\u0161kotkov ocenimo u\u010dinkovitost zasnove na\u0161ega spletnega mesta.<\/p>\n<p>Spletna stran organizacije (www.ora.si) uporablja naslednje pi\u0161kotke:<br \/>Ime \u010cas trajanja Namen<br \/>1P_JAR 1 mesec za bele\u017eenje statistike in sledenje konverzijam<br \/>NID 6 mesecev za Google bele\u017eenje obiskoval\u010devih preferenc<br \/>ANID 10 let za ogla\u0161evanje servirano preko spleta<br \/>CONSENT 2 leti za strinjanje z uporabo pi\u0161kotkov<\/p>\n<p>Pi\u0161kotke, ki jih je brskalnik shranil, lahko posameznik izbri\u0161e (navodila se nahajajo na spletnih straneh posameznega brskalnika).<br \/>7) Varovanje podatkov in to\u010dnost podatkov<br \/>Organizacija skrbi za informacijsko varnost in varnost infrastrukture (prostorov in aplikativno sistemske programske opreme). Na\u0161i informacijski sistemi so med drugim za\u0161\u010diteni s protivirusnimi programi in po\u017earnim zidom. Uvedli smo ustrezne organizacijsko tehni\u010dne varnostne ukrepe, namenjene varstvu osebnih podatkov pred naklju\u010dnim ali nezakonitim uni\u010denjem, izgubo, spreminjanjem, nepoobla\u0161\u010denim razkrivanjem ali dostopom ter pred drugimi nezakonitimi in nepoobla\u0161\u010denimi oblikami obdelave. V primeru posredovanja posebnih vrst osebnih podatkov, jih posredujemo v \u0161ifrirani obliki in za\u0161\u010diteni z geslom.<br \/>Posameznik je sam odgovoren, da svoje osebne podatke posreduje varno in da so posredovani podatki to\u010dni in verodostojni. Organizacija se bo trudila, da bodo osebni podatki, ki jih obdeluje, to\u010dni in po potrebi a\u017eurirani, ob\u010dasno se lahko obrne na posameznika za potrditev to\u010dnosti osebnih podatkov.<br \/>8) Pravice posameznika glede obdelave podatkov<br \/>V skladu s Splo\u0161no uredbo ima posameznik slede\u010de pravice iz varstva osebnih podatkov:<\/p>\n<p>Zahteva lahko informacije o tem, ali imamo njegove osebne podatke in, \u010de je tako, katere podatke imamo ter na kak\u0161ni podlagi jih imamo in zakaj jih uporabljamo;<br \/>zahteva lahko dostop do svojih osebnih podatkov, kar mu omogo\u010da, da prejme kopijo osebnih podatkov, ki jih ima organizacija ter preveri, ali jih organizacija obdeluje zakonito;<br \/>zahteva lahko popravke osebnih podatkov, kot je popravek nepopolnih ali neto\u010dnih osebnih podatkov;<br \/>zahteva lahko izbris svojih osebnih podatkov, kadar ni razloga za nadaljnjo obdelavo oziroma kadar uveljavlja svojo pravico do ugovora glede nadaljnje obdelave;<br \/>ugovarja lahko nadaljnji obdelavi osebnih podatkov, kjer se organizacija sklicuje na zakoniti poslovni interes (tudi v primeru zakonitega interesa tretje osebe), kadar obstajajo razlogi, povezani s posameznikovim posebnim polo\u017eajem; posameznik ima pravico kadarkoli ugovarjati, \u010de organizacija obdeluje osebne podatke za namene neposrednega tr\u017eenja;<br \/>zahteva lahko omejitev obdelave svojih osebnih podatkov, kar pomeni prekinitev obdelave osebnih podatkov, na primer, \u010de posameznik \u017eeli, da organizacija ugotovi to\u010dnost ali da se preverijo razlogi za nadaljnjo obdelavo osebnih podatkov;<br \/>zahteva lahko prenos svojih osebnih podatkov v strukturirani elektronski obliki k drugemu upravljavcu, v kolikor je to mogo\u010de in izvedljivo;<br \/>prekli\u010de lahko privolitev oziroma soglasje, ki ga podal za zbiranje, obdelavo in prenos svojih osebnih podatkov za dolo\u010den namen; po prejemu obvestila, da je umaknil svojo privolitev, bo organizacija prenehala obdelovati osebne podatke za namene, ki jih prvotno sprejela, razen \u010de organizacija nima druge zakonite pravne podlage za to, da to stori zakonito.<\/p>\n<p>\u010ce \u017eeli posameznik uveljavljati katero koli od prej navedenih pravic, lahko po\u0161lje zahtevek po elektronski po\u0161ti na info@ora.si ali z redno po\u0161to na poslovni naslov organizacije. Na zahtevo, ki se nana\u0161a na pravice posameznika, bo organizacija odgovorila brez nepotrebnega odla\u0161anja in v vsakem primeru v enem mesecu po prejemu zahteve. V primeru, da bi se ta rok ob upo\u0161tevanju kompleksnosti in \u0161tevila zahtev, podalj\u0161al (za najve\u010d dva dodatna meseca), boste o tem obve\u0161\u010deni. Dostop do posameznikovih osebnih podatkov in uveljavljene pravic je za posameznika brezpla\u010dno. Vendar pa lahko organizacija zara\u010duna razumno pla\u010dilo, v kolikor je zahteva posameznika, na katerega se nana\u0161ajo osebni podatki, o\u010ditno neutemeljena ali pretirana, zlasti \u010de se ponavlja. V tak\u0161nem primeru lahko organizacija zahtevo tudi zavrne. V primeru uveljavljanja pravic iz tega naslova bo morebiti morala organizacija od posameznika zahtevati dolo\u010dene informacije, ki mu bodo pomagale pri potrditvi identitete posameznika, kar je le varnostni ukrep, ki zagotavlja, da se osebni podatki ne razkrijejo nepoobla\u0161\u010denim osebam.<br \/>Pri uveljavljanju pravic iz tega naslova, oziroma v primeru, da posameznik meni, da so mu pravice kr\u0161ene, se lahko za za\u0161\u010dito ali pomo\u010d obrne na nadzorni organ, to je Informacijski poobla\u0161\u010denec na spletni strani: https:\/\/www.ip-rs.si\/. <br \/>\u010ce ima posameznik kakr\u0161nakoli vpra\u0161anja v zvezi z obdelavo svojih osebnih podatkov, se lahko vedno obrne na na\u0161o organizacijo preko elektronske po\u0161te na info@ora.si ali z redno po\u0161to na poslovni naslov organizacije.<br \/>9) Objava sprememb<br \/>Vsaka sprememba na\u0161e Politike o varstvu osebnih podatkov bo objavljena na spletni strani organizacije: www.ora.si. Z uporabo spletne strani posameznik potrjuje, da sprejema in sogla\u0161a s celotno vsebino te politike varstva osebnih podatkov.<\/p>\n<p>Politiko varstva osebnih podatkov je sprejel direktor Ale\u0161 Vodi\u010dar, odgovorna oseba organizacije dne, 22.12. 2021.<\/p>\n","protected":false},"excerpt":{"rendered":"<p>Namen politike varstva osebnih podatkov je seznaniti posameznike, uporabnike storitev, sodelavce, zaposlene ter druge osebe (v nadaljevanju: \u00bbposameznik\u00ab), ki sodelujejo z Obmo\u010dno razvojno agencijo Krasa in Brkinov d.o.o. (v nadaljevanju: \u00bborganizacija\u00ab) o namenih, pravnih podlagah, varnostnih ukrepih in pravicah posameznikov glede obdelave osebnih podatkov, ki jih izvaja na\u0161a organizacija.Cenimo va\u0161o zasebnost, zato va\u0161e podatke vedno [&hellip;]<\/p>\n","protected":false},"author":2,"featured_media":0,"parent":0,"menu_order":0,"comment_status":"closed","ping_status":"closed","template":"","meta":{"_genesis_hide_title":false,"_genesis_hide_breadcrumbs":false,"_genesis_hide_singular_image":false,"_genesis_hide_footer_widgets":false,"_genesis_custom_body_class":"","_genesis_custom_post_class":"","_genesis_layout":"","footnotes":""},"class_list":{"0":"post-3131","1":"page","2":"type-page","3":"status-publish","5":"entry"},"_links":{"self":[{"href":"https:\/\/www.ora.si\/index.php\/wp-json\/wp\/v2\/pages\/3131","targetHints":{"allow":["GET"]}}],"collection":[{"href":"https:\/\/www.ora.si\/index.php\/wp-json\/wp\/v2\/pages"}],"about":[{"href":"https:\/\/www.ora.si\/index.php\/wp-json\/wp\/v2\/types\/page"}],"author":[{"embeddable":true,"href":"https:\/\/www.ora.si\/index.php\/wp-json\/wp\/v2\/users\/2"}],"replies":[{"embeddable":true,"href":"https:\/\/www.ora.si\/index.php\/wp-json\/wp\/v2\/comments?post=3131"}],"version-history":[{"count":1,"href":"https:\/\/www.ora.si\/index.php\/wp-json\/wp\/v2\/pages\/3131\/revisions"}],"predecessor-version":[{"id":3132,"href":"https:\/\/www.ora.si\/index.php\/wp-json\/wp\/v2\/pages\/3131\/revisions\/3132"}],"wp:attachment":[{"href":"https:\/\/www.ora.si\/index.php\/wp-json\/wp\/v2\/media?parent=3131"}],"curies":[{"name":"wp","href":"https:\/\/api.w.org\/{rel}","templated":true}]}}