{"id":2902,"date":"2021-05-11T05:50:31","date_gmt":"2021-05-11T05:50:31","guid":{"rendered":"https:\/\/www.ora.si\/?page_id=2902"},"modified":"2025-07-24T12:47:09","modified_gmt":"2025-07-24T12:47:09","slug":"projekti-eksrp","status":"publish","type":"page","link":"https:\/\/www.ora.si\/index.php\/projekti-eksrp\/","title":{"rendered":"Projekti EKSRP"},"content":{"rendered":"\n<p><strong><a href=\"https:\/\/www.ora.si\/index.php\/eksrp\/\">Podpora za teko\u010de stro\u0161ke in stro\u0161ke animacije (Podukrep 19.4)\u00a0<\/a><\/strong><\/p>\n<p><span style=\"color: #000000;\"><strong>PROJEKTI V IZVAJANJU:<\/strong><\/span><\/p>\n<p><strong><a href=\"https:\/\/www.laskrasainbrkinov.si\/dostopna-mobilnost\/\">Dostopna mobilnost<\/a><\/strong><\/p>\n<p><a href=\"https:\/\/www.laskrasainbrkinov.si\/bogastvo-krasa-in-brkinov\/\"><strong>Bogastvo Krasa in Brkinov (Podukrep 19.2)<\/strong><\/a><\/p>\n<p>\u00a0<\/p>\n<p><span style=\"color: #000000;\"><strong>ZAKLJU\u010cENI PROJEKTI:<\/strong><\/span><\/p>\n<p><a href=\"https:\/\/www.ora.si\/wp-content\/uploads\/2023\/01\/Opis-operacije-Vrtovi-Krasa.pdf\"><strong>VRTOVI KRASA \u2013 Ohranjanje narave in krepitev zavesti o njenem pomenu (Podukrep 19.2)<\/strong><\/a><\/p>\n<p><strong><a href=\"https:\/\/www.ora.si\/wp-content\/uploads\/2022\/01\/Opis_UREDITEV-MEDGENERACIJSKEGA-PARKA-V-SVETEM.pdf\">UREDITEV MEDGENERACIJSKEGA PARKA V SVETEM (MEDGENERACIJSKI PARK SVETO) (Podukrep 19.2)<\/a><\/strong><\/p>\n<p><strong><a href=\"https:\/\/www.laskrasainbrkinov.si\/kolesarska-veriga-na-podezelju\/\">Kolesarska veriga na pode\u017eelju (Podukrep 19.3)<\/a><\/strong><\/p>\n<p><strong><a href=\"https:\/\/www.ora.si\/index.php\/projekti-v-izvajanju\/#s-povezovanjem\">S povezovanjem izobra\u017eevanj do dviga kakovosti pridelkov in krepitve trajnostnega podjetni\u0161tva na pode\u017eelju (Kakovost&amp;podjetni\u0161tvo) (Podukrep 19.2)<\/a><\/strong><\/p>\n<p><strong><a href=\"https:\/\/www.ora.si\/index.php\/projekti-v-izvajanju\/#priblizajmo\">Pribli\u017eajmo Unescova biosferna obmo\u010dja prebivalcem (MaB)<\/a> <span style=\"color: #ff6600;\">(Podukrep 19.3)<\/span><\/strong><\/p>\n<p>\u00a0<\/p>\n<p><a href=\"https:\/\/www.ora.si\/index.php\/projekti-v-izvajanju\/#priblizajmo\"><b><img loading=\"lazy\" decoding=\"async\" class=\"wp-image-322 aligncenter\" src=\"https:\/\/www.ora.si\/wp-content\/uploads\/2018\/08\/PRP-LEADER-EU-SLO-1-1.png\" alt=\"\" width=\"831\" height=\"206\" \/><\/b><\/a><\/p>\n","protected":false},"excerpt":{"rendered":"<p>Podpora za teko\u010de stro\u0161ke in stro\u0161ke animacije (Podukrep 19.4)\u00a0 PROJEKTI V IZVAJANJU: Dostopna mobilnost Bogastvo Krasa in Brkinov (Podukrep 19.2) \u00a0 ZAKLJU\u010cENI PROJEKTI: VRTOVI KRASA \u2013 Ohranjanje narave in krepitev zavesti o njenem pomenu (Podukrep 19.2) UREDITEV MEDGENERACIJSKEGA PARKA V SVETEM (MEDGENERACIJSKI PARK SVETO) (Podukrep 19.2) Kolesarska veriga na pode\u017eelju (Podukrep 19.3) S povezovanjem izobra\u017eevanj [&hellip;]<\/p>\n","protected":false},"author":2,"featured_media":0,"parent":0,"menu_order":0,"comment_status":"closed","ping_status":"closed","template":"","meta":{"_genesis_hide_title":false,"_genesis_hide_breadcrumbs":false,"_genesis_hide_singular_image":false,"_genesis_hide_footer_widgets":false,"_genesis_custom_body_class":"","_genesis_custom_post_class":"","_genesis_layout":"","footnotes":""},"class_list":{"0":"post-2902","1":"page","2":"type-page","3":"status-publish","5":"entry"},"_links":{"self":[{"href":"https:\/\/www.ora.si\/index.php\/wp-json\/wp\/v2\/pages\/2902","targetHints":{"allow":["GET"]}}],"collection":[{"href":"https:\/\/www.ora.si\/index.php\/wp-json\/wp\/v2\/pages"}],"about":[{"href":"https:\/\/www.ora.si\/index.php\/wp-json\/wp\/v2\/types\/page"}],"author":[{"embeddable":true,"href":"https:\/\/www.ora.si\/index.php\/wp-json\/wp\/v2\/users\/2"}],"replies":[{"embeddable":true,"href":"https:\/\/www.ora.si\/index.php\/wp-json\/wp\/v2\/comments?post=2902"}],"version-history":[{"count":48,"href":"https:\/\/www.ora.si\/index.php\/wp-json\/wp\/v2\/pages\/2902\/revisions"}],"predecessor-version":[{"id":4078,"href":"https:\/\/www.ora.si\/index.php\/wp-json\/wp\/v2\/pages\/2902\/revisions\/4078"}],"wp:attachment":[{"href":"https:\/\/www.ora.si\/index.php\/wp-json\/wp\/v2\/media?parent=2902"}],"curies":[{"name":"wp","href":"https:\/\/api.w.org\/{rel}","templated":true}]}}