{"id":2739,"date":"2021-05-04T11:51:29","date_gmt":"2021-05-04T11:51:29","guid":{"rendered":"https:\/\/www.ora.si\/?page_id=2739"},"modified":"2024-09-23T06:46:32","modified_gmt":"2024-09-23T06:46:32","slug":"poni-obalno-kraska","status":"publish","type":"page","link":"https:\/\/www.ora.si\/index.php\/poni-obalno-kraska\/","title":{"rendered":"PONI &#8211; Obalno-kra\u0161ka"},"content":{"rendered":"\n<p><img loading=\"lazy\" decoding=\"async\" class=\"alignleft size-large wp-image-11304\" src=\"https:\/\/www.rrc-kp.si\/wp-content\/uploads\/2020\/12\/PONIlogo24-1024x79.jpg\" sizes=\"auto, (max-width: 800px) 100vw, 800px\" srcset=\"https:\/\/www.rrc-kp.si\/wp-content\/uploads\/2020\/12\/PONIlogo24-1024x79.jpg 1024w, https:\/\/www.rrc-kp.si\/wp-content\/uploads\/2020\/12\/PONIlogo24-300x23.jpg 300w, https:\/\/www.rrc-kp.si\/wp-content\/uploads\/2020\/12\/PONIlogo24-768x59.jpg 768w, https:\/\/www.rrc-kp.si\/wp-content\/uploads\/2020\/12\/PONIlogo24-1536x119.jpg 1536w, https:\/\/www.rrc-kp.si\/wp-content\/uploads\/2020\/12\/PONIlogo24.jpg 1692w\" alt=\"\" width=\"800\" height=\"62\" \/><\/p>\n<p>\u00a0<\/p>\n<p>\u00a0<\/p>\n<p><a href=\"https:\/\/www.rrc-kp.si\/sl\/\">Regionalni razvojni center<\/a> v\u00a0 letu 2023 nadaljuje z izvajanjem projekta <a href=\"https:\/\/www.rrc-kp.si\/sl\/novice\/763-podjetno-nad-izzive-poni.html\">PODJETNO NAD IZZIVE \u2013 PONI Obalno-kra\u0161ka<\/a>. Z njim bodo svetovalno, mentorsko ter finan\u010dno podprli posameznike, ki se na podjetni\u0161ko pot \u0161ele odpravljajo.<\/p>\n<p><strong>Program PONI \u2013 Podjetno nad izzive v Obalno-kra\u0161ki regiji 2023-2029:<\/strong><\/p>\n<ul>\n<li>\n<p>PONI Obalno-kra\u0161ka 2023 \u2013 2029 je del celovitega projekta \u00bbPodjetno nad izzive\u00ab, ki se bo izvajal na podro\u010dju celotne Slovenije.<\/p>\n<p><strong>Glavni cilj projekta<\/strong>\u00a0je ustanovitev novih podjetij, ki jih bodo preko podjetni\u0161kega usposabljanja realizirale osebe s podjetni\u0161ko idejo. Za spodbuditev podjetni\u0161ke aktivnosti in uspe\u0161en razvoj poslovnih idej je namre\u010d v prvi fazi potrebna vsebinska podpora, ki bo udele\u017eencem na voljo s strani notranjih in zunanjih mentorjev, zunanjih strokovnjakov in uveljavljenih podjetnikov.<\/p>\n<p><strong>Ciljne skupine\u00a0<\/strong>so potencialni podjetniki (osebe s podjetni\u0161kimi idejami) ne glede na starost, spol in izobrazbo. Pogoj je, da izkazujejo namen in interes za\u00a0<a href=\"https:\/\/www.rc-nm.si\/podjetnistvo\/\">podjetni\u0161tvo<\/a>.<\/p>\n<p><strong>Projekt zajema<\/strong>\u00a0nudenje vsebinskih podpornih aktivnosti, s katerimi se skupinam udele\u017eencev v obdobju 4 mesecev zagotovi zaposlitev in podporno podjetni\u0161ko okolje, v katerem lahko uspe\u0161no razvijejo in realizirajo lastne poslovne ideje. Program usposabljanja bo udele\u017eence peljal vse od razvoja poslovne idej, do izdelave poslovnega modela in poslovnega na\u010drta. Hkrati ga bo celostno seznanil z vsemi pomembnimi podro\u010dji v podjetni\u0161tvu. Dodatno projekt omogo\u010da uporabo fizi\u010dne infrastrukture po principu co-workinga.<\/p>\n<p><strong>Pri\u010dakovani rezultat projekta<\/strong>\u00a0je vklju\u010diti 106 potencialnih podjetnikov, ki bodo izdelali 106 poslovnih na\u010drtov in na trgu predstavili 106 minimalno sprejemljivih produktov. Cilj je realizirati minimalno 30 % uspe\u0161nih izhodov v podjetni\u0161tvo. Vsaj 30 % vklju\u010denih udele\u017eencev bo s podro\u010dja pametne specializacije v povezavi z razvojnimi specializacijami regije.<\/p>\n<p><strong>Vklju\u010ditev v projekt:<\/strong>\u00a0Vklju\u010ditev v projekt bo potekala s prijavo na javni poziv, ki je objavljen na spletni strani Regionalnega razvojnega centra Koper. Kandidati morajo imeti stalno ali za\u010dasno prebivali\u0161\u010de v obalno-kra\u0161ki regiji. Med prijavljenimi kandidati bomo izbrali do 11 oseb. Javni poziv bo objavljen vsakih pet mesecev. V \u010dasu trajanja projekta bo objavljenih 10 razpisov.<\/p>\n<p><strong>Trajanje projekta:<\/strong>\u00a0oktober 2023 \u2013 december 2028<\/p>\n<p>Projekt se izvaja v okviru Programa evropske kohezijske politike v obdobju 2021-2027 v Sloveniji, prednostne naloge 1: Inovacijska dru\u017eba znanja, Specifi\u010dnega cilja RSO1.3. Krepitev trajnostne rasti in konkuren\u010dnosti MSP ter ustvarjanje delovnih mest v MSP, med drugim s produktivnimi nalo\u017ebami (ESRR).<\/p>\n<p>Projekt sofinancirata Republika Slovenija in Evropska unija iz Evropskega sklada za regionalni razvoj (ESRR).<\/p>\n<\/li>\n<\/ul>\n<hr \/>\n<div class=\"elementor-element elementor-element-964e2d6 elementor-widget elementor-widget-theme-post-title elementor-page-title elementor-widget-heading\" data-id=\"964e2d6\" data-element_type=\"widget\" data-settings=\"{&quot;_ob_allow_hoveranimator&quot;:&quot;no&quot;}\" data-widget_type=\"theme-post-title.default\">\n<div class=\"elementor-widget-container\">\n<div class=\"elementor-element elementor-element-964e2d6 elementor-widget elementor-widget-theme-post-title elementor-page-title elementor-widget-heading\" data-id=\"964e2d6\" data-element_type=\"widget\" data-settings=\"{&quot;_ob_allow_hoveranimator&quot;:&quot;no&quot;}\" data-widget_type=\"theme-post-title.default\">\n<div class=\"elementor-widget-container\">\n<h2>\u00a0<\/h2>\n<h2 class=\"elementor-heading-title elementor-size-default\">3. JAVNI RAZPIS za vklju\u010ditev v projekt Podjetno nad izzive \u2013 PONI Obalno\u2013kra\u0161ka (3. skupina)<\/h2>\n<\/div>\n<\/div>\n<div class=\"elementor-element elementor-element-67b3a51 elementor-widget elementor-widget-theme-post-content\" data-id=\"67b3a51\" data-element_type=\"widget\" data-settings=\"{&quot;_ob_postman_use&quot;:&quot;no&quot;,&quot;_ob_allow_hoveranimator&quot;:&quot;no&quot;}\" data-widget_type=\"theme-post-content.default\">\n<div class=\"elementor-widget-container\">\n<p>Regionalni razvojni center Koper na svoji spletni strani objavlja 2. javni razpis za vklju\u010ditev v projekt Podjetno nad izzive v Obalno-kra\u0161ki regiji \u2013 PONI Obalno-kra\u0161ka<\/p>\n<p><strong>Rok za prijavo: 4. 10. 2024<\/strong><\/p>\n<p><strong>PRIJAVNA DOKUMENTACIJA<\/strong><\/p>\n<ul>\n<li><a class=\"doc\" href=\"https:\/\/www.rrc-kp.si\/wp-content\/uploads\/2024\/03\/0_Javni-razpis_PONI-2.skupina_2023-28.docx\">Javni razpis PONI<\/a><\/li>\n<li><a class=\"doc\" href=\"https:\/\/www.rrc-kp.si\/wp-content\/uploads\/2024\/03\/1_Prijavni-obrazec_PONI_OKR_2.skupina_2023-28.docx\">Prijavni obrazec (Priloga 1)<\/a><\/li>\n<li><a class=\"pdf\" href=\"https:\/\/www.rrc-kp.si\/wp-content\/uploads\/2024\/03\/2_Pogodba-o-zaposlitvi-udelezenec-v-projektu-PONI-OKR_vzorec-2023-28.pdf\">Vzorec pogodbe (Priloga 2)<\/a><\/li>\n<li><a class=\"doc\" href=\"https:\/\/www.rrc-kp.si\/wp-content\/uploads\/2024\/03\/3_Ovojnica-PONI.docx\">Ovojnica (Priloga 3)<\/a><\/li>\n<\/ul>\n<p>Predstavitev razpisa bo potekla <strong>v torek, 17. 9. 2024 ob 13.00<\/strong>\u00a0preko spletne aplikacije Zoom. Vsi zainteresirani se lahko prijavijo na elektronsko po\u0161to\u00a0<a href=\"mailto:tina.matekovic@rrc-kp.si\">tina.matekovic@rrc-kp.si<\/a>. Povezavo do predstavitve bomo poslali pred izvedbo predstavitve.<\/p>\n<p>Dodatne informacije: mag. Tina Matekovi\u010d,\u00a0<a href=\"mailto:tina.matekovic@rrc-kp.si\">tina.matekovic@rrc-kp.si<\/a>, 05 66 37 590<\/p>\n<\/div>\n<\/div>\n<p>\u00a0<\/p>\n<p><strong>Postopek prijave:<\/strong><\/p>\n<ol>\n<li>korak: natan\u010dno preberite besedilo Javnega razpisa PONI Obalno-kra\u0161ka.<\/li>\n<li>korak: izpolnite Prijavni obrazec. Obrazec izpolnjujte v elektronski obliki.<\/li>\n<li>korak: v informativne namene preberite Vzorec pogodbe o zaposlitvi v projektu PONI Obalno-kra\u0161ka (ni ga potrebno izpolnjevati in prilagati prijavi na javni razpis).<\/li>\n<li>korak: natisnite izpolnjen prijavni obrazec in ga s prilogo (\u017eivljenjepisom) po\u0161ljite v skladu z navodili Javnega razpisa. Na kuverto zalepite obrazec Ovojnica z izpolnjenimi podatki o po\u0161iljatelju.<\/li>\n<\/ol>\n<p>\u00a0<\/p>\n<p><strong>Pogoji za vklju\u010ditev:<\/strong><\/p>\n<ul>\n<li>poslovna ideja<\/li>\n<li>stalno ali za\u010dasno bivali\u0161\u010de v eni izmed ob\u010din obalno-kra\u0161ke regije<\/li>\n<li>pogojev glede stopnje izobrazbe ali starosti ni<\/li>\n<li>prijava v evidenci brezposelnih oseb na Zavodu RS za zaposlovanje ni potrebna<\/li>\n<li>kandidat predhodno \u0161e ni bil vklju\u010den v katerekoli program Podjetno v svet podjetni\u0161tva ali PONI v Obalno-kra\u0161ki ali katerikoli drugi regiji<\/li>\n<li>izbran kandidat bo imel na dan vklju\u010denosti v projekt izpolnjene vse pogoje za podpis pogodbe o zaposlitvi na RRC Koper<\/li>\n<li>kandidat ima poravnave vse zapadle obveznosti do dr\u017eave<\/li>\n<li>kandidat odda vlogo za vklju\u010ditev v projekt samo v obalno-kra\u0161ki regiji.<\/li>\n<\/ul>\n<p>\u00a0<\/p>\n<p><strong>Oddana vloga vklju\u010duje:<\/strong><\/p>\n<ul>\n<li>prijavni obrazec (priloga 1)<\/li>\n<li>\u017eivljenjepis<\/li>\n<li>ovojnica (priloga 3)<\/li>\n<\/ul>\n<p><strong>\u00a0<\/strong><\/p>\n<p><strong>Oddaja prijave:<\/strong><\/p>\n<ul>\n<li>osebno na sede\u017eu RRC Koper<\/li>\n<li>priporo\u010deno po po\u0161ti.<\/li>\n<\/ul>\n<p><strong>\u00a0<\/strong><\/p>\n<p><strong>Potek dela:<\/strong><\/p>\n<p>V posamezno skupino je na enkrat vklju\u010denih 10-11 udele\u017eencev, ki z vklju\u010ditvijo pridobijo:<\/p>\n<ul>\n<li>4-mese\u010dno zaposlitev s polnim delovnim \u010dasom na Regionalnem razvojnem centru Koper,<\/li>\n<li>kvalitetna podjetni\u0161ka usposabljanja z razli\u010dnih podro\u010dij,<\/li>\n<li>individualna svetovanja s strani strokovnjakov za podjetni\u0161tvo,<\/li>\n<li>stalno prisotnost in pomo\u010d mentorjev, ki udele\u017eence spremljajo in jim pomagajo pri realizaciji poslovnih idej,<\/li>\n<li>podporo pri izdelavi poslovnega na\u010drta in pripravi produktov\/ storitev,<\/li>\n<li>mre\u017eenje z ostalimi kandidati in drugimi podjetniki,<\/li>\n<li>delo s somi\u0161ljeniki po principu co-workinga,<\/li>\n<li>vsakodnevno pridobivanje prakti\u010dnih podjetni\u0161kih izku\u0161enj z opravljanjem aktivnosti na terenu.<\/li>\n<\/ul>\n<p>Delo bo potekalo v prostorih Regionalnega razvojnega centra Koper, Ulica 15. maja, 6000 Koper, praviloma od ponedeljka do petka med 8. in 16. uro.<\/p>\n<h2>\u00a0<\/h2>\n<hr \/>\n<h2>\u00a0<\/h2>\n<h2 class=\"elementor-heading-title elementor-size-default\">2. JAVNI RAZPIS za vklju\u010ditev v projekt Podjetno nad izzive \u2013 PONI Obalno \u2013kra\u0161ka (2. skupina)<\/h2>\n<\/div>\n<\/div>\n<div class=\"elementor-element elementor-element-67b3a51 elementor-widget elementor-widget-theme-post-content\" data-id=\"67b3a51\" data-element_type=\"widget\" data-settings=\"{&quot;_ob_postman_use&quot;:&quot;no&quot;,&quot;_ob_allow_hoveranimator&quot;:&quot;no&quot;}\" data-widget_type=\"theme-post-content.default\">\n<div class=\"elementor-widget-container\">\n<p>Regionalni razvojni center Koper na svoji spletni strani objavlja 2. javni razpis za vklju\u010ditev v projekt Podjetno nad izzive v Obalno-kra\u0161ki regiji \u2013 PONI Obalno-kra\u0161ka<\/p>\n<p><strong>Rok za prijavo: 8. 5. 2024<\/strong><\/p>\n<p><strong>PRIJAVNA DOKUMENTACIJA<\/strong><\/p>\n<ul>\n<li><a class=\"doc\" href=\"https:\/\/www.rrc-kp.si\/wp-content\/uploads\/2024\/03\/0_Javni-razpis_PONI-2.skupina_2023-28.docx\">Javni razpis PONI<\/a><\/li>\n<li><a class=\"doc\" href=\"https:\/\/www.rrc-kp.si\/wp-content\/uploads\/2024\/03\/1_Prijavni-obrazec_PONI_OKR_2.skupina_2023-28.docx\">Prijavni obrazec (Priloga 1)<\/a><\/li>\n<li><a class=\"pdf\" href=\"https:\/\/www.rrc-kp.si\/wp-content\/uploads\/2024\/03\/2_Pogodba-o-zaposlitvi-udelezenec-v-projektu-PONI-OKR_vzorec-2023-28.pdf\">Vzorec pogodbe (Priloga 2)<\/a><\/li>\n<li><a class=\"doc\" href=\"https:\/\/www.rrc-kp.si\/wp-content\/uploads\/2024\/03\/3_Ovojnica-PONI.docx\">Ovojnica (Priloga 3)<\/a><\/li>\n<\/ul>\n<p>Predstavitev razpisa bo potekla\u00a0<strong>v torek, 23. 4. 2024 ob 11.00<\/strong>\u00a0preko spletne aplikacije Zoom. Vsi zainteresirani se lahko prijavijo na elektronsko po\u0161to\u00a0<a href=\"mailto:tina.matekovic@rrc-kp.si\">tina.matekovic@rrc-kp.si<\/a>. Povezavo do predstavitve bomo poslali pred izvedbo predstavitve.<\/p>\n<p>Dodatne informacije: mag. Tina Matekovi\u010d,\u00a0<a href=\"mailto:tina.matekovic@rrc-kp.si\">tina.matekovic@rrc-kp.si<\/a>, 05 66 37 590<\/p>\n<p>\u00a0<\/p>\n<p><strong>Postopek prijave:<\/strong><\/p>\n<ol>\n<li>korak: natan\u010dno preberite besedilo Javnega razpisa PONI Obalno-kra\u0161ka.<\/li>\n<li>korak: izpolnite Prijavni obrazec. Obrazec izpolnjujte v elektronski obliki.<\/li>\n<li>korak: v informativne namene preberite Vzorec pogodbe o zaposlitvi v projektu PONI Obalno-kra\u0161ka (ni ga potrebno izpolnjevati in prilagati prijavi na javni razpis).<\/li>\n<li>korak: natisnite izpolnjen prijavni obrazec in ga s prilogo (\u017eivljenjepisom) po\u0161ljite v skladu z navodili Javnega razpisa. Na kuverto zalepite obrazec Ovojnica z izpolnjenimi podatki o po\u0161iljatelju.<\/li>\n<\/ol>\n<p>\u00a0<\/p>\n<p><strong>Pogoji za vklju\u010ditev:<\/strong><\/p>\n<ul>\n<li>poslovna ideja<\/li>\n<li>stalno ali za\u010dasno bivali\u0161\u010de v eni izmed ob\u010din obalno-kra\u0161ke regije<\/li>\n<li>pogojev glede stopnje izobrazbe ali starosti ni<\/li>\n<li>prijava v evidenci brezposelnih oseb na Zavodu RS za zaposlovanje ni potrebna<\/li>\n<li>kandidat predhodno \u0161e ni bil vklju\u010den v katerekoli program Podjetno v svet podjetni\u0161tva ali PONI v Obalno-kra\u0161ki ali katerikoli drugi regiji<\/li>\n<li>izbran kandidat bo imel na dan vklju\u010denosti v projekt izpolnjene vse pogoje za podpis pogodbe o zaposlitvi na RRC Koper<\/li>\n<li>kandidat ima poravnave vse zapadle obveznosti do dr\u017eave<\/li>\n<li>kandidat odda vlogo za vklju\u010ditev v projekt samo v obalno-kra\u0161ki regiji.<\/li>\n<\/ul>\n<p>\u00a0<\/p>\n<p><strong>Oddana vloga vklju\u010duje:<\/strong><\/p>\n<ul>\n<li>prijavni obrazec (priloga 1)<\/li>\n<li>\u017eivljenjepis<\/li>\n<li>ovojnica (priloga 3)<\/li>\n<\/ul>\n<p><strong>\u00a0<\/strong><\/p>\n<p><strong>Oddaja prijave:<\/strong><\/p>\n<ul>\n<li>osebno na sede\u017eu RRC Koper<\/li>\n<li>priporo\u010deno po po\u0161ti.<\/li>\n<\/ul>\n<p><strong>\u00a0<\/strong><\/p>\n<p><strong>Potek dela:<\/strong><\/p>\n<p>V posamezno skupino je na enkrat vklju\u010denih 10-11 udele\u017eencev, ki z vklju\u010ditvijo pridobijo:<\/p>\n<ul>\n<li>4-mese\u010dno zaposlitev s polnim delovnim \u010dasom na Regionalnem razvojnem centru Koper,<\/li>\n<li>kvalitetna podjetni\u0161ka usposabljanja z razli\u010dnih podro\u010dij,<\/li>\n<li>individualna svetovanja s strani strokovnjakov za podjetni\u0161tvo,<\/li>\n<li>stalno prisotnost in pomo\u010d mentorjev, ki udele\u017eence spremljajo in jim pomagajo pri realizaciji poslovnih idej,<\/li>\n<li>podporo pri izdelavi poslovnega na\u010drta in pripravi produktov\/ storitev,<\/li>\n<li>mre\u017eenje z ostalimi kandidati in drugimi podjetniki,<\/li>\n<li>delo s somi\u0161ljeniki po principu co-workinga,<\/li>\n<li>vsakodnevno pridobivanje prakti\u010dnih podjetni\u0161kih izku\u0161enj z opravljanjem aktivnosti na terenu.<\/li>\n<\/ul>\n<p>Delo bo potekalo v prostorih Regionalnega razvojnega centra Koper, Ulica 15. maja, 6000 Koper, praviloma od ponedeljka do petka med 8. in 16. uro.<\/p>\n<p>\u00a0<\/p>\n<\/div>\n<\/div>\n<hr \/>\n<p>\u00a0<\/p>\n<h2><strong>1. JAVNI RAZPIS za vklju\u010ditev v projekt Podjetno nad izzive \u2013 PONI Obalno \u2013kra\u0161ka (1. skupina)<\/strong><\/h2>\n<p>Regionalni razvojni center Koper na svoji spletni strani objavlja 1. javni razpis za vklju\u010ditev v projekt <a href=\"https:\/\/www.rrc-kp.si\/podjetno-nad-izzive-poni\/\">Podjetno nad izzive v Obalno-kra\u0161ki regiji<\/a> \u2013 PONI Obalno-kra\u0161ka.<\/p>\n<p><strong>Rok za prijavo<\/strong>:\u00a0<strong>4. 12. 2023<\/strong><\/p>\n<p><strong>PRIJAVNA DOKUMENTACIJA<\/strong><\/p>\n<ul>\n<li><a class=\"pdf\" href=\"https:\/\/www.rrc-kp.si\/wp-content\/uploads\/2023\/11\/Javni-razpis_PONI-1.skupina_2023.docx.pdf\">Javni-razpis_PONI<\/a><\/li>\n<li><a class=\"doc\" href=\"https:\/\/www.rrc-kp.si\/wp-content\/uploads\/2023\/11\/1_Prijavni-obrazec_PONI_OKR_1.skupina_2023.docx\">Prijavni obrazec (Priloga 1)<\/a><\/li>\n<li><a class=\"pdf\" href=\"https:\/\/www.rrc-kp.si\/wp-content\/uploads\/2023\/11\/2_Pogodba-o-zaposlitvi-udelezenec-v-projektu-PONI-OKR_vzorec_2023.docx.pdf\">Vzorec pogodbe (Priloga 2)<\/a><\/li>\n<li><a class=\"doc\" href=\"https:\/\/www.rrc-kp.si\/wp-content\/uploads\/2023\/11\/3_Ovojnica-PONI.docx\">Ovojnica (Priloga 3)<\/a><\/li>\n<\/ul>\n<p>Predstavitev razpisa bo potekla\u00a0<strong>v sredo, 22. 11. 2023 ob 11.00<\/strong>\u00a0preko spletne aplikacije Zoom. Vsi zainteresirani se lahko prijavijo na elektronsko po\u0161to\u00a0<a href=\"mailto:tina.matekovic@rrc-kp.si\">tina.matekovic@rrc-kp.si<\/a>. Povezavo do predstavitve bomo poslali pred izvedbo predstavitve.<\/p>\n<p>Dodatne informacije: mag. Tina Matekovi\u010d,\u00a0<a href=\"mailto:tina.matekovic@rrc-kp.si\">tina.matekovic@rrc-kp.si<\/a>, 05 66 37 590<\/p>\n<p><strong>Postopek prijave:<\/strong><\/p>\n<ol>\n<li>korak: natan\u010dno preberite besedilo Javnega razpisa PONI Obalno-kra\u0161ka.<\/li>\n<li>korak: izpolnite Prijavni obrazec. Obrazec izpolnjujte v elektronski obliki.<\/li>\n<li>korak: v informativne namene preberite Vzorec pogodbe o zaposlitvi v projektu PONI Obalno-kra\u0161ka (ni ga potrebno izpolnjevati in prilagati prijavi na javni razpis).<\/li>\n<li>korak: natisnite izpolnjen prijavni obrazec in ga s prilogo (\u017eivljenjepisom) po\u0161ljite v skladu z navodili Javnega razpisa. Na kuverto zalepite obrazec Ovojnica z izpolnjenimi podatki o po\u0161iljatelju.<\/li>\n<\/ol>\n<p><strong>Pogoji za vklju\u010ditev:<\/strong><\/p>\n<ul>\n<li>poslovna ideja<\/li>\n<li>stalno ali za\u010dasno bivali\u0161\u010de v eni izmed ob\u010din obalno-kra\u0161ke regije<\/li>\n<li>pogojev glede stopnje izobrazbe ali starosti ni<\/li>\n<li>prijava v evidenci brezposelnih oseb na Zavodu RS za zaposlovanje ni potrebna<\/li>\n<li>kandidat predhodno \u0161e ni bil vklju\u010den v katerekoli program Podjetno v svet podjetni\u0161tva ali PONI v Obalno-kra\u0161ki ali katerikoli drugi regiji<\/li>\n<li>izbran kandidat bo imel na dan vklju\u010denosti v projekt izpolnjene vse pogoje za podpis pogodbe o zaposlitvi na RRC Koper<\/li>\n<li>kandidat ima poravnave vse zapadle obveznosti do dr\u017eave<\/li>\n<li>kandidat odda vlogo za vklju\u010ditev v projekt samo v obalno-kra\u0161ki regiji.<\/li>\n<\/ul>\n<p><strong>Oddana vloga vklju\u010duje:<\/strong><\/p>\n<ul>\n<li>prijavni obrazec (priloga 1)<\/li>\n<li>\u017eivljenjepis<\/li>\n<li>ovojnica (priloga 3)<\/li>\n<\/ul>\n<p><strong>Oddaja prijave:<\/strong><\/p>\n<ul>\n<li>osebno na sede\u017eu RRC Koper<\/li>\n<li>priporo\u010deno po po\u0161ti.<\/li>\n<\/ul>\n<p><strong>Potek dela:<\/strong><\/p>\n<p>V posamezno skupino je na enkrat vklju\u010denih 10-11 udele\u017eencev, ki z vklju\u010ditvijo pridobijo:<\/p>\n<ul>\n<li>4-mese\u010dno zaposlitev s polnim delovnim \u010dasom na Regionalnem razvojnem centru Koper,<\/li>\n<li>kvalitetna podjetni\u0161ka usposabljanja z razli\u010dnih podro\u010dij,<\/li>\n<li>individualna svetovanja s strani strokovnjakov za podjetni\u0161tvo,<\/li>\n<li>stalno prisotnost in pomo\u010d mentorjev, ki udele\u017eence spremljajo in jim pomagajo pri realizaciji poslovnih idej,<\/li>\n<li>podporo pri izdelavi poslovnega na\u010drta in pripravi produktov\/ storitev,<\/li>\n<li>mre\u017eenje z ostalimi kandidati in drugimi podjetniki,<\/li>\n<li>delo s somi\u0161ljeniki po principu co-workinga,<\/li>\n<li>vsakodnevno pridobivanje prakti\u010dnih podjetni\u0161kih izku\u0161enj z opravljanjem aktivnosti na terenu.<\/li>\n<\/ul>\n<p>Delo bo potekalo v prostorih Regionalnega razvojnega centra Koper, Ulica 15. maja, 6000 Koper, praviloma od ponedeljka do petka med 8. in 16. uro.<\/p>\n<p>\u00a0<\/p>\n","protected":false},"excerpt":{"rendered":"<p>\u00a0 \u00a0 Regionalni razvojni center v\u00a0 letu 2023 nadaljuje z izvajanjem projekta PODJETNO NAD IZZIVE \u2013 PONI Obalno-kra\u0161ka. Z njim bodo svetovalno, mentorsko ter finan\u010dno podprli posameznike, ki se na podjetni\u0161ko pot \u0161ele odpravljajo. Program PONI \u2013 Podjetno nad izzive v Obalno-kra\u0161ki regiji 2023-2029: PONI Obalno-kra\u0161ka 2023 \u2013 2029 je del celovitega projekta \u00bbPodjetno nad [&hellip;]<\/p>\n","protected":false},"author":2,"featured_media":0,"parent":0,"menu_order":0,"comment_status":"closed","ping_status":"closed","template":"","meta":{"_genesis_hide_title":false,"_genesis_hide_breadcrumbs":false,"_genesis_hide_singular_image":false,"_genesis_hide_footer_widgets":false,"_genesis_custom_body_class":"","_genesis_custom_post_class":"","_genesis_layout":"","footnotes":""},"class_list":{"0":"post-2739","1":"page","2":"type-page","3":"status-publish","5":"entry"},"_links":{"self":[{"href":"https:\/\/www.ora.si\/index.php\/wp-json\/wp\/v2\/pages\/2739","targetHints":{"allow":["GET"]}}],"collection":[{"href":"https:\/\/www.ora.si\/index.php\/wp-json\/wp\/v2\/pages"}],"about":[{"href":"https:\/\/www.ora.si\/index.php\/wp-json\/wp\/v2\/types\/page"}],"author":[{"embeddable":true,"href":"https:\/\/www.ora.si\/index.php\/wp-json\/wp\/v2\/users\/2"}],"replies":[{"embeddable":true,"href":"https:\/\/www.ora.si\/index.php\/wp-json\/wp\/v2\/comments?post=2739"}],"version-history":[{"count":14,"href":"https:\/\/www.ora.si\/index.php\/wp-json\/wp\/v2\/pages\/2739\/revisions"}],"predecessor-version":[{"id":3908,"href":"https:\/\/www.ora.si\/index.php\/wp-json\/wp\/v2\/pages\/2739\/revisions\/3908"}],"wp:attachment":[{"href":"https:\/\/www.ora.si\/index.php\/wp-json\/wp\/v2\/media?parent=2739"}],"curies":[{"name":"wp","href":"https:\/\/api.w.org\/{rel}","templated":true}]}}