{"id":2486,"date":"2020-05-18T13:28:27","date_gmt":"2020-05-18T13:28:27","guid":{"rendered":"https:\/\/www.ora.si\/?page_id=2486"},"modified":"2020-07-24T07:05:23","modified_gmt":"2020-07-24T07:05:23","slug":"cenik","status":"publish","type":"page","link":"https:\/\/www.ora.si\/index.php\/cenik\/","title":{"rendered":"CENIK"},"content":{"rendered":"\n<p>ORA Krasa in Brkinov d.o.o. nudi pla\u010dljive storitve za podjetnike s podro\u010dja priprave poslovnega na\u010drta in priprave vloge za prijavo na javni razpis ter izdelavo investicijske dokumentacije ter vlog in poro\u010dil za ob\u010dine kot sledi:<\/p>\n<ol>\n<li><strong>Storitve za podjetnike in ob\u010dane*: <\/strong><\/li>\n<\/ol>\n<table width=\"621\">\n<tbody>\n<tr>\n<td width=\"262\">\n<p><strong>storitev<\/strong><\/p>\n<\/td>\n<td width=\"85\">\n<p><strong>enota<\/strong><\/p>\n<\/td>\n<td width=\"123\">\n<p><strong>Vrednost\u00a0 brez vklju\u010denega DDV<\/strong><\/p>\n<\/td>\n<td width=\"151\">\n<p><strong>Okvirne vrednosti brez vklju\u010denega DDV **<\/strong><\/p>\n<\/td>\n<\/tr>\n<tr>\n<td width=\"262\">\n<p>Izdelava poslovnega na\u010drta za lastne potrebe ali za banko<\/p>\n<\/td>\n<td width=\"85\">\n<p>1 ura<\/p>\n<\/td>\n<td width=\"123\">\n<p>65,00 EUR<\/p>\n<\/td>\n<td width=\"151\">\n<p>650 EUR &#8211; 1.235 EUR<\/p>\n<\/td>\n<\/tr>\n<tr>\n<td width=\"262\">\n<p>Priprava vloge za prijavo na javni razpis<\/p>\n<\/td>\n<td width=\"85\">\n<p>1 ura<\/p>\n<\/td>\n<td width=\"123\">\n<p>65,00 EUR<\/p>\n<\/td>\n<td width=\"151\">\n<p>325 EUR &#8211; 1.040 EUR<\/p>\n<\/td>\n<\/tr>\n<\/tbody>\n<\/table>\n<p>*Opomba:\u00a0 Obra\u010dun na podlagi porabe delovnih ur<\/p>\n<p>**Opomba: Navedene vrednosti so informativne narave. Za vsako stranko se pripravi individualno ponudbo s fiksno ceno v odvisnosti od zahtevnosti.<\/p>\n<p>\u00a0<\/p>\n<ol start=\"2\">\n<li><strong>Izdelava investicijske dokumentacije<\/strong> skladno z Uredbo o enotni metodologiji za pripravo in obravnavo investicijske dokumentacije na podro\u010dju javnih financ:<\/li>\n<\/ol>\n<table width=\"621\">\n<tbody>\n<tr>\n<td width=\"262\">\n<p><strong>storitev<\/strong><\/p>\n<\/td>\n<td width=\"85\">\n<p><strong>enota<\/strong><\/p>\n<\/td>\n<td width=\"125\">\n<p><strong>Vrednost\u00a0 brez vklju\u010denega DDV<\/strong><\/p>\n<\/td>\n<td width=\"149\">\n<p><strong>Okvirne vrednosti brez vklju\u010denega DDV **<\/strong><\/p>\n<\/td>\n<\/tr>\n<tr>\n<td width=\"262\">\n<p>Izdelava dokumenta identifikacije investicijskega\u00a0 projekta (DIIP)<\/p>\n<\/td>\n<td width=\"85\">\n<p>1 ura<\/p>\n<\/td>\n<td width=\"125\">\n<p>65,00 EUR<\/p>\n<\/td>\n<td width=\"149\">\n<p>845 EUR &#8211; 1.625 EUR<\/p>\n<\/td>\n<\/tr>\n<tr>\n<td width=\"262\">\n<p>Izdelava Investicijskega programa (IP) oz. Predinvesticijske zasnove (PIZ)<\/p>\n<\/td>\n<td width=\"85\">\n<p>1 ura<\/p>\n<\/td>\n<td width=\"125\">\n<p>65,00 EUR<\/p>\n<\/td>\n<td width=\"149\">\n<p>1.040 EUR\u20132.405\u00a0 EUR<\/p>\n<\/td>\n<\/tr>\n<tr>\n<td width=\"262\">\n<p>Izdelava CBA analize<\/p>\n<\/td>\n<td width=\"85\">\n<p>1 ura<\/p>\n<\/td>\n<td width=\"125\">\n<p>65,00 EUR<\/p>\n<\/td>\n<td width=\"149\">\n<p>845 EUR &#8211; 1.625 EUR<\/p>\n<\/td>\n<\/tr>\n<tr>\n<td width=\"262\">\n<p>Izdelava vlog in poro\u010dil za projekte in razpise<\/p>\n<\/td>\n<td width=\"85\">\n<p>1 ura<\/p>\n<\/td>\n<td width=\"125\">\n<p>65,00 EUR<\/p>\n<\/td>\n<td width=\"149\">\n<p>Obra\u010dun po porabi delovnih ur<\/p>\n<\/td>\n<\/tr>\n<\/tbody>\n<\/table>\n<p>**Opomba: Navedene vrednosti so informativne narave. Za vsako stranko se pripravi individualno ponudbo s fiksno ceno v odvisnosti od zahtevnosti.<\/p>\n<p>\u00a0<\/p>\n<p>Strankam iz obmo\u010dja ob\u010din ustanoviteljic se dodatno obra\u010duna 20 % popusta.<\/p>\n<p>Pogoj: Ob\u010dina s katere je stranka nima neporavnanih zapadlih obveznosti do ORA Krasa in Brkinov d.o.o. oz. Las Krasa in Brkinov.<\/p>\n<p>Cene ne vklju\u010dujejo davka na dodano vrednost. Minimalna enota obra\u010duna je 0,5 ure.<\/p>\n<p>\u00a0<\/p>\n<p>Cenik velja od 1.3.2020 dalje.<\/p>\n<p>\u00a0\u00a0\u00a0\u00a0\u00a0\u00a0\u00a0\u00a0\u00a0\u00a0\u00a0\u00a0\u00a0\u00a0\u00a0\u00a0\u00a0\u00a0\u00a0\u00a0\u00a0\u00a0\u00a0\u00a0\u00a0\u00a0\u00a0\u00a0\u00a0\u00a0\u00a0\u00a0\u00a0\u00a0\u00a0\u00a0\u00a0\u00a0\u00a0\u00a0\u00a0\u00a0\u00a0\u00a0\u00a0\u00a0\u00a0\u00a0\u00a0\u00a0\u00a0\u00a0\u00a0\u00a0\u00a0\u00a0\u00a0\u00a0\u00a0\u00a0\u00a0\u00a0\u00a0\u00a0\u00a0\u00a0\u00a0\u00a0\u00a0\u00a0\u00a0\u00a0\u00a0\u00a0\u00a0\u00a0\u00a0\u00a0\u00a0\u00a0\u00a0\u00a0\u00a0\u00a0\u00a0\u00a0\u00a0\u00a0\u00a0\u00a0\u00a0\u00a0\u00a0\u00a0\u00a0\u00a0\u00a0\u00a0\u00a0\u00a0\u00a0\u00a0\u00a0\u00a0\u00a0\u00a0\u00a0\u00a0\u00a0\u00a0\u00a0\u00a0\u00a0\u00a0<\/p>\n<p>\u00a0<\/p>\n","protected":false},"excerpt":{"rendered":"<p>ORA Krasa in Brkinov d.o.o. nudi pla\u010dljive storitve za podjetnike s podro\u010dja priprave poslovnega na\u010drta in priprave vloge za prijavo na javni razpis ter izdelavo investicijske dokumentacije ter vlog in poro\u010dil za ob\u010dine kot sledi: Storitve za podjetnike in ob\u010dane*: storitev enota Vrednost\u00a0 brez vklju\u010denega DDV Okvirne vrednosti brez vklju\u010denega DDV ** Izdelava poslovnega na\u010drta [&hellip;]<\/p>\n","protected":false},"author":2,"featured_media":0,"parent":0,"menu_order":0,"comment_status":"closed","ping_status":"closed","template":"","meta":{"_genesis_hide_title":false,"_genesis_hide_breadcrumbs":false,"_genesis_hide_singular_image":false,"_genesis_hide_footer_widgets":false,"_genesis_custom_body_class":"","_genesis_custom_post_class":"","_genesis_layout":"","footnotes":""},"class_list":{"0":"post-2486","1":"page","2":"type-page","3":"status-publish","5":"entry"},"_links":{"self":[{"href":"https:\/\/www.ora.si\/index.php\/wp-json\/wp\/v2\/pages\/2486","targetHints":{"allow":["GET"]}}],"collection":[{"href":"https:\/\/www.ora.si\/index.php\/wp-json\/wp\/v2\/pages"}],"about":[{"href":"https:\/\/www.ora.si\/index.php\/wp-json\/wp\/v2\/types\/page"}],"author":[{"embeddable":true,"href":"https:\/\/www.ora.si\/index.php\/wp-json\/wp\/v2\/users\/2"}],"replies":[{"embeddable":true,"href":"https:\/\/www.ora.si\/index.php\/wp-json\/wp\/v2\/comments?post=2486"}],"version-history":[{"count":4,"href":"https:\/\/www.ora.si\/index.php\/wp-json\/wp\/v2\/pages\/2486\/revisions"}],"predecessor-version":[{"id":2579,"href":"https:\/\/www.ora.si\/index.php\/wp-json\/wp\/v2\/pages\/2486\/revisions\/2579"}],"wp:attachment":[{"href":"https:\/\/www.ora.si\/index.php\/wp-json\/wp\/v2\/media?parent=2486"}],"curies":[{"name":"wp","href":"https:\/\/api.w.org\/{rel}","templated":true}]}}