{"id":2217,"date":"2019-11-15T08:09:13","date_gmt":"2019-11-15T08:09:13","guid":{"rendered":"https:\/\/www.ora.si\/?page_id=2217"},"modified":"2019-11-15T08:38:09","modified_gmt":"2019-11-15T08:38:09","slug":"najavljeni-razpisi","status":"publish","type":"page","link":"https:\/\/www.ora.si\/index.php\/najavljeni-razpisi\/","title":{"rendered":"NAJAVLJENI RAZPISI"},"content":{"rendered":"\n<p><strong><span style=\"color: #ff0000;\">Nov okvirni terminski na\u010drt objave javnih razpisov do konca leta 2020<\/span><\/strong><\/p>\n<p><span style=\"background: white; color: #575757; font-family: 'Verdana','sans-serif'; font-size: 10pt;\"><strong>MKGP je po zadnji, to je sedmi spremembi Programa razvoja pode\u017eelja RS za obdobje 2014-2020, pripravilo <a href=\"https:\/\/www.ora.si\/wp-content\/uploads\/2019\/11\/25_10_2019_terminski_nacrt_do_konca_2020.pdf\">nov okvirni terminski na\u010drt objave javnih razpisov.<\/a> Do konca leta 2020 bo tako iz naslova Programa razvoja pode\u017eelja 2014-2020 objavljenih \u0161e 20 javnih razpisov.<\/strong><\/span><\/p>\n<h5><span style=\"background: white; color: #575757; font-family: 'Verdana','sans-serif'; font-size: 10pt;\"><strong>Predvideni termini objav javnih razpisov za ukrepe\/podukrepe PRP 2014 \u2013 2020 so zgolj informativne narave in se lahko spreminjajo.<\/strong><\/span><\/h5>\n","protected":false},"excerpt":{"rendered":"<p>Nov okvirni terminski na\u010drt objave javnih razpisov do konca leta 2020 MKGP je po zadnji, to je sedmi spremembi Programa razvoja pode\u017eelja RS za obdobje 2014-2020, pripravilo nov okvirni terminski na\u010drt objave javnih razpisov. Do konca leta 2020 bo tako iz naslova Programa razvoja pode\u017eelja 2014-2020 objavljenih \u0161e 20 javnih razpisov. Predvideni termini objav javnih [&hellip;]<\/p>\n","protected":false},"author":2,"featured_media":0,"parent":0,"menu_order":0,"comment_status":"closed","ping_status":"closed","template":"","meta":{"_genesis_hide_title":false,"_genesis_hide_breadcrumbs":false,"_genesis_hide_singular_image":false,"_genesis_hide_footer_widgets":false,"_genesis_custom_body_class":"","_genesis_custom_post_class":"","_genesis_layout":"","footnotes":""},"class_list":{"0":"post-2217","1":"page","2":"type-page","3":"status-publish","5":"entry"},"_links":{"self":[{"href":"https:\/\/www.ora.si\/index.php\/wp-json\/wp\/v2\/pages\/2217","targetHints":{"allow":["GET"]}}],"collection":[{"href":"https:\/\/www.ora.si\/index.php\/wp-json\/wp\/v2\/pages"}],"about":[{"href":"https:\/\/www.ora.si\/index.php\/wp-json\/wp\/v2\/types\/page"}],"author":[{"embeddable":true,"href":"https:\/\/www.ora.si\/index.php\/wp-json\/wp\/v2\/users\/2"}],"replies":[{"embeddable":true,"href":"https:\/\/www.ora.si\/index.php\/wp-json\/wp\/v2\/comments?post=2217"}],"version-history":[{"count":3,"href":"https:\/\/www.ora.si\/index.php\/wp-json\/wp\/v2\/pages\/2217\/revisions"}],"predecessor-version":[{"id":2222,"href":"https:\/\/www.ora.si\/index.php\/wp-json\/wp\/v2\/pages\/2217\/revisions\/2222"}],"wp:attachment":[{"href":"https:\/\/www.ora.si\/index.php\/wp-json\/wp\/v2\/media?parent=2217"}],"curies":[{"name":"wp","href":"https:\/\/api.w.org\/{rel}","templated":true}]}}