{"id":2074,"date":"2019-07-17T09:05:02","date_gmt":"2019-07-17T09:05:02","guid":{"rendered":"https:\/\/www.ora.si\/?page_id=2074"},"modified":"2020-07-13T08:30:47","modified_gmt":"2020-07-13T08:30:47","slug":"vavcerji-2","status":"publish","type":"page","link":"https:\/\/www.ora.si\/index.php\/vavcerji-2\/","title":{"rendered":"VAV\u010cERJI"},"content":{"rendered":"\n<p><span style=\"color: #ff0000;\">OBVESTILO: Obve\u0161\u010damo vas, da je Slovenski podjetni\u0161ki sklad za\u010dasno zaprl vse vav\u010derje.\u00a0<\/span><\/p>\n<p><strong>Finan\u010dne spodbude malih vrednosti \u2013 vav\u010derji za ve\u010djo konkuren\u010dnost mikro, malih in srednje velikih podjetij!<\/strong><\/p>\n<p>Slovenski podjetni\u0161ki sklad (SPS) je v leto\u0161njem letu uvedel nov program enostavnih spodbud malih vrednosti za mikro, mala in srednje velika podjetja, t.i. vav\u010derji. Vav\u010derji manj\u0161im podjetjem omogo\u010dajo bistveno poenostavljen dostop do sredstev, s pomo\u010djo katerih MSP lahko krepijo konkuren\u010dnost in kompetence ter tako pove\u010dajo dodano vrednost na zaposlenega.<\/p>\n<p>Posebnosti teh spodbud so: hitra obravnava, na voljo so skozi vse leto, brezpla\u010dna pomo\u010d in svetovanje pri pridobitvi vav\u010derjev preko SPOT svetovalcev. S pomo\u010djo vav\u010derjev je mo\u017eno pridobiti do 60 % sofinanciranja upravi\u010denih stro\u0161kov za posamezni odobren vav\u010der, letno lahko posamezno podjetje koristi 3 vav\u010derje oziroma do maksimalno 30.000 \u20ac vrednosti. Za dolo\u010dena vsebinska podro\u010dja vav\u010derjev so upravi\u010deni stro\u0161ki \u017ee od 1.1.2019 oziroma od datuma, dolo\u010denega v posameznem pozivu.<\/p>\n<p>Slovenski podjetni\u0161ki sklad ima objavljene naslednje pozive za vav\u010derje za vsebinska podro\u010dja:<\/p>\n<ol>\n<li><span style=\"font-weight: 400;\"> \u00a0 <\/span> <a href=\"https:\/\/podjetniskisklad.si\/sl\/razpisi?view=tender&amp;id=76\"><span style=\"font-weight: 400;\">Vav\u010der za certifikate kakovosti<\/span><\/a><\/li>\n<\/ol>\n<p><a href=\"https:\/\/podjetniskisklad.si\/sl\/razpisi?view=tender&amp;id=76\"><span style=\"font-weight: 400;\">https:\/\/podjetniskisklad.si\/sl\/razpisi?view=tender&amp;id=76<\/span><\/a><\/p>\n<ol start=\"2\">\n<li><span style=\"font-weight: 400;\"> \u00a0 <\/span> <a href=\"https:\/\/podjetniskisklad.si\/sl\/razpisi?view=tender&amp;id=77\"><span style=\"font-weight: 400;\">Vav\u010der za patente, modele, znamke<\/span><\/a><\/li>\n<\/ol>\n<p><a href=\"https:\/\/podjetniskisklad.si\/sl\/razpisi?view=tender&amp;id=77\"><span style=\"font-weight: 400;\">https:\/\/podjetniskisklad.si\/sl\/razpisi?view=tender&amp;id=77<\/span><\/a><\/p>\n<ol start=\"3\">\n<li><span style=\"font-weight: 400;\"> \u00a0 <\/span> <a href=\"https:\/\/podjetniskisklad.si\/sl\/razpisi?view=tender&amp;id=78\"><span style=\"font-weight: 400;\">Vav\u010der za tr\u017ene raziskave tujih trgov<\/span><\/a><\/li>\n<\/ol>\n<p><a href=\"https:\/\/podjetniskisklad.si\/sl\/razpisi?view=tender&amp;id=78\"><span style=\"font-weight: 400;\">https:\/\/podjetniskisklad.si\/sl\/razpisi?view=tender&amp;id=78<\/span><\/a><\/p>\n<ol start=\"4\">\n<li><span style=\"font-weight: 400;\"> \u00a0 <\/span> <a href=\"https:\/\/podjetniskisklad.si\/sl\/razpisi?view=tender&amp;id=79\"><span style=\"font-weight: 400;\">Vav\u010der za udele\u017ebe na mednarodnih forumih<\/span><\/a><\/li>\n<\/ol>\n<p><a href=\"https:\/\/podjetniskisklad.si\/sl\/razpisi?view=tender&amp;id=79\"><span style=\"font-weight: 400;\">https:\/\/podjetniskisklad.si\/sl\/razpisi?view=tender&amp;id=79<\/span><\/a><\/p>\n<ol start=\"5\">\n<li><span style=\"font-weight: 400;\"> \u00a0 <\/span> <a href=\"https:\/\/podjetniskisklad.si\/sl\/razpisi?view=tender&amp;id=80\"><span style=\"font-weight: 400;\">Vav\u010der za udele\u017ebo v gospodarskih delegacijah v tujino<\/span><\/a><\/li>\n<\/ol>\n<p><a href=\"https:\/\/podjetniskisklad.si\/sl\/razpisi?view=tender&amp;id=80\"><span style=\"font-weight: 400;\">https:\/\/podjetniskisklad.si\/sl\/razpisi?view=tender&amp;id=80<\/span><\/a><\/p>\n<ol start=\"6\">\n<li><span style=\"font-weight: 400;\"> \u00a0 <\/span> <a href=\"https:\/\/podjetniskisklad.si\/sl\/razpisi?view=tender&amp;id=81\"><span style=\"font-weight: 400;\">Vav\u010der za skupinske predstavitve slovenskega gospodarstva na sejmih v tujini<\/span><\/a><\/li>\n<\/ol>\n<p><a href=\"https:\/\/podjetniskisklad.si\/sl\/razpisi?view=tender&amp;id=81\"><span style=\"font-weight: 400;\">https:\/\/podjetniskisklad.si\/sl\/razpisi?view=tender&amp;id=81<\/span><\/a><\/p>\n<ol start=\"7\">\n<li><span style=\"font-weight: 400;\"> \u00a0 <\/span> <a href=\"https:\/\/podjetniskisklad.si\/sl\/razpisi?view=tender&amp;id=84\"><span style=\"font-weight: 400;\">Vav\u010der za dvig digitalnih kompetenc<\/span><\/a><\/li>\n<\/ol>\n<p><a href=\"https:\/\/podjetniskisklad.si\/sl\/razpisi?view=tender&amp;id=84\"><span style=\"font-weight: 400;\">https:\/\/podjetniskisklad.si\/sl\/razpisi?view=tender&amp;id=84<\/span><\/a><\/p>\n<ol start=\"8\">\n<li><span style=\"font-weight: 400;\"> \u00a0 <\/span> <a href=\"https:\/\/podjetniskisklad.si\/sl\/razpisi?view=tender&amp;id=85\"><span style=\"font-weight: 400;\">Vav\u010der za digitalni marketing<\/span><\/a><\/li>\n<\/ol>\n<p><a href=\"https:\/\/podjetniskisklad.si\/sl\/razpisi?view=tender&amp;id=85\"><span style=\"font-weight: 400;\">https:\/\/podjetniskisklad.si\/sl\/razpisi?view=tender&amp;id=85<\/span><\/a><\/p>\n<ol start=\"9\">\n<li><span style=\"font-weight: 400;\"> \u00a0 <\/span> <a href=\"https:\/\/podjetniskisklad.si\/sl\/razpisi?view=tender&amp;id=86\"><span style=\"font-weight: 400;\">Vav\u010der za pripravo digitalne strategije<\/span><\/a><\/li>\n<\/ol>\n<p><a href=\"https:\/\/podjetniskisklad.si\/sl\/razpisi?view=tender&amp;id=86\"><span style=\"font-weight: 400;\">https:\/\/podjetniskisklad.si\/sl\/razpisi?view=tender&amp;id=86<\/span><\/a><\/p>\n<ol start=\"10\">\n<li><a href=\"https:\/\/podjetniskisklad.si\/sl\/razpisi?view=tender&amp;id=88\"><span style=\"font-weight: 400;\">Vav\u010der za kibernetsko varnost<\/span><\/a><\/li>\n<\/ol>\n<p><a href=\"https:\/\/podjetniskisklad.si\/sl\/razpisi?view=tender&amp;id=88\"><span style=\"font-weight: 400;\">https:\/\/podjetniskisklad.si\/sl\/razpisi?view=tender&amp;id=88<\/span><\/a><\/p>\n<ol start=\"11\">\n<li><a href=\"https:\/\/podjetniskisklad.si\/sl\/razpisi?view=tender&amp;id=89\"><span style=\"font-weight: 400;\">Vav\u010der za statusno preoblikovanje dru\u017eb<\/span><\/a><\/li>\n<\/ol>\n<p><a href=\"https:\/\/podjetniskisklad.si\/sl\/razpisi?view=tender&amp;id=89\"><span style=\"font-weight: 400;\">https:\/\/podjetniskisklad.si\/sl\/razpisi?view=tender&amp;id=89<\/span><\/a><\/p>\n<ol start=\"12\">\n<li><a href=\"https:\/\/podjetniskisklad.si\/sl\/razpisi?view=tender&amp;id=94\"><span style=\"font-weight: 400;\">Vav\u010der za uvajanje poslovne odli\u010dnosti po modelu EFQM v mala in srednje velika podjetja<\/span><\/a><\/li>\n<\/ol>\n<p><a href=\"https:\/\/podjetniskisklad.si\/sl\/razpisi?view=tender&amp;id=94\"><span style=\"font-weight: 400;\">https:\/\/podjetniskisklad.si\/sl\/razpisi?view=tender&amp;id=94<\/span><\/a><\/p>\n<p>13. <a href=\"https:\/\/podjetniskisklad.si\/sl\/razpisi?view=tender&amp;id=98\">Vav\u010der za prenos lastni\u0161tva<\/a><\/p>\n<p><a href=\"https:\/\/podjetniskisklad.si\/sl\/razpisi?view=tender&amp;id=98\">https:\/\/podjetniskisklad.si\/sl\/razpisi?view=tender&amp;id=98<\/a><\/p>\n<p>Za prijavo na javnih pozivih lahko kandidirajo:<\/p>\n<ul>\n<li>mikro, mala in srednje velika podjetja s sede\u017eem v RS (s.p., gospodarske dru\u017ebe, zadruge),<\/li>\n<li>podjetje mora imeti na dan oddaje vloge vsaj 1 zaposlenega (kot zaposlena oseba se upo\u0161teva tudi nosilec dejavnosti pri s.p., \u010de je to njegova edina podlaga za zavarovanje),<\/li>\n<li>podjetje ne sme imeti neporavnanih dav\u010dnih obveznosti do javnih organov in organizacij,<\/li>\n<li>podjetje mora upo\u0161tevati pravilo dr\u017eavne finan\u010dne pomo\u010di \u00bbde minimimis\u00ab, kar pomeni, da skupni znesek pomo\u010di, dodeljen podjetju prijavitelja in povezanim dru\u017ebam v obdobju 3 zaporednih let ne sme prese\u010di 200.000 EUR.<\/li>\n<\/ul>\n<p>Projekt, za katerega podjetje zapro\u0161a za sofinanciranje, mora ustrezati namenu in predmetu poziva, zunanji izvajalec mora ustrezati pogojem posameznega poziva, pri izboru zunanjega izvajalca je potrebno ravnati gospodarno in storitev pridobiti po tr\u017eni ceni (vsaj tri ponudbe), aktivnosti po projektu morajo biti skladne z upravi\u010denimi stro\u0161ki po posameznem pozivu.<\/p>\n<p>Podjetje odda vlogo preko ePortala Slovenskega podjetni\u0161kega sklada (https:\/\/eportal.podjetniskisklad.si)<\/p>\n<p>\u00a0K vlogi mora prilo\u017eiti tudi:<\/p>\n<ul>\n<li>potrdilo o pla\u010danih prispevkih in davkih (e-davki FURS), najve\u010d 5 dni pred oddajo vloge,<\/li>\n<li>potrdilo o predlo\u017eenih obra\u010dunih: REK, DDV (e-davki), najve\u010d 5 dni pred oddajo vloge,<\/li>\n<li>seznam ponudnikov in prejete ponudbe (vsaj 3) ali dokazila o gospodarnem ravnanju (v kolikor to zahteva posamezen vav\u010der)<\/li>\n<\/ul>\n<p>Slovenski podjetni\u0161ki sklad v roku 15 dni odgovori prijavitelju in sledi podpis pogodbe o sofinanciranju. Po podpisu pogodbe ima prijavitelj v skladu s pogodbo dolo\u010den rok za izvedbo aktivnosti (6 mesecev ali 12 mesecev, odvisno od vav\u010derja). Po zaklju\u010denih aktivnostih prijavitelj predlo\u017ei SPS zahtevek z dokazili:<\/p>\n<ul>\n<li>ra\u010dun izvajalca, ki mora biti izdan v upravi\u010denem obdobju (DDV ni upravi\u010den stro\u0161ek),<\/li>\n<li>potrdilo o pla\u010dilu ra\u010duna izvajalca pred oddajo zahtevka (ban\u010dni izpisek),<\/li>\n<li>dokazila, da je bil predmet javnega poziva izveden \u2013 ta dokazila se razlikujejo glede na vsebino vav\u010derja (pridobljen ali obnovljen certifikat kakovosti, listina o za\u0161\u010diti intelektualne lastnine, tr\u017ena raziskava, potrdilo organizatorja o udele\u017ebi na konferenci\/sre\u010danju\/sejmu), po potrebi tudi slikovno gradivo.<\/li>\n<\/ul>\n<p>Svetovalci SPOT svetovanje Obalno-kra\u0161ke regije smo vam na voljo za dodatna pojasnila in\u00a0 pomo\u010d pri pripravi vloge. Pokli\u010dite nas na telefonsko \u0161tevilko 05 662 58 34, ali nam pi\u0161ite na mail: <a href=\"mailto:spot.obalnokraske@gmail.com\">spot.obalnokraske@gmail.com<\/a>, ali pa nas obi\u0161\u010dite na sede\u017eu SPOT Svetovanje Obalno-kra\u0161ke regije, Ferrarska 2, v Kopru (PGZ, Ogrlica) in pri vseh partnerjih projekta.<\/p>\n<p>Za sre\u010danje na lokaciji <strong>Obmo\u010dna razvojna agencija Krasa in Brkinov<\/strong> je potrebna predhodna najava pri svetovalki Dolores Kov\u0161ca, tel: 051 424 532, e-mail: <a href=\"mailto:dolores.kovsca@ora.si\">dolores.kovsca@ora.si<\/a><\/p>\n<p>\u00a0<\/p>\n","protected":false},"excerpt":{"rendered":"<p>OBVESTILO: Obve\u0161\u010damo vas, da je Slovenski podjetni\u0161ki sklad za\u010dasno zaprl vse vav\u010derje.\u00a0 Finan\u010dne spodbude malih vrednosti \u2013 vav\u010derji za ve\u010djo konkuren\u010dnost mikro, malih in srednje velikih podjetij! Slovenski podjetni\u0161ki sklad (SPS) je v leto\u0161njem letu uvedel nov program enostavnih spodbud malih vrednosti za mikro, mala in srednje velika podjetja, t.i. vav\u010derji. Vav\u010derji manj\u0161im podjetjem omogo\u010dajo [&hellip;]<\/p>\n","protected":false},"author":2,"featured_media":0,"parent":0,"menu_order":0,"comment_status":"closed","ping_status":"closed","template":"","meta":{"_genesis_hide_title":false,"_genesis_hide_breadcrumbs":false,"_genesis_hide_singular_image":false,"_genesis_hide_footer_widgets":false,"_genesis_custom_body_class":"","_genesis_custom_post_class":"","_genesis_layout":"","footnotes":""},"class_list":{"0":"post-2074","1":"page","2":"type-page","3":"status-publish","5":"entry"},"_links":{"self":[{"href":"https:\/\/www.ora.si\/index.php\/wp-json\/wp\/v2\/pages\/2074","targetHints":{"allow":["GET"]}}],"collection":[{"href":"https:\/\/www.ora.si\/index.php\/wp-json\/wp\/v2\/pages"}],"about":[{"href":"https:\/\/www.ora.si\/index.php\/wp-json\/wp\/v2\/types\/page"}],"author":[{"embeddable":true,"href":"https:\/\/www.ora.si\/index.php\/wp-json\/wp\/v2\/users\/2"}],"replies":[{"embeddable":true,"href":"https:\/\/www.ora.si\/index.php\/wp-json\/wp\/v2\/comments?post=2074"}],"version-history":[{"count":6,"href":"https:\/\/www.ora.si\/index.php\/wp-json\/wp\/v2\/pages\/2074\/revisions"}],"predecessor-version":[{"id":2547,"href":"https:\/\/www.ora.si\/index.php\/wp-json\/wp\/v2\/pages\/2074\/revisions\/2547"}],"wp:attachment":[{"href":"https:\/\/www.ora.si\/index.php\/wp-json\/wp\/v2\/media?parent=2074"}],"curies":[{"name":"wp","href":"https:\/\/api.w.org\/{rel}","templated":true}]}}