{"id":164,"date":"2016-09-06T09:02:14","date_gmt":"2016-09-06T09:02:14","guid":{"rendered":"http:\/\/www.ora.si\/nova\/?page_id=164"},"modified":"2019-05-20T09:39:59","modified_gmt":"2019-05-20T09:39:59","slug":"kako-pripraviti-poslovni-nacrt","status":"publish","type":"page","link":"https:\/\/www.ora.si\/index.php\/kako-pripraviti-poslovni-nacrt\/","title":{"rendered":"Kako pripraviti poslovni na\u010drt"},"content":{"rendered":"<\/p>\n<p><strong>KAJ JE POSLOVNI NA\u010cRT<\/strong><\/p>\n<p align=\"justify\">Poslovni na\u010drt je uporabno in prilagodljivo orodje. Je vodnik,lahko bi rekli tudi poslovne\u017eev najbolj\u0161i prijatelj, podobno kot sta kompas ali zemljevid najbolj\u0161a prijatelja popotniku. Ne glede na svojo velikost, podjetja v dana\u0161njem globalnem &#8211; visoko konkuren\u010dnem &#8211; okolju ne morejo pri\u010dakovati, da bodo uspe\u0161na in da bodo dosegala rast brez dobrega poslovnega na\u010drta.<\/p>\n<p><strong>ZAKAJ PRIPRAVITI POSLOVNI NA\u010cRT<\/strong><\/p>\n<p>Poslovni na\u010drt potrebujete zaradi \u0161tevilnih razlogov, \u0161e zlasti:<\/p>\n<ul>\n<li>\u010de \u017eelite pridobivati finan\u010dna sredstva,<\/li>\n<li>\u010de i\u0161\u010dete poslovnega partnerja,<\/li>\n<li>\u010de za\u010denjate z novim podjetjem,<\/li>\n<li>\u010de \u017eelite bolje voditi posel.<\/li>\n<\/ul>\n<p><strong>OBVEZNE SESTAVINE POSLOVNEGA NA\u010cRTA<\/strong><\/p>\n<p><strong>1.<\/strong> POVZETEK NA\u010cRTA<br \/>\n<strong>2. <\/strong>OPIS PODJETJA<br \/>\n<strong>3.<\/strong> OPIS PROIZVODA ALI STORITVE<br \/>\n<strong>4.<\/strong> ANALIZA PANOGE<br \/>\n<strong>5.<\/strong> ANALIZA KONKURENTOV<br \/>\n<strong>6.<\/strong> PSPN (SWOT)ANALIZA<br \/>\n<strong>7.<\/strong> NA\u010cRT TR\u017dENJA IN PRODAJE<br \/>\n<strong>8.<\/strong> NA\u010cRT PROIZVODNJE<br \/>\n<strong>9.<\/strong> NA\u010cRT \u010cLOVE\u0160KIH VIROV<br \/>\n<strong>10.<\/strong> FINAN\u010cNI NA\u010cRT<br \/>\n<strong>11.<\/strong> IZBRANE RE\u0160ITVE IN KRITI\u010cNA TVEGANJA<br \/>\n<strong>11.<\/strong> TERMINSKI NA\u010cRT<\/p>\n<p><strong>KAKO VAM LAHKO POSLOVNI NA\u010cRT POMAGA?<\/strong><\/p>\n<p>Dober poslovni na\u010drt:<\/p>\n<ul>\n<li>pomaga pri spoznanju, v kateri posel \u017eelite vstopiti,<\/li>\n<li>poudari va\u0161e prednosti (v \u010dem ste najbolj\u0161i),<\/li>\n<li>vam odpre o\u010di za nove prilo\u017enosti,<\/li>\n<li>vam pomaga razumeti konkurente,<\/li>\n<li>vam pomaga bolje na\u010drtovati proizvodne operacije,<\/li>\n<li>vam pomaga uporabiti finan\u010dne vire bolj dobi\u010dkonosno,<\/li>\n<li>vas navede na razmi\u0161ljanje o va\u0161ih vodstvenih sposobnostih in potrebah.<\/li>\n<\/ul>\n<p align=\"justify\">Priprava poslovnega na\u010drta je lahko zelo koristna vaja za podjetnika. Da bi vam poslovno na\u010drtovanje koristilo, morate prevzeti iniciativo in popoln nadzor nad projektom, od za\u010detka do konca. To ne pomeni, da ne smete poiskati strokovnega nasveta, \u010de ga potrebujete<strong> nas lahko pokli\u010dete na telefonsko \u0161tevilko 05 73 44 362<\/strong> ali pi\u0161ete na naslov <a href=\"mailto:info@ora.si\">info@ora.si<\/a>, z veseljem vam bomo pomagali!<\/p>\n","protected":false},"excerpt":{"rendered":"<p>KAJ JE POSLOVNI NA\u010cRT Poslovni na\u010drt je uporabno in prilagodljivo orodje. Je vodnik,lahko bi rekli tudi poslovne\u017eev najbolj\u0161i prijatelj, podobno kot sta kompas ali zemljevid najbolj\u0161a prijatelja popotniku. Ne glede na svojo velikost, podjetja v dana\u0161njem globalnem &#8211; visoko konkuren\u010dnem &#8211; okolju ne morejo pri\u010dakovati, da bodo uspe\u0161na in da bodo dosegala rast brez dobrega [&hellip;]<\/p>\n","protected":false},"author":2,"featured_media":0,"parent":0,"menu_order":0,"comment_status":"closed","ping_status":"closed","template":"","meta":{"_genesis_hide_title":false,"_genesis_hide_breadcrumbs":false,"_genesis_hide_singular_image":false,"_genesis_hide_footer_widgets":false,"_genesis_custom_body_class":"","_genesis_custom_post_class":"","_genesis_layout":"content-sidebar","footnotes":""},"class_list":{"0":"post-164","1":"page","2":"type-page","3":"status-publish","5":"entry"},"_links":{"self":[{"href":"https:\/\/www.ora.si\/index.php\/wp-json\/wp\/v2\/pages\/164","targetHints":{"allow":["GET"]}}],"collection":[{"href":"https:\/\/www.ora.si\/index.php\/wp-json\/wp\/v2\/pages"}],"about":[{"href":"https:\/\/www.ora.si\/index.php\/wp-json\/wp\/v2\/types\/page"}],"author":[{"embeddable":true,"href":"https:\/\/www.ora.si\/index.php\/wp-json\/wp\/v2\/users\/2"}],"replies":[{"embeddable":true,"href":"https:\/\/www.ora.si\/index.php\/wp-json\/wp\/v2\/comments?post=164"}],"version-history":[{"count":6,"href":"https:\/\/www.ora.si\/index.php\/wp-json\/wp\/v2\/pages\/164\/revisions"}],"predecessor-version":[{"id":1764,"href":"https:\/\/www.ora.si\/index.php\/wp-json\/wp\/v2\/pages\/164\/revisions\/1764"}],"wp:attachment":[{"href":"https:\/\/www.ora.si\/index.php\/wp-json\/wp\/v2\/media?parent=164"}],"curies":[{"name":"wp","href":"https:\/\/api.w.org\/{rel}","templated":true}]}}