{"id":151,"date":"2016-09-06T08:57:49","date_gmt":"2016-09-06T08:57:49","guid":{"rendered":"http:\/\/www.ora.si\/nova\/?page_id=151"},"modified":"2019-06-19T07:03:11","modified_gmt":"2019-06-19T07:03:11","slug":"socialno-podjetnistvo","status":"publish","type":"page","link":"https:\/\/www.ora.si\/index.php\/socialno-podjetnistvo\/","title":{"rendered":"Socialno podjetni\u0161tvo"},"content":{"rendered":"\n<figure class=\"wp-block-image\"><img loading=\"lazy\" decoding=\"async\" width=\"1024\" height=\"218\" src=\"https:\/\/www.ora.si\/wp-content\/uploads\/2019\/06\/Logo-SPOT-svetovanje-1024x218.png\" alt=\"\" class=\"wp-image-2044\" srcset=\"https:\/\/www.ora.si\/wp-content\/uploads\/2019\/06\/Logo-SPOT-svetovanje-1024x218.png 1024w, https:\/\/www.ora.si\/wp-content\/uploads\/2019\/06\/Logo-SPOT-svetovanje-300x64.png 300w, https:\/\/www.ora.si\/wp-content\/uploads\/2019\/06\/Logo-SPOT-svetovanje-768x163.png 768w\" sizes=\"auto, (max-width: 1024px) 100vw, 1024px\" \/><\/figure>\n\n\n<p><strong>KAJ JE SOCIALNO PODJETNI\u0160TVO?<\/strong><\/p>\n<p>Socialno podjetni\u0161tvo je inovativna oblika podjetni\u0161tva z velikim \u010dutom odgovornosti za dru\u017ebo in ljudi. Za socialno podjetni\u0161tvo je zna\u010dilno, da so motivi poslovanja v razre\u0161evanju socialnih, gospodarskih, okoljskih in drugih problemov dru\u017ebe na inovativen na\u010din. Osnovni namen te alternativne oblike podjetni\u0161tva je tr\u017eno delovanje ob upo\u0161tevanju na\u010del socialnega podjetni\u0161tva. Tako kot klasi\u010dna podjetja tudi socialna podjetja nastopajo na trgu, s to razliko, da dobi\u010dka praviloma ne delijo, temve\u010d ga vra\u010dajo nazaj v podjetje. Socialno podjetni\u0161tvo je povezovalno, saj spodbuja sodelovanje ljudi in prostovoljsko delo, ter na ta na\u010din krepi solidarnost v dru\u017ebi saj ustvarja nova delovna mesta za ranljive skupine oseb ter opravlja dru\u017ebeno koristne dejavnosti.<\/p>\n<p>Socialna podjetja se od komercialnih podjetij lo\u010dijo po ve\u010d zna\u010dilnostih. Ne stremijo (samo) k ekonomskim koristim, temve\u010d tudi in predvsem k izbolj\u0161anju dru\u017ebenih in okoljskih pogojev. Prav zato imajo socialna podjetja poseben pomen za dru\u017ebo in okolje ter za prihodnost vseh nas. Njihov doprinos je pomemben predvsem na lokalni ravni, saj se osredoto\u010dajo na izzive v lokalnih skupnostih, ki jim komercialna podjetja ne posve\u010dajo dovolj pozornosti, in skrbijo za lokalno samooskrbo in lokalno prebivalstvo.<\/p>\n<p>Socialno\u2010podjetni\u0161ke iniciative nastajajo v neprofitnem, zasebnem in javnem sektorju ali pa v kombinaciji le\u2010teh. Pomembno se je zavedati, da razvoj socialnega podjetni\u0161tva ni odvisen samo od spodbud, temve\u010d je v veliki meri odvisen tudi od sodelovanja institucij, ki delujejo na podro\u010dju socialnega podjetni\u0161tva.<\/p>\n<p><strong>PRAVNI VIDIKI SOCIALNEGA PODJETNI\u0160TVA <\/strong><\/p>\n<p>Pravni okvir za delovanje socialnih podjetij je v Sloveniji opredeljen v <a href=\"https:\/\/www.uradni-list.si\/glasilo-uradni-list-rs\/vsebina\/2011-01-0819?sop=2011-01-0819\" target=\"_blank\" rel=\"noopener noreferrer\">Zakonu o socialnem podjetni\u0161tvu (ZSocP)<\/a>, katerega je Slovenija sprejela v marcu 2011 in je za\u010del veljati s 1. januarjem 2012.<\/p>\n<p>Zakon o socialnem podjetni\u0161tvu opredeljuje socialno podjetni\u0161tvo kot \u00bbtrajno opravljanje podjetni\u0161ke dejavnosti s proizvodnjo in prodajo proizvodov ali opravljanjem storitev na trgu, kjer ustvarjanje dobi\u010dka ni glavni cilj podjetni\u0161ke aktivnosti, temve\u010d glavni cilj predstavlja doseganje socialnih oziroma dru\u017ebenih u\u010dinkov\u00ab.<\/p>\n<p>V letu 2018 je stopil v veljavo\u00a0 Zakon o spremembah in dopolnitvah zakona o\u00a0 socialnem podjetni\u0161tvu (<a href=\"https:\/\/www.uradni-list.si\/glasilo-uradni-list-rs\/vsebina\/2018-01-0545?sop=2018-01-0545\" target=\"_blank\" rel=\"noopener noreferrer\">ZSocP &#8211; A<\/a>). Ta zakon dolo\u010da opredelitev, cilje in na\u010dela socialnega podjetni\u0161tva, dejavnosti socialnega podjetni\u0161tva in pogoje, pod katerimi socialna podjetja opravljajo dejavnosti, pogoje, pod katerimi pravne osebe pridobijo status socialnega podjetja, na\u010din pridobitve in odvzem statusa, posebne pogoje poslovanja socialnih podjetij, evidence, ki se vodijo na podro\u010dju socialnega podjetni\u0161tva ter nadzorstvo.<\/p>\n<p>Prvotni Zakon je dolo\u010dal dejavnosti katere se lahko opravljajo v okviru socialnega podjetni\u0161tva, kar je sedaj odpravljeno in pomeni, da se socialno podjetni\u0161tvo lahko opravlja na vseh podro\u010djih gospodarskih in negospodarskih dejavnosti. Ravno tako so se podjetja prvotno delili na dva tipa podjetij, in sicer tip A in tip B, kar je sedaj tudi odpravljeno.<\/p>\n<p><strong>POSTOPEK ZA PRIDOBITEV STATUSA SOCIALNEGA PODJETJA<\/strong><\/p>\n<p>Postopek za pridobitev statusa socialnega podjetja je opredeljen v ZSocP in ZSocP\u2010A.\u00a0<br \/>Status socialnega podjetja lahko pridobi nepridobitna pravna oseba, npr. dru\u0161tvo, zavod, ustanova, zadruga, evropska zadruga, zaposlitveni center, invalidsko podjetje, gospodarska dru\u017eba ipd., ki izpolnjuje na\u010dela socialnega podjetni\u0161tva ter pogoje navedene v ZSocP-A, predvsem pa:<\/p>\n<ul>\n<li>opravlja gospodarske in negospodarske dejavnosti,<\/li>\n<li>ne deli premo\u017eenja in prese\u017eka prihodkov nad odhodki,<\/li>\n<li>je neodvisna in organizacijsko samostojna v odnosu do pridobitnih gospodarskih dru\u017eb, pravnih oseb javnega prava ali lokalnih skupnosti,<\/li>\n<li>zagotavlja vklju\u010dujo\u010do obliko upravljanja, ki temelji na soodlo\u010danju in demokrati\u010dnem na\u010dinu odlo\u010danja in<\/li>\n<li>izpolnjuje druge pogoje, ki jih dolo\u010da ta zakon in zakon, ki ureja pravno organiziranost posamezne vrste nepridobitne pravne osebe.<\/li>\n<\/ul>\n<p>Posamezna nepridobitna pravna oseba je lahko \u017ee ustanovljena in se naknadno doregistrira v socialno podjetje ali pa to opravi isto\u010dasno pri pristojnemu registrskemu organu.<\/p>\n<p>Ko podjetje izpolni vse pogoje, predpisane v zakonu, pridobi v imenu podjetja oziroma imenu nepridobitne pravne osebe dostavek \u00bbsocialno podjetje\u00ab oziroma okraj\u0161avo \u00bbso.p.\u00ab.<\/p>\n<p><strong>POSTOPEK REGISTRACIJE SOCIALNEGA PODJETJA <\/strong><\/p>\n<p>Socialno podjetje lahko registrira le pravna oseba (razli\u010dnih pravnoorganizacijskih oblik), medtem ko fizi\u010dna oseba (npr. samostojni podjetnik, kmet) statusa ne more pridobiti.<\/p>\n<p>Za registracijo nepridobitne pravne osebe kot socialnega podjetja, podjetnik odda vlogo na pristojni registrski organ. To velja tudi v primeru, ko je nepridobitna pravna oseba (npr. dru\u0161tvo, zadruga itd.) \u017ee ustanovljena in se v postopku doregistrira kot socialno podjetje.<\/p>\n<p>Pogoji za ustanovitev so dolo\u010deni v ZSocP-A (predvsem v 3., 8., 9., 12. in 14. \u010dlenu) in zakonodajo, ki ureja organiziranost posamezne vrste nepridobitne pravne osebe.<\/p>\n<p><strong>Vloga za registracijo\/doregistracijo<\/strong>, poleg vsebine in prilog, ki jih zahteva ustanovitev posamezne nepridobitne pravne osebe, vsebuje listine po 14. \u010dlenu ZSocP-A, in sicer:<\/p>\n<ul>\n<li>akt o ustanovitvi (12. \u010dlen ZSocP-A),<\/li>\n<li>sklep ustanoviteljev ali pristojnega organa nepridobitne pravne osebe, da namerava poslovati kot socialno podjetje,<\/li>\n<li>osebna imena, EM\u0160O, dr\u017eavljanstvo in naslov stalnega ali za\u010dasnega prebivali\u0161\u010da vseh oseb, ki imajo pooblastilo za zastopanje in obseg pooblastil za dru\u0161tva,<\/li>\n<li>dokazilo o vi\u0161ini morebitnih sredstev za za\u010detek dela oziroma vrednosti premo\u017eenja socialnega podjetja.<\/li>\n<\/ul>\n<p>Enako vsebino mora imeti tudi vloga za doregistracijo spremembe akta o ustanovitvi s katero se nepridobitna pravna oseba preoblikuje v socialno podjetje.<\/p>\n<p><strong>REGISTRSKI ORGANI POSAMEZNIH PRAVNIH OSEB<\/strong><\/p>\n<p>Nepridobitna pravna oseba: <strong>dru\u0161tvo<br \/><\/strong>Registrski organ: <strong>upravna enota na obmo\u010dju katere je sede\u017e dru\u0161tva<br \/><\/strong>Zakonska podlaga: <a href=\"http:\/\/pisrs.si\/Pis.web\/pregledPredpisa?id=ZAKO4242\" target=\"_blank\" rel=\"noopener noreferrer\">Zakon o dru\u0161tvih<\/a><\/p>\n<p>Nepridobitna pravna oseba: <strong>zavod<br \/><\/strong>Registrski organ: <strong>okro\u017ena sodi\u0161\u010da\/sodni register<br \/><\/strong>Zakonska podlaga: <a href=\"http:\/\/pisrs.si\/Pis.web\/pregledPredpisa?id=ZAKO10\" target=\"_blank\" rel=\"noopener noreferrer\">Zakon o zavodih<\/a><\/p>\n<p>Nepridobitna pravna oseba: <strong>ustanova<br \/><\/strong>Registrski organ: <strong>pristojno ministrstvo za izdajo soglasja k aktu<br \/><\/strong>Zakonska podlaga: <a href=\"http:\/\/pisrs.si\/Pis.web\/pregledPredpisa?id=ZAKO428\" target=\"_blank\" rel=\"noopener noreferrer\">Zakon o ustanovah<\/a><\/p>\n<p>Nepridobitna pravna oseba: <strong>gospodarska dru\u017eba<br \/><\/strong>Registrski organ: <strong>okro\u017ena sodi\u0161\u010da\/sodni register<br \/><\/strong>Zakonska podlaga: <a href=\"http:\/\/www.pisrs.si\/Pis.web\/pregledPredpisa?id=ZAKO4291\" target=\"_blank\" rel=\"noopener noreferrer\">Zakon o gospodarskih dru\u017ebah<\/a><\/p>\n<p>Nepridobitna pravna oseba: <strong>zadruga, evropska zadruga<br \/><\/strong>Registrski organ: <strong>okro\u017ena sodi\u0161\u010da\/sodni register<br \/><\/strong>Zakonska podlaga: <a href=\"http:\/\/www.pisrs.si\/Pis.web\/pregledPredpisa?id=ZAKO217\" target=\"_blank\" rel=\"noopener noreferrer\">Zakon o zadrugah<\/a><\/p>\n<p>Nepridobitna pravna oseba: <strong>gospodarska dru\u017eba s statusom invalidskega podjetja<br \/><\/strong>Registrski organ: <strong>okro\u017ena sodi\u0161\u010da\/sodni register<br \/><\/strong>Zakonska podlaga: <a href=\"http:\/\/pisrs.si\/Pis.web\/pregledPredpisa?id=ZAKO3841\" target=\"_blank\" rel=\"noopener noreferrer\">Zakon o zaposlitveni rehabilitaciji in zaposlovanju invalidov<\/a><\/p>\n<p>Ko podjetje izpolni vse pogoje, predpisane v zakonu, pridobi v imenu podjetja oziroma imenu nepridobitne pravne osebe dostavek \u00bbsocialno podjetje\u00ab oziroma okraj\u0161avo \u00bbso.p.\u00ab. Po registraciji nepridobitne pravne osebe registracijski organ o dodelitvi statusa obvesti AJPES in Ministrstvo za gospodarski razvoj in tehnologijo, ki vodi tudi evidenco socialnih podjetji.<\/p>\n<p><strong>ODPOVED STATUSA SOCIALNEGA PODJETJA<\/strong><\/p>\n<p>Statusu socialnega podjetja se lahko nepridobitna pravna oseba tudi odpove, in sicer lahko vlogo oziroma pisno odpoved statusu posreduje Ministrstvu za gospodarski razvoj in tehnologijo, ki vlagatelju izda odlo\u010dbo o prepovedi poslovanja kot socialno podjetje in ga po\u0161lje socialnemu podjetju ter po pravnomo\u010dnosti odlo\u010dbe (t.j. v 30 dneh) tudi sodi\u0161\u010du, ki spremembo vpi\u0161e v sodni register. Pisno odpoved lahko podjetje posreduje tudi elektronsko na naslov <a href=\"mailto:gp.mgrt@gov.si\">gp.mgrt@gov.si<\/a>. V pisni odpovedi je potrebno navesti osnovne podatke o podjetju ter razlog za odpoved statusu socialnega podjetja.<\/p>\n<p><strong>PORO\u010cANJE SOCIALNIH PODJETIJ<\/strong><\/p>\n<p>Socialno podjetje mora Ministrstvu za gospodarski razvoj in tehnologijo posredovati dokazila o za\u010detku opravljanja dejavnosti v enem letu od pridobitve statusa v skladu s Pravilnik o spremljanju poslovanja socialnih podjetji. Trenutno je v pripravi nov Pravilnik, ki bo objavljen do konca leta 2019. V prihodnje bodo morala socialna podjetja poro\u010dati\u00a0 tudi o zagotavljanju dru\u017ebenih u\u010dinkov. Predpis, ki bo to dolo\u010dal, je prav tako v pripravi.<\/p>\n<p>Skladno in v rokih predpisanih z zakoni mora pri oddaji letnega poro\u010dila na AJPES,\u00a0 za posamezno pravno organizacijsko obliko navesti tudi:<\/p>\n<ul>\n<li>razmejitev prihodkov iz dejavnosti socialnega podjetni\u0161tva od prihodkov iz drugih dejavnosti in drugih virov, z opredelitvijo odstotka glede na vi\u0161ino sredstev,<\/li>\n<li>prikaz prihodkov in odhodkov iz naslova spodbud, olaj\u0161av in oprostitev na podlagi tega in drugih zakonov,<\/li>\n<li>prikaz \u0161tevila zaposlenih delavcev v obdobju najmanj devetih mesecev v letu in \u0161tevila prostovoljcev, \u010de poseben zakon ne dolo\u010da druga\u010de,<\/li>\n<li>razporejanje prese\u017ekov prihodkov nad odhodki po namenu,<\/li>\n<li>pojasnilo o doseganju ciljev socialnega podjetni\u0161tva in namena socialnega podjetja (poslovno poro\u010dilo).<\/li>\n<\/ul>\n<p><strong>ZAKONODAJA IN DOKUMENTI<\/strong><\/p>\n<p>Ve\u010d o pravnih vidikih socialnega podjetni\u0161tva:<\/p>\n<ul>\n<li><a href=\"https:\/\/www.uradni-list.si\/glasilo-uradni-list-rs\/vsebina\/2011-01-0819?sop=2011-01-0819\" target=\"_blank\" rel=\"noopener noreferrer\">ZsocP<\/a><\/li>\n<li><a href=\"https:\/\/www.uradni-list.si\/glasilo-uradni-list-rs\/vsebina\/2018-01-0545?sop=2018-01-0545\" target=\"_blank\" rel=\"noopener noreferrer\">ZSocP\u2010 A<\/a><\/li>\n<li><a href=\"http:\/\/www.mgrt.gov.si\/si\/delovna_podrocja\/socialno_podjetnistvo\/evidenca_so_p\/\" target=\"_blank\" rel=\"noopener noreferrer\">evidenca socialnih podjetij<\/a><\/li>\n<li><a href=\"http:\/\/www.mgrt.gov.si\/si\/delovna_podrocja\/socialno_podjetnistvo\/nepridobitna_pravna_oseba\/\" target=\"_blank\" rel=\"noopener noreferrer\">opredelitev nepridobitne pravne osebe<\/a><\/li>\n<li><a href=\"http:\/\/www.pisrs.si\/Pis.web\/pregledPredpisa?id=PRAV11536\" target=\"_blank\" rel=\"noopener noreferrer\">trenutno veljavni pravilnik, ki ureja spremljanje in poslovanje socialnih podjetji<\/a><\/li>\n<li><a href=\"https:\/\/dk.um.si\/Dokument.php?id=126938\" target=\"_blank\" rel=\"noopener noreferrer\">pravni in ekonomski vidiki socialnega podjetni\u0161tva<\/a><\/li>\n<\/ul>\n<p><strong>FINAN\u010cNI VIRI ZA SOCIALNA PODJETJA <\/strong><\/p>\n<p>Ve\u010d o financiranju socialnih podjetij si lahko preberete tukaj:<\/p>\n<ul>\n<li><a href=\"http:\/\/www.mgrt.gov.si\/si\/delovna_podrocja\/socialno_podjetnistvo\/\" target=\"_blank\" rel=\"noopener noreferrer\">Razpisi za socialna podjetja<\/a><\/li>\n<li><a href=\"http:\/\/ec.europa.eu\/esf\/home.jsp?langId=sl\" target=\"_blank\" rel=\"noopener noreferrer\">Evropski socialni sklad<\/a><\/li>\n<li><a href=\"http:\/\/ec.europa.eu\/regional_policy\/sl\/funding\/erdf\/\" target=\"_blank\" rel=\"noopener noreferrer\">Evropski sklad za regionalni razvoj<\/a><\/li>\n<li><a href=\"http:\/\/ec.europa.eu\/regional_policy\/index.cfm\/sl\/funding\/cohesion-fund\/\" target=\"_blank\" rel=\"noopener noreferrer\">Kohezijski sklad<\/a><\/li>\n<li><a href=\"https:\/\/pravicnabanka.wordpress.com\/\" target=\"_blank\" rel=\"noopener noreferrer\">Pravi\u010dna banka<\/a><\/li>\n<li><a href=\"http:\/\/www.ebanka.si\/index.php\/z-kot-zebra\" target=\"_blank\" rel=\"noopener noreferrer\">Zebra<\/a><\/li>\n<li><a href=\"http:\/\/www.sklad05.si\/\" target=\"_blank\" rel=\"noopener noreferrer\">Sklad 05<\/a><\/li>\n<li><a href=\"http:\/\/www.socialni-inovatorji.si\/knjiga\/socialno-podjetnistvo\/59-izbrani-alternativni-inovativni-mehanizmi-financiranja-socialnega\" target=\"_blank\" rel=\"noopener noreferrer\">Alternativni in inovativni mehanizmi financiranja socialnega podjetni\u0161tva<\/a><\/li>\n<\/ul>\n<p>Literatura in viri:<\/p>\n<ul>\n<li>Slavec, Alenka.2019. <em>Interno gradivo: Socialno podjetni\u0161tvo.<\/em>Ljubljana: SPIRIT, javna agencija<\/li>\n<li>2019. <em>Socialno podjetni\u0161tvo <\/em><a href=\"http:\/\/www.mgrt.gov.si\/si\/delovna_podrocja\/socialno_podjetnistvo\/\" target=\"_blank\" rel=\"noopener noreferrer\">http:\/\/www.mgrt.gov.si\/si\/delovna_podrocja\/socialno_podjetnistvo\/<\/a> (21.5.2019)<\/li>\n<\/ul>\n<p>Pripravila:<br \/>SPOT svetovanje Obalno-kra\u0161ka regija<\/p>\n<hr \/>\n<p><em><span style=\"font-size: small;\"><span lang=\"sl-SI\"><i>Projekt je sofinanciran s pomo\u010djo Evropskega sklada za regionalni razvoj, Ministrstva za gospodarski razvoj in tehnologijo ter SPIRIT Slovenija, javne agencije.<\/i><\/span><\/span><br \/><\/em><\/p>","protected":false},"excerpt":{"rendered":"<p>KAJ JE SOCIALNO PODJETNI\u0160TVO? Socialno podjetni\u0161tvo je inovativna oblika podjetni\u0161tva z velikim \u010dutom odgovornosti za dru\u017ebo in ljudi. Za socialno podjetni\u0161tvo je zna\u010dilno, da so motivi poslovanja v razre\u0161evanju socialnih, gospodarskih, okoljskih in drugih problemov dru\u017ebe na inovativen na\u010din. Osnovni namen te alternativne oblike podjetni\u0161tva je tr\u017eno delovanje ob upo\u0161tevanju na\u010del socialnega podjetni\u0161tva. Tako kot [&hellip;]<\/p>\n","protected":false},"author":2,"featured_media":0,"parent":0,"menu_order":0,"comment_status":"closed","ping_status":"closed","template":"","meta":{"_genesis_hide_title":false,"_genesis_hide_breadcrumbs":false,"_genesis_hide_singular_image":false,"_genesis_hide_footer_widgets":false,"_genesis_custom_body_class":"","_genesis_custom_post_class":"","_genesis_layout":"content-sidebar","footnotes":""},"class_list":{"0":"post-151","1":"page","2":"type-page","3":"status-publish","5":"entry"},"_links":{"self":[{"href":"https:\/\/www.ora.si\/index.php\/wp-json\/wp\/v2\/pages\/151","targetHints":{"allow":["GET"]}}],"collection":[{"href":"https:\/\/www.ora.si\/index.php\/wp-json\/wp\/v2\/pages"}],"about":[{"href":"https:\/\/www.ora.si\/index.php\/wp-json\/wp\/v2\/types\/page"}],"author":[{"embeddable":true,"href":"https:\/\/www.ora.si\/index.php\/wp-json\/wp\/v2\/users\/2"}],"replies":[{"embeddable":true,"href":"https:\/\/www.ora.si\/index.php\/wp-json\/wp\/v2\/comments?post=151"}],"version-history":[{"count":9,"href":"https:\/\/www.ora.si\/index.php\/wp-json\/wp\/v2\/pages\/151\/revisions"}],"predecessor-version":[{"id":2051,"href":"https:\/\/www.ora.si\/index.php\/wp-json\/wp\/v2\/pages\/151\/revisions\/2051"}],"wp:attachment":[{"href":"https:\/\/www.ora.si\/index.php\/wp-json\/wp\/v2\/media?parent=151"}],"curies":[{"name":"wp","href":"https:\/\/api.w.org\/{rel}","templated":true}]}}