{"id":143,"date":"2016-09-06T08:56:13","date_gmt":"2016-09-06T08:56:13","guid":{"rendered":"http:\/\/www.ora.si\/nova\/?page_id=143"},"modified":"2025-12-10T10:14:57","modified_gmt":"2025-12-10T10:14:57","slug":"vem-tocka","status":"publish","type":"page","link":"https:\/\/www.ora.si\/index.php\/vem-tocka\/","title":{"rendered":"SPOT registracije"},"content":{"rendered":"<p><strong>CELOVITE PODPORNE STORITVE<\/strong><\/p>\n<p>ORA Krasa in Brkinov d.o.o. zagotavlja celovite brezpla\u010dne podporne storitve, ki so namenjene potencialnim podjetnikom in podjetjem v vseh fazah razvoja:<\/p>\n<ul>\n<li>celostna obravnava potencialnih podjetnikov in podjetij,<\/li>\n<li>registracije, statusne spremembe in izbrisi podjetij,<\/li>\n<li>informiranje in osnovno svetovanje.<\/li>\n<\/ul>\n<div>\n<p><strong>INFORMIRANJE VSEH CILJNIH SKUPIN:<\/strong><\/p>\n<ul>\n<li>pridobivanje informacij, uporabnih za vse ciljne skupine izvajalca na klju\u010dnih podro\u010djih poslovanja podjetij in podjetnikov, in sicer informacije o mo\u017enostih pridobivanja finan\u010dnih sredstev, mo\u017enostih ustanavljanja podjetij, o ostalih podpornih institucijah za podjetni\u0161tvo, druge informacije o podjetni\u0161tvu, itd.,<\/li>\n<li>redno posredovanje informacijskih paketov z uporabo razli\u010dnih orodij (e-mail, po\u0161ta) do uporabnikov,<\/li>\n<li>priprava in posredovanje odgovorov na posamezna kompleksnej\u0161a vpra\u0161anja uporabnikov (e-po\u0161ta in osebni stiki),<\/li>\n<li>podajanje nasvetov glede razvoja poslovnih idej, uporabe razli\u010dnih podpornih instrumentov, usmerjanje k dr\u017eavnim vzpodbudam, ki so na voljo za spodbujanje razvoja podjetni\u0161tva,<\/li>\n<li>izvajanje informativno &#8211; promocijskih delavnic za vse ciljne skupine v sodelovanju s podpornim okoljem,<\/li>\n<li>izvajanje promocije celovitih podpornih storitev in promocije razvoja podjetni\u0161ke kulture na lokalnem nivoju,<\/li>\n<li>izvajanje animacijskih in drugih aktivnosti za pridobivanje novih uporabnikov podpornih storitev in za dvig podjetni\u0161ke kulture na lokalnem obmo\u010dju.<\/li>\n<\/ul>\n<p><strong>OSNOVNO SVETOVANJE<\/strong><\/p>\n<ul>\n<li>izvajanje osnovnih svetovalnih storitev, povezanih z zagonom, poslovanjem in razvojem podjetij ter osnovno svetovanje potencialnim podjetnikom.<\/li>\n<\/ul>\n<p><strong>IZVAJANJE POSTOPKOV REGISTRACIJ\u00a0 <\/strong><\/p>\n<ul>\n<li>preko e-VEM registracijske to\u010dke izvajanje postopkov registracij z uporabo e-VEM aplikacije,<\/li>\n<li>izvajanje osnovnega svetovanja pri izvajanju postopkov registracij,<\/li>\n<li>merjenje zadovoljstva in mnenj uporabnikov storitev e-VEM.<\/li>\n<\/ul>\n<\/div>\n<p>Svetovalka: mag. Elena Funa<br \/>\nKontakt: 051 424 532 ali <a href=\"mailto:tadej.gorup@ora.si\">elena.funa@ora.si<\/a><\/p>\n<p><strong>Prosimo vas, da se pred prihodom na svetovanje oziroma izvajanje postopkov prek portala e-VEM, predhodno najavite svetovalki po telefonu ali elektronski po\u0161ti.<\/strong><\/p>\n<p><strong>_________<\/strong><\/p>\n<p><em><strong>Uporabne povezave:<\/strong><\/em><\/p>\n<ul>\n<li><a href=\"http:\/\/www.spiritslovenia.si\/\" target=\"_blank\" rel=\"noopener noreferrer\">www.spiritslovenia.si<\/a><\/li>\n<li><a href=\"http:\/\/www.mgrt.gov.si\/\" target=\"_blank\" rel=\"noopener noreferrer\">www.mgrt.gov.si<\/a><\/li>\n<li><a href=\"http:\/\/www.podjetniski-portal.si\/\" target=\"_blank\" rel=\"noopener noreferrer\">www.podjetniski-portal.si<\/a><\/li>\n<li><a href=\"http:\/\/eugo.gov.si\/\" target=\"_blank\" rel=\"noopener noreferrer\">http:\/\/eugo.gov.si\/<\/a><\/li>\n<li><a href=\"http:\/\/evem.gov.si\/\" target=\"_blank\" rel=\"noopener noreferrer\">http:\/\/evem.gov.si<\/a><\/li>\n<\/ul>\n","protected":false},"excerpt":{"rendered":"<p>CELOVITE PODPORNE STORITVE ORA Krasa in Brkinov d.o.o. zagotavlja celovite brezpla\u010dne podporne storitve, ki so namenjene potencialnim podjetnikom in podjetjem v vseh fazah razvoja: celostna obravnava potencialnih podjetnikov in podjetij, registracije, statusne spremembe in izbrisi podjetij, informiranje in osnovno svetovanje. INFORMIRANJE VSEH CILJNIH SKUPIN: pridobivanje informacij, uporabnih za vse ciljne skupine izvajalca na klju\u010dnih podro\u010djih [&hellip;]<\/p>\n","protected":false},"author":2,"featured_media":0,"parent":0,"menu_order":0,"comment_status":"closed","ping_status":"closed","template":"","meta":{"_genesis_hide_title":false,"_genesis_hide_breadcrumbs":false,"_genesis_hide_singular_image":false,"_genesis_hide_footer_widgets":false,"_genesis_custom_body_class":"","_genesis_custom_post_class":"","_genesis_layout":"content-sidebar","footnotes":""},"class_list":{"0":"post-143","1":"page","2":"type-page","3":"status-publish","5":"entry"},"_links":{"self":[{"href":"https:\/\/www.ora.si\/index.php\/wp-json\/wp\/v2\/pages\/143","targetHints":{"allow":["GET"]}}],"collection":[{"href":"https:\/\/www.ora.si\/index.php\/wp-json\/wp\/v2\/pages"}],"about":[{"href":"https:\/\/www.ora.si\/index.php\/wp-json\/wp\/v2\/types\/page"}],"author":[{"embeddable":true,"href":"https:\/\/www.ora.si\/index.php\/wp-json\/wp\/v2\/users\/2"}],"replies":[{"embeddable":true,"href":"https:\/\/www.ora.si\/index.php\/wp-json\/wp\/v2\/comments?post=143"}],"version-history":[{"count":28,"href":"https:\/\/www.ora.si\/index.php\/wp-json\/wp\/v2\/pages\/143\/revisions"}],"predecessor-version":[{"id":4112,"href":"https:\/\/www.ora.si\/index.php\/wp-json\/wp\/v2\/pages\/143\/revisions\/4112"}],"wp:attachment":[{"href":"https:\/\/www.ora.si\/index.php\/wp-json\/wp\/v2\/media?parent=143"}],"curies":[{"name":"wp","href":"https:\/\/api.w.org\/{rel}","templated":true}]}}