{"id":135,"date":"2016-09-06T08:52:33","date_gmt":"2016-09-06T08:52:33","guid":{"rendered":"http:\/\/www.ora.si\/nova\/?page_id=135"},"modified":"2019-05-20T11:33:23","modified_gmt":"2019-05-20T11:33:23","slug":"arhiv-razpisov","status":"publish","type":"page","link":"https:\/\/www.ora.si\/index.php\/arhiv-razpisov\/","title":{"rendered":"Arhiv razpisov"},"content":{"rendered":"<hr \/>\n<h2 style=\"text-align: center;\"><span style=\"color: #800000;\"><strong>Javni razpis za sofinanciranje ukrepov spodbujanja zaposlovanja v ob\u010dini Hrpelje &#8211; Kozina za leto 2016<\/strong><\/span><\/h2>\n<p>Predmet javnega razpisa je dodelitev prora\u010dunskih sredstev za sofinanciranje ukrepov spodbujanja zaposlovanja v ob\u010dini Hrpelje &#8211; Kozina in sicer:<\/p>\n<p>&#8211; sofinanciranje prve zaposlitve oziroma pripravni\u0161tva za kritje dela stro\u0161kov dela (UKREP 1),<\/p>\n<p>&#8211; sofinanciranje novih zaposlitev za kritje dela stro\u0161kov dela (UKREP 2) in<\/p>\n<p>&#8211; sofinanciranje samozaposlitev za kritje stro\u0161kov za realizacijo samozaposlitve (UKREP 3).<\/p>\n<p><strong>Rok za predlo\u017eitev vlog je do vklju\u010dno 31.5.2016.<\/strong><\/p>\n<p><strong><img loading=\"lazy\" decoding=\"async\" class=\"wp-image-139 alignnone\" src=\"https:\/\/www.laskrasainbrkinov.si\/wp-content\/uploads\/2016\/08\/pdf.gif\" alt=\"\" width=\"16\" height=\"16\" \/> <\/strong><a href=\"http:\/\/www.ora.si\/wp-content\/uploads\/2016\/09\/Javni-razpis-zaposlovanje-2016.pdf\" target=\"_blank\" rel=\"noopener noreferrer\">Javni razpis &#8211; Zaposlovanje 2016<\/a><br \/><strong><img loading=\"lazy\" decoding=\"async\" class=\"alignnone wp-image-207 size-full\" src=\"https:\/\/www.laskrasainbrkinov.si\/wp-content\/uploads\/2016\/08\/word_logo.png\" alt=\"\" width=\"16\" height=\"16\" \/> <\/strong><a href=\"http:\/\/www.ora.si\/wp-content\/uploads\/2016\/09\/RAZPISNA_DOKUMENTACIJA-Sofinanciranje_prve_zaposlitve_oz._pripravnistva-1.doc\" target=\"_blank\" rel=\"noopener noreferrer\">RAZPISNA DOKUMENTACIJA &#8211; Sofinanciranje prve zaposlitve oz. pripravni\u0161tva<\/a><br \/><strong><img loading=\"lazy\" decoding=\"async\" class=\"alignnone wp-image-207 size-full\" src=\"https:\/\/www.laskrasainbrkinov.si\/wp-content\/uploads\/2016\/08\/word_logo.png\" alt=\"\" width=\"16\" height=\"16\" \/> <\/strong><a href=\"http:\/\/www.ora.si\/wp-content\/uploads\/2016\/09\/RAZPISNA-DOKUMENTACIJA-Nova-zaposlitev.doc\" target=\"_blank\" rel=\"noopener noreferrer\">RAZPISNA DOKUMENTACIJA &#8211; Nova zaposlitev<\/a><br \/><strong><img loading=\"lazy\" decoding=\"async\" class=\"alignnone wp-image-207 size-full\" src=\"https:\/\/www.laskrasainbrkinov.si\/wp-content\/uploads\/2016\/08\/word_logo.png\" alt=\"\" width=\"16\" height=\"16\" \/> <\/strong><a href=\"http:\/\/www.ora.si\/wp-content\/uploads\/2016\/09\/RAZPISNA-DOKUMENTACIJA-samozaposlitev-1.docx\" target=\"_blank\" rel=\"noopener noreferrer\">RAZPISNA DOKUMENTACIJA &#8211; Samozaposlitev<\/a><\/p>\n<hr \/>\n<h2 style=\"text-align: center;\"><span style=\"color: #800000;\"><strong>Javni razpis za sofinanciranje ukrepov spodbujanja zaposlovanja v ob\u010dini\u00a0Se\u017eana za leto 2016<\/strong><\/span><\/h2>\n<p>Predmet javnega razpisa je dodelitev prora\u010dunskih sredstev za sofinanciranje ukrepov spodbujanja zaposlovanja v ob\u010dini\u00a0Se\u017eana in sicer:<\/p>\n<p>&#8211; sofinanciranje prve zaposlitve oziroma pripravni\u0161tva za kritje dela stro\u0161kov dela (UKREP 1),<\/p>\n<p>&#8211; sofinanciranje novih zaposlitev za kritje dela stro\u0161kov dela (UKREP 2) in<\/p>\n<p>&#8211; sofinanciranje samozaposlitev za kritje stro\u0161kov za realizacijo samozaposlitve (UKREP 3).<\/p>\n<p><strong>Rok za predlo\u017eitev vlog je do vklju\u010dno 23.3.2016.<\/strong><\/p>\n<p><strong><img loading=\"lazy\" decoding=\"async\" class=\"alignnone wp-image-207 size-full\" src=\"https:\/\/www.laskrasainbrkinov.si\/wp-content\/uploads\/2016\/08\/word_logo.png\" alt=\"\" width=\"16\" height=\"16\" \/> <\/strong><a href=\"http:\/\/www.ora.si\/wp-content\/uploads\/2016\/09\/JR-zaposlovanje-2016.doc\" target=\"_blank\" rel=\"noopener noreferrer\">JR zaposlovanje 2016<\/a><br \/><strong><img loading=\"lazy\" decoding=\"async\" class=\"alignnone wp-image-207 size-full\" src=\"https:\/\/www.laskrasainbrkinov.si\/wp-content\/uploads\/2016\/08\/word_logo.png\" alt=\"\" width=\"16\" height=\"16\" \/> <\/strong><a href=\"http:\/\/www.ora.si\/wp-content\/uploads\/2016\/09\/RAZPISNA-DOKUMENTACIJA-prva-zaposlitev-2016.doc\" target=\"_blank\" rel=\"noopener noreferrer\">RAZPISNA DOKUMENTACIJA &#8211; Prva zaposlitev 2016<\/a><br \/><strong><img loading=\"lazy\" decoding=\"async\" class=\"alignnone wp-image-207 size-full\" src=\"https:\/\/www.laskrasainbrkinov.si\/wp-content\/uploads\/2016\/08\/word_logo.png\" alt=\"\" width=\"16\" height=\"16\" \/> <\/strong><a href=\"http:\/\/www.ora.si\/wp-content\/uploads\/2016\/09\/RAZPISNA-DOKUMENTACIJA-samozaposlitev-2016.doc\" target=\"_blank\" rel=\"noopener noreferrer\">RAZPISNA DOKUMENTACIJA &#8211; Samozaposlitev 2016<\/a><br \/><strong><img loading=\"lazy\" decoding=\"async\" class=\"alignnone wp-image-207 size-full\" src=\"https:\/\/www.laskrasainbrkinov.si\/wp-content\/uploads\/2016\/08\/word_logo.png\" alt=\"\" width=\"16\" height=\"16\" \/> <\/strong><a href=\"http:\/\/www.ora.si\/wp-content\/uploads\/2016\/09\/RAZPISNA-DOKUMENTACIJA-nova-zaposlitev-2016.doc\" target=\"_blank\" rel=\"noopener noreferrer\">RAZPISNA DOKUMENTACIJA &#8211; Nova zaposlitev 2016<\/a><\/p>\n<hr \/>\n<p><span style=\"color: #800000;\"><strong>Javni razpis za sofinanciranje ukrepov spodbujanja zaposlovanja v ob\u010dini Diva\u010da za leto 2015<\/strong><\/span><\/p>\n<p>Na podlagi Pravilnika o spodbujanju zaposlovanja v ob\u010dini Diva\u010da v obdobju 2014-2020 (Uradno glasilo slovenskih ob\u010din \u0161t. 18\/2014 in 29\/2015), Pravilnika o postopkih za izvr\u0161evanje prora\u010duna RS (Uradni list RS, \u0161t. 50\/2007, 61\/2008 in 3\/2013), dolo\u010dil Odloka o prora\u010dunu Ob\u010dine Diva\u010da za leto 2015 (Uradno glasilo slovenskih ob\u010din, \u0161t. 21\/2015), Zakona o spremljanju dr\u017eavnih pomo\u010di (Uradni list RS, \u0161t. 37\/2004) in odlo\u010ditve Komisije za izpeljavo postopka javnega razpisa za sofinanciranje ukrepov spodbujanja zaposlovanja v ob\u010dini Diva\u010da za leto 2015, Ob\u010dina Diva\u010da objavlja Javni razpis za sofinanciranje ukrepov spodbujanja zaposlovanja v ob\u010dini Diva\u010da za leto 2015.<\/p>\n<p>Predmet javnega razpisa je dodelitev prora\u010dunskih sredstev za sofinanciranje ukrepov spodbujanja zaposlovanja v ob\u010dini Diva\u010da, in sicer:<\/p>\n<p>&#8211; sofinanciranje pripravni\u0161tva za kritje dela stro\u0161kov dela (UKREP 1),<\/p>\n<p>&#8211; sofinanciranje novih zaposlitev za kritje dela stro\u0161kov dela (UKREP 2) in<\/p>\n<p>&#8211; sofinanciranje samozaposlitev za kritje dela stro\u0161kov za realizacijo samozaposlitve (UKREP 3).<\/p>\n<p><strong>ROK <\/strong>za predlo\u017eitev vlog je do vklju\u010dno <strong>15. 09. 2015.<\/strong><\/p>\n<p><strong><img loading=\"lazy\" decoding=\"async\" class=\"wp-image-139 alignnone\" src=\"https:\/\/www.laskrasainbrkinov.si\/wp-content\/uploads\/2016\/08\/pdf.gif\" alt=\"\" width=\"16\" height=\"16\" \/> <\/strong><a href=\"http:\/\/www.ora.si\/wp-content\/uploads\/2016\/09\/Javni-razpis-2015.pdf\" target=\"_blank\" rel=\"noopener noreferrer\">Javni razpis 2015<\/a><br \/><strong><img loading=\"lazy\" decoding=\"async\" class=\"alignnone wp-image-207 size-full\" src=\"https:\/\/www.laskrasainbrkinov.si\/wp-content\/uploads\/2016\/08\/word_logo.png\" alt=\"\" width=\"16\" height=\"16\" \/> <\/strong><a href=\"http:\/\/www.ora.si\/wp-content\/uploads\/2016\/09\/RAZPISNA-DOKUMENTACIJA-samozaposlitev.docx\" target=\"_blank\" rel=\"noopener noreferrer\">RAZPISNA DOKUMENTACIJA &#8211; Samozaposlitev<\/a><br \/><strong><img loading=\"lazy\" decoding=\"async\" class=\"alignnone wp-image-207 size-full\" src=\"https:\/\/www.laskrasainbrkinov.si\/wp-content\/uploads\/2016\/08\/word_logo.png\" alt=\"\" width=\"16\" height=\"16\" \/> <\/strong><a href=\"http:\/\/www.ora.si\/wp-content\/uploads\/2016\/09\/RAZPISNA-DOKUMENTACIJA-nova-zaposlitev-20151.doc\" target=\"_blank\" rel=\"noopener noreferrer\">RAZPISNA DOKUMENTACIJA &#8211; Nova zaposlitev 2015<\/a><br \/><strong><img loading=\"lazy\" decoding=\"async\" class=\"alignnone wp-image-207 size-full\" src=\"https:\/\/www.laskrasainbrkinov.si\/wp-content\/uploads\/2016\/08\/word_logo.png\" alt=\"\" width=\"16\" height=\"16\" \/> <\/strong><a href=\"https:\/\/www.ora.si\/wp-content\/uploads\/2016\/09\/RAZPISNA-DOKUMENTACIJA-pripravnistvo.doc\" target=\"_blank\" rel=\"noopener noreferrer\">RAZPISNA DOKUMENTACIJA &#8211; Pripravni\u0161tvo<\/a><\/p>\n<hr \/>\n<p><span style=\"color: #800000;\"><strong>Javni razpis za sofinanciranje ukrepov spodbujanja zaposlovanja v ob\u010dini Hrpelje &#8211; Kozina za leto 2015<\/strong><\/span><\/p>\n<p>Predmet javnega razpisa je dodelitev prora\u010dunskih sredstev za sofinanciranje ukrepov spodbujanja zaposlovanja v ob\u010dini Hrpelje &#8211; Kozina in sicer:<\/p>\n<p>&#8211; sofinanciranje prve zaposlitve oziroma pripravni\u0161tva za kritje dela stro\u0161kov dela (UKREP 1),<\/p>\n<p>&#8211; sofinanciranje novih zaposlitev za kritje dela stro\u0161kov dela (UKREP 2) in<\/p>\n<p>&#8211; sofinanciranje samozaposlitev za kritje stro\u0161kov za realizacijo samozaposlitve (UKREP 3).<\/p>\n<p><strong>Rok za predlo\u017eitev vlog je do vklju\u010dno 30.9.2015.<\/strong><\/p>\n<p><strong><img loading=\"lazy\" decoding=\"async\" class=\"wp-image-139 alignnone\" src=\"https:\/\/www.laskrasainbrkinov.si\/wp-content\/uploads\/2016\/08\/pdf.gif\" alt=\"\" width=\"16\" height=\"16\" \/> <\/strong><a href=\"http:\/\/www.ora.si\/wp-content\/uploads\/2016\/09\/Javni_razpis_zaposlovanje.pdf\" target=\"_blank\" rel=\"noopener noreferrer\">Javni razpis &#8211; Zaposlovanje<\/a><br \/><strong><img loading=\"lazy\" decoding=\"async\" class=\"alignnone wp-image-207 size-full\" src=\"https:\/\/www.laskrasainbrkinov.si\/wp-content\/uploads\/2016\/08\/word_logo.png\" alt=\"\" width=\"16\" height=\"16\" \/> <\/strong><a href=\"http:\/\/www.ora.si\/wp-content\/uploads\/2016\/09\/RAZPISNA_DOKUMENTACIJA-Nova_zaposlitev.doc\" target=\"_blank\" rel=\"noopener noreferrer\">RAZPISNA DOKUMENTACIJA &#8211; Nova zaposlitev<\/a><br \/><strong><img loading=\"lazy\" decoding=\"async\" class=\"alignnone wp-image-207 size-full\" src=\"https:\/\/www.laskrasainbrkinov.si\/wp-content\/uploads\/2016\/08\/word_logo.png\" alt=\"\" width=\"16\" height=\"16\" \/> <\/strong><a href=\"http:\/\/www.ora.si\/wp-content\/uploads\/2016\/09\/RAZPISNA_DOKUMENTACIJA-samozaposlitev.docx\" target=\"_blank\" rel=\"noopener noreferrer\">RAZPISNA DOKUMENTACIJA &#8211; Samozaposlitev<\/a><br \/><strong><img loading=\"lazy\" decoding=\"async\" class=\"alignnone wp-image-207 size-full\" src=\"https:\/\/www.laskrasainbrkinov.si\/wp-content\/uploads\/2016\/08\/word_logo.png\" alt=\"\" width=\"16\" height=\"16\" \/> <\/strong><a href=\"http:\/\/www.ora.si\/wp-content\/uploads\/2016\/09\/RAZPISNA_DOKUMENTACIJA-Sofinanciranje_prve_zaposlitve_oz._pripravnistva.doc\" target=\"_blank\" rel=\"noopener noreferrer\">RAZPISNA DOKUMENTACIJA &#8211; Sofinanciranje prve zaposlitve oz. pripravni\u0161tva<\/a><\/p>\n<hr \/>\n<h3 style=\"text-align: center;\"><span style=\"color: #800000;\"><strong>Javni razpis za sofinanciranje ukrepov spodbujanja zaposlovanja v Ob\u010dini Komen za leto 2015<\/strong><\/span><\/h3>\n<p>V Uradnem listu RS \u0161t. 24\/2015 (<a class=\"URL external\" href=\"http:\/\/www.uradni-list.si\/_pdf\/2015\/Ra\/r2015024.pdf\" target=\"_blank\" rel=\"noopener noreferrer\">http:\/\/www.uradni-list.si\/_pdf\/2015\/Ra\/r2015024.pdf<\/a>) in na spletni strani Ob\u010dine Komen je objavljen <strong>Javni razpis za sofinanciranje ukrepov spodbujanja zaposlovanja v Ob\u010dini Komen za leto 2015.<\/strong><\/p>\n<p>Predmet javnega razpisa je dodelitev prora\u010dunskih sredstev za sofinanciranje ukrepov spodbujanja zaposlovanja v Ob\u010dini Komen:<\/p>\n<p>&#8211; sofinanciranje prve zaposlitve oziroma pripravni\u0161tva za kritje stro\u0161kov dela (UKREP 1),<\/p>\n<p>&#8211; sofinanciranje novih zaposlitev za kritje stro\u0161kov dela (UKREP 2),<\/p>\n<p>&#8211; sofinanciranje samozaposlitev za kritje stro\u0161kov za realizacijo samozaposlitve (UKREP 3).<\/p>\n<p>Prijava na razpis mora biti vlo\u017eena na predpisanem obrazcu z vsemi potrebnimi dokazili in prilogami, ki so navedene v razpisu.<\/p>\n<p><strong><span style=\"text-decoration: underline;\">Prijavitelji lahko vlo\u017eijo prijavo na razpis do vklju\u010dno ponedeljka, 04. maja 2015. Vloge se bodo obravnavale \u0161e 16. septembra 2015 in 14. novembra 2015. Zadnji rok za oddajo vlog je 13. november 2015.\u00a0<\/span><\/strong><\/p>\n<p>Vsi obrazci so na voljo na spletni strani Ob\u010dine Komen <a class=\"URL\" href=\"http:\/\/www.komen.si\/\" target=\"_blank\" rel=\"noopener noreferrer\">www.komen.si<\/a>.<\/p>\n<p>Kot pravo\u010dasne vloge se \u0161tejejo vloge oddane do vklju\u010dno zadnjega dne roka za predlo\u017eitev vlog osebno v sprejemni pisarni ob\u010dine oziroma oddane po po\u0161ti priporo\u010deno na naslov Ob\u010dina Komen, Komen 86, 6223 Komen. Vloga, oddana na obrazcu, mora biti dostavljena v zape\u010dateni ovojnici. Na prvi strani mora biti ozna\u010deno: <strong>\u00bbNe odpiraj, javni razpis \u2013 spodbujanje zaposlovanja 2015\u00ab, <\/strong>na hrbtni strani ovojnice, pa mora biti <strong>ozna\u010den naziv in polni naslov vlagatelja.<\/strong><\/p>\n<p><strong>ROK PRIJAVE: 04.05.2015. Vloge se bodo obravnavale \u0161e 16.09.2015 in 14.11.2015. Zadnji rok za oddajo vlog je 13.11.2015.<\/strong><\/p>\n<p><strong><img loading=\"lazy\" decoding=\"async\" class=\"alignnone wp-image-207 size-full\" src=\"https:\/\/www.laskrasainbrkinov.si\/wp-content\/uploads\/2016\/08\/word_logo.png\" alt=\"\" width=\"16\" height=\"16\" \/> <\/strong><a href=\"http:\/\/www.ora.si\/wp-content\/uploads\/2016\/09\/Javni-razpis.docx\" target=\"_blank\" rel=\"noopener noreferrer\">Javni razpis<\/a><br \/><strong><img loading=\"lazy\" decoding=\"async\" class=\"alignnone wp-image-207 size-full\" src=\"https:\/\/www.laskrasainbrkinov.si\/wp-content\/uploads\/2016\/08\/word_logo.png\" alt=\"\" width=\"16\" height=\"16\" \/> <\/strong><a href=\"http:\/\/www.ora.si\/wp-content\/uploads\/2016\/09\/RAZPISNA-DOKUMENTACIJA-samozaposlitev-2015.docx\" target=\"_blank\" rel=\"noopener noreferrer\">RAZPISNA DOKUMENTACIJA &#8211; Samozaposlitev 2015<\/a><br \/><strong><img loading=\"lazy\" decoding=\"async\" class=\"alignnone wp-image-207 size-full\" src=\"https:\/\/www.laskrasainbrkinov.si\/wp-content\/uploads\/2016\/08\/word_logo.png\" alt=\"\" width=\"16\" height=\"16\" \/> <\/strong><a href=\"http:\/\/www.ora.si\/wp-content\/uploads\/2016\/09\/RAZPISNA-DOKUMENTACIJA-nova-zaposlitev-2015.doc\" target=\"_blank\" rel=\"noopener noreferrer\">RAZPISNA DOKUMENTACIJA &#8211; Nova zaposlitev 2015<\/a><br \/><strong><img loading=\"lazy\" decoding=\"async\" class=\"alignnone wp-image-207 size-full\" src=\"https:\/\/www.laskrasainbrkinov.si\/wp-content\/uploads\/2016\/08\/word_logo.png\" alt=\"\" width=\"16\" height=\"16\" \/> <\/strong><a href=\"http:\/\/www.ora.si\/wp-content\/uploads\/2016\/09\/RAZPISNA-DOKUMENTACIJA-pripravnistvo-oz.prva-zaposlitev-2015.doc\" target=\"_blank\" rel=\"noopener noreferrer\">RAZPISNA DOKUMENTACIJA &#8211; Pripravni\u0161tvo oz. prva zaposlitev 2015<\/a><\/p>\n<hr \/>\n<h3 style=\"text-align: center;\"><strong>Povabilo za oddajo pripomb in predlogov na osnutek Strategije Lokalnega Razvoja LAS Krasa in Brkinov za programsko obdobje 2014 \u2013 2020<\/strong><\/h3>\n<p>\u00a0<\/p>\n<p>Lokalna akcijska skupina (LAS) Krasa in Brkinov obve\u0161\u010da, da na podlagi sklepa Upravnega odbora LAS Krasa in Brkinov z dne 25.01.2016 daje na javno razpravo osnutek Strategije Lokalnega Razvoja (SLR) LAS Krasa in Brkinov za programsko obdobje 2014 \u2013 2020. Vabimo vas, da nam svoje pisne pripombe in predloge na osnutek SLR posredujete do 29.02.2016.<\/p>\n<p>Pripombe in predloge se lahko poda pisno na LAS Krasa in Brkinov, Partizanska cesta 82, 6210 Se\u017eana ali na elektronski naslov info@ora.si.<\/p>\n<p>Zainteresirane \u0161e prosimo, da svoje predloge in pripombe pojasnijo z obrazlo\u017eitvami. Prejete predloge in pripombe bomo na LAS Krasa in Brkinov preu\u010dili ter po potrebi v okviru svojih pristojnosti upo\u0161tevali.<\/p>\n<p><a><img loading=\"lazy\" decoding=\"async\" class=\"alignnone size-full wp-image-211\" src=\"http:\/\/www.ora.si\/wp-content\/uploads\/2016\/09\/pdf.gif\" alt=\"pdf\" width=\"16\" height=\"16\" \/><\/a> <a href=\"http:\/\/www.ora.si\/wp-content\/uploads\/2016\/09\/Pristopna-izjava-LAS-Krasa-in-Brkinov-2014-2020.pdf\" target=\"_blank\" rel=\"noopener noreferrer\">Pristopna izjava LAS Krasa in Brkinov 2014-2020<\/a><br \/><a><img loading=\"lazy\" decoding=\"async\" class=\"alignnone size-full wp-image-211\" src=\"http:\/\/www.ora.si\/wp-content\/uploads\/2016\/09\/pdf.gif\" alt=\"pdf\" width=\"16\" height=\"16\" \/><\/a> <a href=\"http:\/\/www.ora.si\/wp-content\/uploads\/2016\/09\/Osnutek-SLR-za-javno-obravnavo.pdf\" target=\"_blank\" rel=\"noopener noreferrer\">Osnutek SLR za javno obravnavo<\/a><\/p>\n\n","protected":false},"excerpt":{"rendered":"<p>Javni razpis za sofinanciranje ukrepov spodbujanja zaposlovanja v ob\u010dini Hrpelje &#8211; Kozina za leto 2016 Predmet javnega razpisa je dodelitev prora\u010dunskih sredstev za sofinanciranje ukrepov spodbujanja zaposlovanja v ob\u010dini Hrpelje &#8211; Kozina in sicer: &#8211; sofinanciranje prve zaposlitve oziroma pripravni\u0161tva za kritje dela stro\u0161kov dela (UKREP 1), &#8211; sofinanciranje novih zaposlitev za kritje dela stro\u0161kov [&hellip;]<\/p>\n","protected":false},"author":2,"featured_media":0,"parent":0,"menu_order":0,"comment_status":"closed","ping_status":"closed","template":"","meta":{"_genesis_hide_title":false,"_genesis_hide_breadcrumbs":false,"_genesis_hide_singular_image":false,"_genesis_hide_footer_widgets":false,"_genesis_custom_body_class":"","_genesis_custom_post_class":"","_genesis_layout":"content-sidebar","footnotes":""},"class_list":{"0":"post-135","1":"page","2":"type-page","3":"status-publish","5":"entry"},"_links":{"self":[{"href":"https:\/\/www.ora.si\/index.php\/wp-json\/wp\/v2\/pages\/135","targetHints":{"allow":["GET"]}}],"collection":[{"href":"https:\/\/www.ora.si\/index.php\/wp-json\/wp\/v2\/pages"}],"about":[{"href":"https:\/\/www.ora.si\/index.php\/wp-json\/wp\/v2\/types\/page"}],"author":[{"embeddable":true,"href":"https:\/\/www.ora.si\/index.php\/wp-json\/wp\/v2\/users\/2"}],"replies":[{"embeddable":true,"href":"https:\/\/www.ora.si\/index.php\/wp-json\/wp\/v2\/comments?post=135"}],"version-history":[{"count":21,"href":"https:\/\/www.ora.si\/index.php\/wp-json\/wp\/v2\/pages\/135\/revisions"}],"predecessor-version":[{"id":1782,"href":"https:\/\/www.ora.si\/index.php\/wp-json\/wp\/v2\/pages\/135\/revisions\/1782"}],"wp:attachment":[{"href":"https:\/\/www.ora.si\/index.php\/wp-json\/wp\/v2\/media?parent=135"}],"curies":[{"name":"wp","href":"https:\/\/api.w.org\/{rel}","templated":true}]}}