{"id":129,"date":"2016-09-06T08:51:18","date_gmt":"2016-09-06T08:51:18","guid":{"rendered":"http:\/\/www.ora.si\/nova\/?page_id=129"},"modified":"2019-05-16T06:57:13","modified_gmt":"2019-05-16T06:57:13","slug":"moj-spletni-prirocnik","status":"publish","type":"page","link":"https:\/\/www.ora.si\/index.php\/moj-spletni-prirocnik\/","title":{"rendered":"Moj spletni priro\u010dnik"},"content":{"rendered":"<p align=\"justify\">Informativni bilten <strong>Moj spletni priro\u010dnik<\/strong> je namenjen ciljni skupini vseh malih in srednje velikih podjetij, in <strong>tedensko<\/strong> prina\u0161a informacije:<\/p>\n<ul>\n<li>\n<div align=\"left\">o teko\u010dih razpisih in virih financiranja,<\/div>\n<\/li>\n<li>\n<div align=\"left\">o novostih v zakonih in predpisih, ki so vezani na poslovanje malih in srednje velikih podjetij ter<\/div>\n<\/li>\n<li>\n<div align=\"left\">o novih programih, projektih, storitvah in idejah, namenjenih razvoju in internacionalizaciji malih in srednjih podjetij.<\/div>\n<\/li>\n<\/ul>\n<p align=\"justify\">Na tej strani lahko snamete <strong>najnovej\u0161o izdajo<\/strong> Mojega spletnega priro\u010dnika.<\/p>\n<p>Kliknite na povezavo spodaj in shranite datoteko na svoj ra\u010dunalnik. Za branje in tiskanje boste potrebovali Acrobat Reader (to aplikacijo lahko brezpla\u010dno snamete <a href=\"http:\/\/www.adobe.com\/products\/acrobat\/readstep2.html\" target=\"_blank\" rel=\"noopener noreferrer\">tukaj &gt;&gt;<\/a>).<\/p>\n<ul>\n<li><strong><a href=\"http:\/\/www.podjetniski-portal.si\/o-podjetnistvu\/e-publikacije\/moj-spletni-prirocnik\" target=\"_blank\" rel=\"noopener noreferrer\">MOJ SPLETNI PRIRO\u010cNIK<\/a> &#8211; NAJNOVEJ\u0160I<\/strong><\/li>\n<\/ul>\n<p align=\"justify\">Arhiv vseh doslej izdanih \u0161tevilk je na voljo na:<br \/>\n<a href=\"http:\/\/www.podjetniski-portal.si\/o-podjetnistvu\/e-publikacije\/moj-spletni-prirocnik\" target=\"_blank\" rel=\"noopener noreferrer\">http:\/\/www.podjetniski-portal.si\/o-podjetnistvu\/e-publikacije\/moj-spletni-prirocnik<\/a><\/p>\n<p align=\"justify\"><strong>Na brezpla\u010dno tedensko prejemanje<\/strong> biltena &#8220;Moj Spletni Priro\u010dnik&#8221; se lahko naro\u010dite prek email naslova: <a href=\"mailto:info@ora.si\"><strong>info@ora.si<\/strong><\/a><\/p>\n","protected":false},"excerpt":{"rendered":"<p>Informativni bilten Moj spletni priro\u010dnik je namenjen ciljni skupini vseh malih in srednje velikih podjetij, in tedensko prina\u0161a informacije: o teko\u010dih razpisih in virih financiranja, o novostih v zakonih in predpisih, ki so vezani na poslovanje malih in srednje velikih podjetij ter o novih programih, projektih, storitvah in idejah, namenjenih razvoju in internacionalizaciji malih in [&hellip;]<\/p>\n","protected":false},"author":2,"featured_media":0,"parent":0,"menu_order":0,"comment_status":"closed","ping_status":"closed","template":"","meta":{"_genesis_hide_title":false,"_genesis_hide_breadcrumbs":false,"_genesis_hide_singular_image":false,"_genesis_hide_footer_widgets":false,"_genesis_custom_body_class":"","_genesis_custom_post_class":"","_genesis_layout":"content-sidebar","footnotes":""},"class_list":{"0":"post-129","1":"page","2":"type-page","3":"status-publish","5":"entry"},"_links":{"self":[{"href":"https:\/\/www.ora.si\/index.php\/wp-json\/wp\/v2\/pages\/129","targetHints":{"allow":["GET"]}}],"collection":[{"href":"https:\/\/www.ora.si\/index.php\/wp-json\/wp\/v2\/pages"}],"about":[{"href":"https:\/\/www.ora.si\/index.php\/wp-json\/wp\/v2\/types\/page"}],"author":[{"embeddable":true,"href":"https:\/\/www.ora.si\/index.php\/wp-json\/wp\/v2\/users\/2"}],"replies":[{"embeddable":true,"href":"https:\/\/www.ora.si\/index.php\/wp-json\/wp\/v2\/comments?post=129"}],"version-history":[{"count":4,"href":"https:\/\/www.ora.si\/index.php\/wp-json\/wp\/v2\/pages\/129\/revisions"}],"predecessor-version":[{"id":1563,"href":"https:\/\/www.ora.si\/index.php\/wp-json\/wp\/v2\/pages\/129\/revisions\/1563"}],"wp:attachment":[{"href":"https:\/\/www.ora.si\/index.php\/wp-json\/wp\/v2\/media?parent=129"}],"curies":[{"name":"wp","href":"https:\/\/api.w.org\/{rel}","templated":true}]}}