{"id":107,"date":"2016-09-06T08:41:12","date_gmt":"2016-09-06T08:41:12","guid":{"rendered":"http:\/\/www.ora.si\/nova\/?page_id=107"},"modified":"2020-07-24T06:58:40","modified_gmt":"2020-07-24T06:58:40","slug":"nasa-vizija","status":"publish","type":"page","link":"https:\/\/www.ora.si\/index.php\/nasa-vizija\/","title":{"rendered":"Na\u0161a vizija"},"content":{"rendered":"<p>ORA Krasa in Brkinov d.o.o. bo postala klju\u010dna regionalna agencija s povezovalno vlogo za dele\u017enike, ki generirajo razvoj na Krasu in v Brkinih. S svojim strokovnim in trajnostnim ravnanjem bo pritegnila zainteresirane subjekte k sodelovanju in skupaj z njimi bo pripravljala in izvajala multidisciplinarne projekte, ki bodo pripomogli k vi\u0161ji kakovosti \u017eivljenja v regiji in ve\u010djemu zadovoljstvu njenih prebivalcev.<\/p>\n","protected":false},"excerpt":{"rendered":"<p>ORA Krasa in Brkinov d.o.o. bo postala klju\u010dna regionalna agencija s povezovalno vlogo za dele\u017enike, ki generirajo razvoj na Krasu in v Brkinih. S svojim strokovnim in trajnostnim ravnanjem bo pritegnila zainteresirane subjekte k sodelovanju in skupaj z njimi bo pripravljala in izvajala multidisciplinarne projekte, ki bodo pripomogli k vi\u0161ji kakovosti \u017eivljenja v regiji in [&hellip;]<\/p>\n","protected":false},"author":2,"featured_media":0,"parent":0,"menu_order":0,"comment_status":"closed","ping_status":"closed","template":"","meta":{"_genesis_hide_title":false,"_genesis_hide_breadcrumbs":false,"_genesis_hide_singular_image":false,"_genesis_hide_footer_widgets":false,"_genesis_custom_body_class":"","_genesis_custom_post_class":"","_genesis_layout":"content-sidebar","footnotes":""},"class_list":{"0":"post-107","1":"page","2":"type-page","3":"status-publish","5":"entry"},"_links":{"self":[{"href":"https:\/\/www.ora.si\/index.php\/wp-json\/wp\/v2\/pages\/107","targetHints":{"allow":["GET"]}}],"collection":[{"href":"https:\/\/www.ora.si\/index.php\/wp-json\/wp\/v2\/pages"}],"about":[{"href":"https:\/\/www.ora.si\/index.php\/wp-json\/wp\/v2\/types\/page"}],"author":[{"embeddable":true,"href":"https:\/\/www.ora.si\/index.php\/wp-json\/wp\/v2\/users\/2"}],"replies":[{"embeddable":true,"href":"https:\/\/www.ora.si\/index.php\/wp-json\/wp\/v2\/comments?post=107"}],"version-history":[{"count":4,"href":"https:\/\/www.ora.si\/index.php\/wp-json\/wp\/v2\/pages\/107\/revisions"}],"predecessor-version":[{"id":2576,"href":"https:\/\/www.ora.si\/index.php\/wp-json\/wp\/v2\/pages\/107\/revisions\/2576"}],"wp:attachment":[{"href":"https:\/\/www.ora.si\/index.php\/wp-json\/wp\/v2\/media?parent=107"}],"curies":[{"name":"wp","href":"https:\/\/api.w.org\/{rel}","templated":true}]}}