{"id":103,"date":"2016-09-06T08:40:37","date_gmt":"2016-09-06T08:40:37","guid":{"rendered":"http:\/\/www.ora.si\/nova\/?page_id=103"},"modified":"2026-01-05T10:53:00","modified_gmt":"2026-01-05T10:53:00","slug":"kdo-smo","status":"publish","type":"page","link":"https:\/\/www.ora.si\/index.php\/kdo-smo\/","title":{"rendered":"Kdo smo"},"content":{"rendered":"<table style=\"width: 100%; height: 192px;\" border=\"0\">\n<tbody>\n<tr style=\"height: 24px;\">\n<td style=\"height: 24px;\">\u00a0<strong>Ime<\/strong><\/td>\n<td style=\"height: 24px;\">\u00a0Obmo\u010dna razvojna agencija Krasa in Brkinov d.o.o.<\/td>\n<\/tr>\n<tr style=\"height: 24px;\">\n<td style=\"height: 24px;\">\u00a0<strong>Sede\u017e in naslov<\/strong><\/td>\n<td style=\"height: 24px;\">\u00a0Partizanska cesta 4, 6210 Se\u017eana\u00a0<\/td>\n<\/tr>\n<tr style=\"height: 24px;\">\n<td style=\"height: 24px;\">\u00a0<strong>Poslovni prostori<\/strong><\/td>\n<td style=\"height: 24px;\">v prostorih Ob\u010dine Se\u017eana<\/td>\n<\/tr>\n<tr style=\"height: 24px;\">\n<td style=\"height: 24px;\">\u00a0<strong>Telefon<\/strong><\/td>\n<td style=\"height: 24px;\">\u00a000386 (0)5 73 44 362 ( ORA Krasa in Brkinov d.o.o.)<\/td>\n<\/tr>\n<tr>\n<td>\u00a0<\/td>\n<td>00386 (0)51 424 532 (SPOT svetovanje)<\/td>\n<\/tr>\n<tr style=\"height: 24px;\">\n<td style=\"height: 24px;\"><strong>\u00a0<\/strong><\/td>\n<td style=\"height: 24px;\">\u00a000386 0(5) 73 00 258 (LAS Krasa in Brkinov)<\/td>\n<\/tr>\n<tr style=\"height: 24px;\">\n<td style=\"height: 24px;\">\u00a0<strong>Spletni naslov<\/strong><\/td>\n<td style=\"height: 24px;\">\u00a0<a href=\"http:\/\/www.ora.si\" target=\"_blank\" rel=\"noopener noreferrer\">www.ora.si<\/a><\/td>\n<\/tr>\n<tr style=\"height: 24px;\">\n<td style=\"height: 24px;\">\u00a0<strong>E-po\u0161ta<\/strong><\/td>\n<td style=\"height: 24px;\">\u00a0<a href=\"mailto:info@ora.si\">info@ora.si<\/a><\/td>\n<\/tr>\n<\/tbody>\n<\/table>\n<p><strong>ZAPOSLENI:<\/strong><\/p>\n<table style=\"height: 172px; width: 100%;\" border=\"0\" width=\"457\">\n<tbody>\n<tr>\n<td style=\"width: 45.4762%;\">\u00a0Direktor<\/td>\n<td style=\"width: 53.6905%;\">\u00a0dr. Karmen Rodman<\/td>\n<\/tr>\n<tr>\n<td style=\"width: 45.4762%;\">\u00a0Vodja projektov<\/td>\n<td style=\"width: 53.6905%;\">\u00a0Jerneja Modic, univ. dipl.pol.<\/td>\n<\/tr>\n<tr>\n<td style=\"width: 45.4762%;\">\u00a0Vodja projektov<\/td>\n<td style=\"width: 53.6905%;\">\u00a0Maja Colja, dipl. ekon.<\/td>\n<\/tr>\n<tr>\n<td style=\"width: 45.4762%;\">\u00a0Vi\u0161ji svetovalec<\/td>\n<td style=\"width: 53.6905%;\">\u00a0mag. Elena Funa<\/td>\n<\/tr>\n<\/tbody>\n<\/table>\n<table border=\"0\">\n<tbody>\n<tr>\n<td>\n<p><strong>Ob\u010dine ustanoviteljice<\/strong><\/p>\n<p><strong>\u010clani skup\u0161\u010dine<\/strong><\/p>\n<\/td>\n<td>\n<p>\u00a0Diva\u010da, Hrpelje &#8211; Kozina, Se\u017eana, Komen<\/p>\n<p>Nata\u0161a Ger\u017eelj, Peter Bor\u0161i\u0107, Marko Bandelli, Claudio Merslavi\u010d<\/p>\n<\/td>\n<\/tr>\n<\/tbody>\n<\/table>\n<table style=\"width: 100%;\" border=\"0\">\n<tbody>\n<tr>\n<td style=\"width: 30%;\">\u00a0<strong>Mati\u010dna \u0161tevilka<\/strong><\/td>\n<td style=\"width: 68.7931%;\">\u00a02059649000<\/td>\n<\/tr>\n<tr>\n<td style=\"width: 30%;\">\u00a0<strong>ID za DDV<\/strong><\/td>\n<td style=\"width: 68.7931%;\">\u00a0SI 28474066<\/td>\n<\/tr>\n<tr>\n<td style=\"width: 30%;\">\u00a0<strong>SKD<\/strong><\/td>\n<td style=\"width: 68.7931%;\">\u00a070.220 Drugo podjetni\u0161ko in poslovno svetovanje<\/td>\n<\/tr>\n<tr>\n<td style=\"width: 30%;\">\u00a0<strong>Sodi\u0161\u010de vpisa<\/strong><\/td>\n<td style=\"width: 68.7931%;\">\u00a0Okro\u017eno sodi\u0161\u010de v Kopru, \u0161t. reg. vl.: 066\/10703900<\/td>\n<\/tr>\n<tr>\n<td style=\"width: 30%;\">\u00a0<strong>Transakcijski ra\u010dun<\/strong><\/td>\n<td style=\"width: 68.7931%;\">\n<p><strong>ORA Krasa in Brkinov d.o.o.:<\/strong><\/p>\n<p>SI56 1010 0005 0961 273 odprt pri Banka Intesa Sanpaolo d.d.,\u00a0<\/p>\n<p><strong>ORA Krasa in Brkinov d.o.o. &#8211; za <\/strong><strong>LAS Krasa in Brkinov:<\/strong><\/p>\n<p>SI56 6100 0002 5122 280 odprt pri DH d.d.<\/p>\n<p><strong>ORA Krasa in Brkinov d.o.o. &#8211; za turizem:<\/strong><\/p>\n<p>SI56 6100 0002 5122 377 odprt pri DH d.d.\u00a0<\/p>\n<\/td>\n<\/tr>\n<\/tbody>\n<\/table>\n<p><strong><br \/>Dodatne informacije:<\/strong><\/p>\n<p><img loading=\"lazy\" decoding=\"async\" class=\"alignnone wp-image-211\" src=\"https:\/\/www.ora.si\/wp-content\/uploads\/2016\/09\/pdf-e1557923491258.gif\" alt=\"pdf\" width=\"16\" height=\"16\" \/> <a href=\"https:\/\/www.ora.si\/wp-content\/uploads\/2025\/04\/25-03-12-Letno-porocilo-2024-V1-FINAL.pdf\">Poro\u010dilo o delu ORA Krasa in Brkinov za leto 2024<\/a><\/p>\n<p><img loading=\"lazy\" decoding=\"async\" class=\"alignnone wp-image-211\" src=\"https:\/\/www.ora.si\/wp-content\/uploads\/2016\/09\/pdf-e1557923491258.gif\" alt=\"pdf\" width=\"16\" height=\"16\" \/> <a href=\"https:\/\/www.ora.si\/wp-content\/uploads\/2024\/04\/LETNO-POROCILO-2023_ORA-KRASA-IN-BRKINOV_potrjeno_na_skupscini.pdf\">Poro\u010dilo o delu ORA Krasa in Brkinov za leto 2023<\/a><\/p>\n<p><a href=\"https:\/\/www.ora.si\/wp-content\/uploads\/2022\/05\/Letno_porocilo_ORA_-2021_2.pdf\"><img loading=\"lazy\" decoding=\"async\" class=\"alignnone wp-image-211 \" src=\"https:\/\/www.ora.si\/wp-content\/uploads\/2016\/09\/pdf-e1557923491258.gif\" alt=\"pdf\" width=\"16\" height=\"16\" \/><\/a> <a href=\"https:\/\/www.ora.si\/wp-content\/uploads\/2023\/05\/Letno-porocilo_ORA_2023.pdf\">Poro\u010dilo o delu ORA Krasa in Brkinov za leto 2022<\/a><\/p>\n<p><a href=\"https:\/\/www.ora.si\/wp-content\/uploads\/2022\/05\/Letno_porocilo_ORA_-2021_2.pdf\"><img loading=\"lazy\" decoding=\"async\" class=\"alignnone wp-image-211 \" src=\"https:\/\/www.ora.si\/wp-content\/uploads\/2016\/09\/pdf-e1557923491258.gif\" alt=\"pdf\" width=\"16\" height=\"16\" \/> Poro\u010dilo o delu ORA Krasa in Brkinov za leto 2021<\/a><\/p>\n<p><a href=\"https:\/\/www.ora.si\/wp-content\/uploads\/2020\/04\/Letno-poro\u010dilo-ZR-2019-skupno-z-ra\u010d.-poro\u010dilom-za-Svet.pdf\"><img loading=\"lazy\" decoding=\"async\" class=\"alignnone wp-image-211 \" src=\"https:\/\/www.ora.si\/wp-content\/uploads\/2016\/09\/pdf-e1557923491258.gif\" alt=\"pdf\" width=\"16\" height=\"16\" \/><\/a><a href=\"https:\/\/www.ora.si\/wp-content\/uploads\/2021\/07\/Letno-porocilo-ORA-Krasa-in-Brkinov-d-o-o-2020_podpisano.pdf\"> Poro\u010dilo o delu ORA Krasa in Brkinov za leto 2020<\/a><\/p>\n<p><img loading=\"lazy\" decoding=\"async\" class=\"alignnone wp-image-211 \" src=\"https:\/\/www.ora.si\/wp-content\/uploads\/2016\/09\/pdf-e1557923491258.gif\" alt=\"pdf\" width=\"16\" height=\"16\" \/> <a href=\"https:\/\/www.ora.si\/wp-content\/uploads\/2020\/04\/PROGRAM-DELA-ORA-2020-z-RDO.pdf\">Program dela ORA Krasa in Brkinov 2020<\/a><\/p>\n<p><a href=\"https:\/\/www.ora.si\/wp-content\/uploads\/2020\/04\/Letno-poro\u010dilo-ZR-2019-skupno-z-ra\u010d.-poro\u010dilom-za-Svet.pdf\"><img loading=\"lazy\" decoding=\"async\" class=\"alignnone wp-image-211 \" src=\"https:\/\/www.ora.si\/wp-content\/uploads\/2016\/09\/pdf-e1557923491258.gif\" alt=\"pdf\" width=\"16\" height=\"16\" \/> Poro\u010dilo o delu ORA Krasa in Brkinov za leto 2019<\/a><\/p>\n<p><a href=\"https:\/\/www.ora.si\/wp-content\/uploads\/2020\/04\/Program-dela-2019-2020.pdf\"><img loading=\"lazy\" decoding=\"async\" class=\"alignnone wp-image-211 \" src=\"https:\/\/www.ora.si\/wp-content\/uploads\/2016\/09\/pdf-e1557923491258.gif\" alt=\"pdf\" width=\"16\" height=\"16\" \/> Program dela ORA Krasa in Brkinov 2019 &#8211; 2020<\/a><\/p>\n<p><img loading=\"lazy\" decoding=\"async\" class=\"alignnone wp-image-211 \" src=\"https:\/\/www.ora.si\/wp-content\/uploads\/2016\/09\/pdf-e1557923491258.gif\" alt=\"pdf\" width=\"16\" height=\"16\" \/> <a href=\"https:\/\/www.ora.si\/wp-content\/uploads\/2020\/04\/Poro\u010dilo-za-leto-2018.pdf\">Poro\u010dilo o delu ORA Krasa in Brkinov za leto 2018<\/a><\/p>\n<p><a style=\"font-size: inherit;\"><img loading=\"lazy\" decoding=\"async\" class=\"alignnone wp-image-211 \" src=\"https:\/\/www.ora.si\/wp-content\/uploads\/2016\/09\/pdf-e1557923491258.gif\" alt=\"pdf\" width=\"16\" height=\"16\" \/><\/a><a style=\"font-size: inherit;\" href=\"https:\/\/www.ora.si\/wp-content\/uploads\/2018\/04\/Poro\u010dilo-ORE-2017.doc\" target=\"_blank\" rel=\"noopener noreferrer\">Poro\u010dilo ORE 2017<\/a><\/p>\n<p><a><img loading=\"lazy\" decoding=\"async\" class=\"alignnone size-full wp-image-211\" src=\"http:\/\/www.ora.si\/wp-content\/uploads\/2016\/09\/pdf.gif\" alt=\"pdf\" width=\"16\" height=\"16\" \/>\u00a0<\/a><a href=\"https:\/\/www.ora.si\/wp-content\/uploads\/2018\/04\/ORA-povzetek-poro\u010dil-o-delovanju-ORA-2013-2017.docx\" target=\"_blank\" rel=\"noopener noreferrer\">ORA povzetek poro\u010dil o delovanju ORA 2013-2017<\/a><br \/><a><img loading=\"lazy\" decoding=\"async\" class=\"alignnone wp-image-211\" src=\"http:\/\/www.ora.si\/wp-content\/uploads\/2016\/09\/pdf.gif\" alt=\"pdf\" width=\"16\" height=\"16\" \/><\/a>\u00a0<a href=\"https:\/\/www.ora.si\/wp-content\/uploads\/2018\/02\/Program-dela-ORA-2017_2018.pdf\" target=\"_blank\" rel=\"noopener noreferrer\">Program dela ORA 2017-2018<\/a><br \/><a><img loading=\"lazy\" decoding=\"async\" class=\"alignnone wp-image-211\" src=\"http:\/\/www.ora.si\/wp-content\/uploads\/2016\/09\/pdf.gif\" alt=\"pdf\" width=\"16\" height=\"16\" \/> <\/a><a href=\"http:\/\/www.ora.si\/wp-content\/uploads\/2016\/09\/Program_dela_ORA_2015-2016.pdf\" target=\"_blank\" rel=\"noopener noreferrer\">Program dela ORA 2015-2016<br \/><\/a><a><img loading=\"lazy\" decoding=\"async\" class=\"alignnone size-full wp-image-211\" src=\"http:\/\/www.ora.si\/wp-content\/uploads\/2016\/09\/pdf.gif\" alt=\"pdf\" width=\"16\" height=\"16\" \/><\/a>\u00a0<a href=\"http:\/\/www.ora.si\/wp-content\/uploads\/2016\/09\/ProgramdelaORA2011-20.10.2010.pdf\" target=\"_blank\" rel=\"noopener noreferrer\">Program dela ORA 2011 &#8211; 20. 10. 2010<br \/><\/a><a><img loading=\"lazy\" decoding=\"async\" class=\"alignnone size-full wp-image-211\" src=\"http:\/\/www.ora.si\/wp-content\/uploads\/2016\/09\/pdf.gif\" alt=\"pdf\" width=\"16\" height=\"16\" \/><\/a>\u00a0<a href=\"http:\/\/www.ora.si\/wp-content\/uploads\/2016\/09\/ProgramdelaORA2012.pdf\" target=\"_blank\" rel=\"noopener noreferrer\">Program dela ORA 2012<\/a><br \/><a><img loading=\"lazy\" decoding=\"async\" class=\"alignnone wp-image-211 size-full\" src=\"http:\/\/www.ora.si\/wp-content\/uploads\/2016\/09\/pdf.gif\" alt=\"pdf\" width=\"16\" height=\"16\" \/><\/a>\u00a0<a href=\"http:\/\/www.ora.si\/wp-content\/uploads\/2016\/09\/Program_dela_ORA_2009_2010.pdf\" target=\"_blank\" rel=\"noopener noreferrer\">Program dela ORA 2009-2010<\/a><br \/><a><img loading=\"lazy\" decoding=\"async\" class=\"alignnone size-full wp-image-211\" src=\"http:\/\/www.ora.si\/wp-content\/uploads\/2016\/09\/pdf.gif\" alt=\"pdf\" width=\"16\" height=\"16\" \/>\u00a0<\/a><a href=\"http:\/\/www.ora.si\/wp-content\/uploads\/2016\/09\/porocilo_2008_-za_splet.pdf\" target=\"_blank\" rel=\"noopener noreferrer\">Poro\u010dilo 2008 &#8211; za splet<\/a><br \/><a><img loading=\"lazy\" decoding=\"async\" class=\"alignnone size-full wp-image-211\" src=\"http:\/\/www.ora.si\/wp-content\/uploads\/2016\/09\/pdf.gif\" alt=\"pdf\" width=\"16\" height=\"16\" \/><\/a>\u00a0<a href=\"http:\/\/www.ora.si\/wp-content\/uploads\/2016\/09\/ORA_program_dela_2007.pdf\" target=\"_blank\" rel=\"noopener noreferrer\">ORA program dela 2007<\/a><br \/><a><img loading=\"lazy\" decoding=\"async\" class=\"alignnone size-full wp-image-211\" src=\"http:\/\/www.ora.si\/wp-content\/uploads\/2016\/09\/pdf.gif\" alt=\"pdf\" width=\"16\" height=\"16\" \/><\/a>\u00a0<a href=\"http:\/\/www.ora.si\/wp-content\/uploads\/2016\/09\/Porocilo_2006.pdf\" target=\"_blank\" rel=\"noopener noreferrer\">Poro\u010dilo 2006<\/a><br \/><a><img loading=\"lazy\" decoding=\"async\" class=\"alignnone size-full wp-image-211\" src=\"http:\/\/www.ora.si\/wp-content\/uploads\/2016\/09\/pdf.gif\" alt=\"pdf\" width=\"16\" height=\"16\" \/><\/a>\u00a0<a href=\"http:\/\/www.ora.si\/wp-content\/uploads\/2016\/09\/katalog_info_ora.pdf\" target=\"_blank\" rel=\"noopener noreferrer\">Katalog info ORA<\/a><br \/><a><img loading=\"lazy\" decoding=\"async\" class=\"alignnone size-full wp-image-211\" src=\"http:\/\/www.ora.si\/wp-content\/uploads\/2016\/09\/pdf.gif\" alt=\"pdf\" width=\"16\" height=\"16\" \/><\/a>\u00a0<a href=\"http:\/\/www.ora.si\/wp-content\/uploads\/2016\/09\/Odlok_o_ustanovitvi.pdf\" target=\"_blank\" rel=\"noopener noreferrer\">Odlok o ustanovitvi<\/a><br \/><a><img loading=\"lazy\" decoding=\"async\" class=\"alignnone size-full wp-image-211\" src=\"http:\/\/www.ora.si\/wp-content\/uploads\/2016\/09\/pdf.gif\" alt=\"pdf\" width=\"16\" height=\"16\" \/><\/a>\u00a0<a href=\"http:\/\/www.ora.si\/wp-content\/uploads\/2016\/09\/Statut.pdf\" target=\"_blank\" rel=\"noopener noreferrer\">Statut<\/a><br \/><a><img loading=\"lazy\" decoding=\"async\" class=\"alignnone size-full wp-image-211\" src=\"http:\/\/www.ora.si\/wp-content\/uploads\/2016\/09\/pdf.gif\" alt=\"pdf\" width=\"16\" height=\"16\" \/><\/a>\u00a0<a href=\"http:\/\/www.ora.si\/wp-content\/uploads\/2016\/09\/ORA_program_dela_2006.pdf\" target=\"_blank\" rel=\"noopener noreferrer\">ORA program dela 2006<\/a><br \/><a><img loading=\"lazy\" decoding=\"async\" class=\"alignnone size-full wp-image-211\" src=\"http:\/\/www.ora.si\/wp-content\/uploads\/2016\/09\/pdf.gif\" alt=\"pdf\" width=\"16\" height=\"16\" \/><\/a>\u00a0<a href=\"http:\/\/www.ora.si\/wp-content\/uploads\/2016\/09\/Porocilo_o-delu_ORA_2005.pdf\" target=\"_blank\" rel=\"noopener noreferrer\">Poro\u010dilo o delu ORA 2005<\/a><br \/><a><img loading=\"lazy\" decoding=\"async\" class=\"alignnone size-full wp-image-211\" src=\"http:\/\/www.ora.si\/wp-content\/uploads\/2016\/09\/pdf.gif\" alt=\"pdf\" width=\"16\" height=\"16\" \/><\/a>\u00a0<a href=\"http:\/\/www.ora.si\/wp-content\/uploads\/2016\/09\/ProgramdelaORA2011-20.10.2010.pdf\" target=\"_blank\" rel=\"noopener noreferrer\">Program dela ORA 2011<\/a><\/p>\n\n\n<p><\/p>\n","protected":false},"excerpt":{"rendered":"<p>\u00a0Ime \u00a0Obmo\u010dna razvojna agencija Krasa in Brkinov d.o.o. \u00a0Sede\u017e in naslov \u00a0Partizanska cesta 4, 6210 Se\u017eana\u00a0 \u00a0Poslovni prostori v prostorih Ob\u010dine Se\u017eana \u00a0Telefon \u00a000386 (0)5 73 44 362 ( ORA Krasa in Brkinov d.o.o.) \u00a0 00386 (0)51 424 532 (SPOT svetovanje) \u00a0 \u00a000386 0(5) 73 00 258 (LAS Krasa in Brkinov) \u00a0Spletni naslov \u00a0www.ora.si \u00a0E-po\u0161ta [&hellip;]<\/p>\n","protected":false},"author":2,"featured_media":0,"parent":0,"menu_order":0,"comment_status":"closed","ping_status":"closed","template":"","meta":{"_genesis_hide_title":false,"_genesis_hide_breadcrumbs":false,"_genesis_hide_singular_image":false,"_genesis_hide_footer_widgets":false,"_genesis_custom_body_class":"","_genesis_custom_post_class":"","_genesis_layout":"content-sidebar","footnotes":""},"class_list":{"0":"post-103","1":"page","2":"type-page","3":"status-publish","5":"entry"},"_links":{"self":[{"href":"https:\/\/www.ora.si\/index.php\/wp-json\/wp\/v2\/pages\/103","targetHints":{"allow":["GET"]}}],"collection":[{"href":"https:\/\/www.ora.si\/index.php\/wp-json\/wp\/v2\/pages"}],"about":[{"href":"https:\/\/www.ora.si\/index.php\/wp-json\/wp\/v2\/types\/page"}],"author":[{"embeddable":true,"href":"https:\/\/www.ora.si\/index.php\/wp-json\/wp\/v2\/users\/2"}],"replies":[{"embeddable":true,"href":"https:\/\/www.ora.si\/index.php\/wp-json\/wp\/v2\/comments?post=103"}],"version-history":[{"count":76,"href":"https:\/\/www.ora.si\/index.php\/wp-json\/wp\/v2\/pages\/103\/revisions"}],"predecessor-version":[{"id":4115,"href":"https:\/\/www.ora.si\/index.php\/wp-json\/wp\/v2\/pages\/103\/revisions\/4115"}],"wp:attachment":[{"href":"https:\/\/www.ora.si\/index.php\/wp-json\/wp\/v2\/media?parent=103"}],"curies":[{"name":"wp","href":"https:\/\/api.w.org\/{rel}","templated":true}]}}